{"id":1158,"date":"2025-10-20T13:37:13","date_gmt":"2025-10-20T16:37:13","guid":{"rendered":"https:\/\/cersulpetshop.com.br\/produtos\/?post_type=product&#038;p=1158"},"modified":"2025-10-20T13:37:14","modified_gmt":"2025-10-20T16:37:14","slug":"defenza-45-10kg","status":"publish","type":"product","link":"https:\/\/cersulpetshop.com.br\/produtos\/?product=defenza-45-10kg","title":{"rendered":"DEFENZA 4,5-10KG"},"content":{"rendered":"<p>Defenza \u00e9 um antiparasit\u00e1rio para c\u00e3es, de uso oral, que protege contra pulgas, carrapatos, sarnas e bicho-de-p\u00e9 (Tunga penetrans). Funciona como um tratamento sist\u00eamico, com dura\u00e7\u00e3o de at\u00e9 37 dias, e \u00e9 administrado na forma de um petisco saboroso e n\u00e3o perde a efic\u00e1cia no banho.<\/p>\n","protected":false},"excerpt":{"rendered":"<p>Defenza \u00e9 um antiparasit\u00e1rio para c\u00e3es, de uso oral, que protege contra pulgas, carrapatos, sarnas e bicho-de-p\u00e9 (Tunga penetrans). Funciona como um tratamento sist\u00eamico, com dura\u00e7\u00e3o de at\u00e9 37 dias, e \u00e9 administrado na forma de um petisco saboroso e n\u00e3o perde a efic\u00e1cia no banho.<\/p>\n","protected":false},"featured_media":1159,"comment_status":"open","ping_status":"closed","template":"","meta":[],"product_brand":[],"product_cat":[107,104],"product_tag":[],"class_list":{"0":"post-1158","1":"product","2":"type-product","3":"status-publish","4":"has-post-thumbnail","6":"product_cat-antipulbas-anticarrapatos","7":"product_cat-medicamentos","9":"first","10":"instock","11":"shipping-taxable","12":"purchasable","13":"product-type-simple"},"_links":{"self":[{"href":"https:\/\/cersulpetshop.com.br\/produtos\/index.php?rest_route=\/wp\/v2\/product\/1158","targetHints":{"allow":["GET"]}}],"collection":[{"href":"https:\/\/cersulpetshop.com.br\/produtos\/index.php?rest_route=\/wp\/v2\/product"}],"about":[{"href":"https:\/\/cersulpetshop.com.br\/produtos\/index.php?rest_route=\/wp\/v2\/types\/product"}],"replies":[{"embeddable":true,"href":"https:\/\/cersulpetshop.com.br\/produtos\/index.php?rest_route=%2Fwp%2Fv2%2Fcomments&post=1158"}],"wp:featuredmedia":[{"embeddable":true,"href":"https:\/\/cersulpetshop.com.br\/produtos\/index.php?rest_route=\/wp\/v2\/media\/1159"}],"wp:attachment":[{"href":"https:\/\/cersulpetshop.com.br\/produtos\/index.php?rest_route=%2Fwp%2Fv2%2Fmedia&parent=1158"}],"wp:term":[{"taxonomy":"product_brand","embeddable":true,"href":"https:\/\/cersulpetshop.com.br\/produtos\/index.php?rest_route=%2Fwp%2Fv2%2Fproduct_brand&post=1158"},{"taxonomy":"product_cat","embeddable":true,"href":"https:\/\/cersulpetshop.com.br\/produtos\/index.php?rest_route=%2Fwp%2Fv2%2Fproduct_cat&post=1158"},{"taxonomy":"product_tag","embeddable":true,"href":"https:\/\/cersulpetshop.com.br\/produtos\/index.php?rest_route=%2Fwp%2Fv2%2Fproduct_tag&post=1158"}],"curies":[{"name":"wp","href":"https:\/\/api.w.org\/{rel}","templated":true}]}}