{"id":1268,"date":"2026-04-10T10:26:21","date_gmt":"2026-04-10T13:26:21","guid":{"rendered":"https:\/\/cersulpetshop.com.br\/produtos\/?post_type=product&#038;p=1268"},"modified":"2026-04-16T10:13:22","modified_gmt":"2026-04-16T13:13:22","slug":"racao-pro-perty-frango-15kg","status":"publish","type":"product","link":"https:\/\/cersulpetshop.com.br\/produtos\/?product=racao-pro-perty-frango-15kg","title":{"rendered":"PRO PERTY 15KG"},"content":{"rendered":"<p>Os pequenos membros da fam\u00edlia tamb\u00e9m merecem o melhor em termos de nutri\u00e7\u00e3o. ProPerty\u00ae Premium Ra\u00e7as Pequenas foi desenvolvido com carinho para atender \u00e0s necessidades espec\u00edficas desses pets. Com sua f\u00f3rmula rica em nutrientes essenciais para o desenvolvimento do seu pet, garantimos que eles recebam a aten\u00e7\u00e3o e nutri\u00e7\u00e3o que merecem para uma vida vibrante e cheia de energia.<\/p>\n","protected":false},"excerpt":{"rendered":"<p>Os pequenos membros da fam\u00edlia tamb\u00e9m merecem o melhor em termos de nutri\u00e7\u00e3o. ProPerty\u00ae Premium Ra\u00e7as Pequenas foi desenvolvido com carinho para atender \u00e0s necessidades espec\u00edficas desses pets. Com sua f\u00f3rmula rica em nutrientes essenciais para o desenvolvimento do seu pet, garantimos que eles recebam a aten\u00e7\u00e3o e nutri\u00e7\u00e3o que merecem para uma vida vibrante [&hellip;]<\/p>\n","protected":false},"featured_media":1269,"comment_status":"open","ping_status":"closed","template":"","meta":[],"product_brand":[],"product_cat":[80,71],"product_tag":[16],"class_list":{"0":"post-1268","1":"product","2":"type-product","3":"status-publish","4":"has-post-thumbnail","6":"product_cat-caes-racas-pequenas","7":"product_cat-racoes-caes","8":"product_tag-racao","10":"first","11":"instock","12":"shipping-taxable","13":"purchasable","14":"product-type-simple"},"_links":{"self":[{"href":"https:\/\/cersulpetshop.com.br\/produtos\/index.php?rest_route=\/wp\/v2\/product\/1268","targetHints":{"allow":["GET"]}}],"collection":[{"href":"https:\/\/cersulpetshop.com.br\/produtos\/index.php?rest_route=\/wp\/v2\/product"}],"about":[{"href":"https:\/\/cersulpetshop.com.br\/produtos\/index.php?rest_route=\/wp\/v2\/types\/product"}],"replies":[{"embeddable":true,"href":"https:\/\/cersulpetshop.com.br\/produtos\/index.php?rest_route=%2Fwp%2Fv2%2Fcomments&post=1268"}],"wp:featuredmedia":[{"embeddable":true,"href":"https:\/\/cersulpetshop.com.br\/produtos\/index.php?rest_route=\/wp\/v2\/media\/1269"}],"wp:attachment":[{"href":"https:\/\/cersulpetshop.com.br\/produtos\/index.php?rest_route=%2Fwp%2Fv2%2Fmedia&parent=1268"}],"wp:term":[{"taxonomy":"product_brand","embeddable":true,"href":"https:\/\/cersulpetshop.com.br\/produtos\/index.php?rest_route=%2Fwp%2Fv2%2Fproduct_brand&post=1268"},{"taxonomy":"product_cat","embeddable":true,"href":"https:\/\/cersulpetshop.com.br\/produtos\/index.php?rest_route=%2Fwp%2Fv2%2Fproduct_cat&post=1268"},{"taxonomy":"product_tag","embeddable":true,"href":"https:\/\/cersulpetshop.com.br\/produtos\/index.php?rest_route=%2Fwp%2Fv2%2Fproduct_tag&post=1268"}],"curies":[{"name":"wp","href":"https:\/\/api.w.org\/{rel}","templated":true}]}}