{"id":1270,"date":"2026-04-10T10:29:17","date_gmt":"2026-04-10T13:29:17","guid":{"rendered":"https:\/\/cersulpetshop.com.br\/produtos\/?post_type=product&#038;p=1270"},"modified":"2026-04-16T09:50:17","modified_gmt":"2026-04-16T12:50:17","slug":"racao-pro-perty-carne-15kg","status":"publish","type":"product","link":"https:\/\/cersulpetshop.com.br\/produtos\/?product=racao-pro-perty-carne-15kg","title":{"rendered":"PRO PERTY CARNE 15KG"},"content":{"rendered":"<p>Para os amigos de quatro patas das ra\u00e7as m\u00e9dias e grandes, ProPerty\u00ae Premium C\u00e3es Adultos \u00e9 a escolha perfeita. Com uma f\u00f3rmula equilibrada e pensada especificamente para atender \u00e0s necessidades desses peludos, proporciona atrav\u00e9s de seus nutrientes de alta qualidade o alimento ideal para uma nutri\u00e7\u00e3o completa para seu pet, oferecendo o melhor para que eles vivam uma vida ativa e feliz.<\/p>\n","protected":false},"excerpt":{"rendered":"<p>Para os amigos de quatro patas das ra\u00e7as m\u00e9dias e grandes, ProPerty\u00ae Premium C\u00e3es Adultos \u00e9 a escolha perfeita. Com uma f\u00f3rmula equilibrada e pensada especificamente para atender \u00e0s necessidades desses peludos, proporciona atrav\u00e9s de seus nutrientes de alta qualidade o alimento ideal para uma nutri\u00e7\u00e3o completa para seu pet, oferecendo o melhor para que [&hellip;]<\/p>\n","protected":false},"featured_media":1271,"comment_status":"open","ping_status":"closed","template":"","meta":[],"product_brand":[],"product_cat":[79,71],"product_tag":[16],"class_list":{"0":"post-1270","1":"product","2":"type-product","3":"status-publish","4":"has-post-thumbnail","6":"product_cat-caes-racas-medias-grande","7":"product_cat-racoes-caes","8":"product_tag-racao","10":"first","11":"instock","12":"shipping-taxable","13":"purchasable","14":"product-type-simple"},"_links":{"self":[{"href":"https:\/\/cersulpetshop.com.br\/produtos\/index.php?rest_route=\/wp\/v2\/product\/1270","targetHints":{"allow":["GET"]}}],"collection":[{"href":"https:\/\/cersulpetshop.com.br\/produtos\/index.php?rest_route=\/wp\/v2\/product"}],"about":[{"href":"https:\/\/cersulpetshop.com.br\/produtos\/index.php?rest_route=\/wp\/v2\/types\/product"}],"replies":[{"embeddable":true,"href":"https:\/\/cersulpetshop.com.br\/produtos\/index.php?rest_route=%2Fwp%2Fv2%2Fcomments&post=1270"}],"wp:featuredmedia":[{"embeddable":true,"href":"https:\/\/cersulpetshop.com.br\/produtos\/index.php?rest_route=\/wp\/v2\/media\/1271"}],"wp:attachment":[{"href":"https:\/\/cersulpetshop.com.br\/produtos\/index.php?rest_route=%2Fwp%2Fv2%2Fmedia&parent=1270"}],"wp:term":[{"taxonomy":"product_brand","embeddable":true,"href":"https:\/\/cersulpetshop.com.br\/produtos\/index.php?rest_route=%2Fwp%2Fv2%2Fproduct_brand&post=1270"},{"taxonomy":"product_cat","embeddable":true,"href":"https:\/\/cersulpetshop.com.br\/produtos\/index.php?rest_route=%2Fwp%2Fv2%2Fproduct_cat&post=1270"},{"taxonomy":"product_tag","embeddable":true,"href":"https:\/\/cersulpetshop.com.br\/produtos\/index.php?rest_route=%2Fwp%2Fv2%2Fproduct_tag&post=1270"}],"curies":[{"name":"wp","href":"https:\/\/api.w.org\/{rel}","templated":true}]}}