{"id":132,"date":"2025-05-22T10:35:15","date_gmt":"2025-05-22T13:35:15","guid":{"rendered":"https:\/\/cersulpetshop.com.br\/produtos\/?post_type=product&#038;p=132"},"modified":"2026-04-16T11:07:46","modified_gmt":"2026-04-16T14:07:46","slug":"racao-golden-special-15kg","status":"publish","type":"product","link":"https:\/\/cersulpetshop.com.br\/produtos\/?product=racao-golden-special-15kg","title":{"rendered":"GOLDEN C\u00c3ES ADULTO SPECIAL 15KG"},"content":{"rendered":"<p><strong>Ra\u00e7\u00e3o Golden Special para C\u00e3es Adultos Frango e Carne<\/strong><br \/>\n\u00c9\u00a0um alimento Premium Especial formulado a partir dos mais modernos conceitos em nutri\u00e7\u00e3o.<\/p>\n<p>Golden Special C\u00e3es Adultos \u00e9 um alimento completo e balanceado que proporciona aos c\u00e3es adultos o n\u00edvel ideal de todos os ingredientes que eles necessitam para uma vida longa e saud\u00e1vel.<\/p>\n<p>Golden Special utiliza somente prote\u00edna de origem animal, para c\u00e3es mais fortes e saud\u00e1veis, sendo indicado para c\u00e3es adultos de todas as ra\u00e7as.<\/p>\n","protected":false},"excerpt":{"rendered":"<p>Ra\u00e7\u00e3o Golden Special para C\u00e3es Adultos Frango e Carne \u00c9\u00a0um alimento Premium Especial formulado a partir dos mais modernos conceitos em nutri\u00e7\u00e3o. Golden Special C\u00e3es Adultos \u00e9 um alimento completo e balanceado que proporciona aos c\u00e3es adultos o n\u00edvel ideal de todos os ingredientes que eles necessitam para uma vida longa e saud\u00e1vel. Golden Special [&hellip;]<\/p>\n","protected":false},"featured_media":133,"comment_status":"open","ping_status":"closed","template":"","meta":[],"product_brand":[43],"product_cat":[79,71],"product_tag":[36,40,16],"class_list":{"0":"post-132","1":"product","2":"type-product","3":"status-publish","4":"has-post-thumbnail","6":"product_brand-golden","7":"product_cat-caes-racas-medias-grande","8":"product_cat-racoes-caes","9":"product_tag-15kg","10":"product_tag-caes","11":"product_tag-racao","13":"first","14":"instock","15":"shipping-taxable","16":"purchasable","17":"product-type-simple"},"_links":{"self":[{"href":"https:\/\/cersulpetshop.com.br\/produtos\/index.php?rest_route=\/wp\/v2\/product\/132","targetHints":{"allow":["GET"]}}],"collection":[{"href":"https:\/\/cersulpetshop.com.br\/produtos\/index.php?rest_route=\/wp\/v2\/product"}],"about":[{"href":"https:\/\/cersulpetshop.com.br\/produtos\/index.php?rest_route=\/wp\/v2\/types\/product"}],"replies":[{"embeddable":true,"href":"https:\/\/cersulpetshop.com.br\/produtos\/index.php?rest_route=%2Fwp%2Fv2%2Fcomments&post=132"}],"wp:featuredmedia":[{"embeddable":true,"href":"https:\/\/cersulpetshop.com.br\/produtos\/index.php?rest_route=\/wp\/v2\/media\/133"}],"wp:attachment":[{"href":"https:\/\/cersulpetshop.com.br\/produtos\/index.php?rest_route=%2Fwp%2Fv2%2Fmedia&parent=132"}],"wp:term":[{"taxonomy":"product_brand","embeddable":true,"href":"https:\/\/cersulpetshop.com.br\/produtos\/index.php?rest_route=%2Fwp%2Fv2%2Fproduct_brand&post=132"},{"taxonomy":"product_cat","embeddable":true,"href":"https:\/\/cersulpetshop.com.br\/produtos\/index.php?rest_route=%2Fwp%2Fv2%2Fproduct_cat&post=132"},{"taxonomy":"product_tag","embeddable":true,"href":"https:\/\/cersulpetshop.com.br\/produtos\/index.php?rest_route=%2Fwp%2Fv2%2Fproduct_tag&post=132"}],"curies":[{"name":"wp","href":"https:\/\/api.w.org\/{rel}","templated":true}]}}