{"id":135,"date":"2025-05-22T10:42:08","date_gmt":"2025-05-22T13:42:08","guid":{"rendered":"https:\/\/cersulpetshop.com.br\/produtos\/?post_type=product&#038;p=135"},"modified":"2026-04-16T11:06:45","modified_gmt":"2026-04-16T14:06:45","slug":"racao-special-dog-carne-20kg","status":"publish","type":"product","link":"https:\/\/cersulpetshop.com.br\/produtos\/?product=racao-special-dog-carne-20kg","title":{"rendered":"SPECIAL DOG ADULTO CARNE 20 KG"},"content":{"rendered":"<p><strong>Ra\u00e7\u00e3o Special Dog C\u00e3es<\/strong>\u00a0\u00e9 um alimento Premium ideal para c\u00e3es adultos, pois cont\u00e9m \u00f4megas 3 e 6 para uma pele protegida e pelos mais bonitos.<\/p>\n<p>Favorece o equil\u00edbrio para o bem-estar di\u00e1rio, cont\u00e9m 21% de prote\u00ednas e com isso trazendo mais qualidade de vida para o pet.<\/p>\n<p>Enriquecido com vitaminas proporcionando uma sa\u00fade melhor para o pet.<\/p>\n<p><strong>Ingredientes<\/strong><br \/>\nFarinha de v\u00edsceras de frango, farinha de carne e ossos, milho integral mo\u00eddo*, sorgo integral mo\u00eddo, farelo de soja*, farelo de trigo, gordura de frango, \u00f3leo de peixe, farelo de arroz, casca de aveia, hidrolisado de f\u00edgado de frango e su\u00edno, cloreto de s\u00f3dio (sal comum), vitamina A, vitamina D3, vitamina E, vitamina K3, vitamina B1, vitamina B2, vitamina B6, vitamina B12, vitamina C, niacina, cloreto de colina, \u00e1cido pantot\u00eanico, \u00e1cido f\u00f3lico, biotina, iodato de c\u00e1lcio, sulfato de cobre, sulfato de ferro, levedura enriquecida com sel\u00eanio, proteinato de mangan\u00eas, proteinato de zinco, propionato de c\u00e1lcio, sorbato de pot\u00e1ssio, parede celular de levedura, acidificante, antioxidantes (BHA e BHT).<\/p>\n","protected":false},"excerpt":{"rendered":"<p>Ra\u00e7\u00e3o Special Dog C\u00e3es\u00a0\u00e9 um alimento Premium ideal para c\u00e3es adultos, pois cont\u00e9m \u00f4megas 3 e 6 para uma pele protegida e pelos mais bonitos. Favorece o equil\u00edbrio para o bem-estar di\u00e1rio, cont\u00e9m 21% de prote\u00ednas e com isso trazendo mais qualidade de vida para o pet. Enriquecido com vitaminas proporcionando uma sa\u00fade melhor para [&hellip;]<\/p>\n","protected":false},"featured_media":136,"comment_status":"open","ping_status":"closed","template":"","meta":[],"product_brand":[44],"product_cat":[79,71],"product_tag":[37,40,16],"class_list":{"0":"post-135","1":"product","2":"type-product","3":"status-publish","4":"has-post-thumbnail","6":"product_brand-special-dog","7":"product_cat-caes-racas-medias-grande","8":"product_cat-racoes-caes","9":"product_tag-20kg","10":"product_tag-caes","11":"product_tag-racao","13":"first","14":"instock","15":"shipping-taxable","16":"purchasable","17":"product-type-simple"},"_links":{"self":[{"href":"https:\/\/cersulpetshop.com.br\/produtos\/index.php?rest_route=\/wp\/v2\/product\/135","targetHints":{"allow":["GET"]}}],"collection":[{"href":"https:\/\/cersulpetshop.com.br\/produtos\/index.php?rest_route=\/wp\/v2\/product"}],"about":[{"href":"https:\/\/cersulpetshop.com.br\/produtos\/index.php?rest_route=\/wp\/v2\/types\/product"}],"replies":[{"embeddable":true,"href":"https:\/\/cersulpetshop.com.br\/produtos\/index.php?rest_route=%2Fwp%2Fv2%2Fcomments&post=135"}],"wp:featuredmedia":[{"embeddable":true,"href":"https:\/\/cersulpetshop.com.br\/produtos\/index.php?rest_route=\/wp\/v2\/media\/136"}],"wp:attachment":[{"href":"https:\/\/cersulpetshop.com.br\/produtos\/index.php?rest_route=%2Fwp%2Fv2%2Fmedia&parent=135"}],"wp:term":[{"taxonomy":"product_brand","embeddable":true,"href":"https:\/\/cersulpetshop.com.br\/produtos\/index.php?rest_route=%2Fwp%2Fv2%2Fproduct_brand&post=135"},{"taxonomy":"product_cat","embeddable":true,"href":"https:\/\/cersulpetshop.com.br\/produtos\/index.php?rest_route=%2Fwp%2Fv2%2Fproduct_cat&post=135"},{"taxonomy":"product_tag","embeddable":true,"href":"https:\/\/cersulpetshop.com.br\/produtos\/index.php?rest_route=%2Fwp%2Fv2%2Fproduct_tag&post=135"}],"curies":[{"name":"wp","href":"https:\/\/api.w.org\/{rel}","templated":true}]}}