{"id":139,"date":"2025-05-22T10:52:47","date_gmt":"2025-05-22T13:52:47","guid":{"rendered":"https:\/\/cersulpetshop.com.br\/produtos\/?post_type=product&#038;p=139"},"modified":"2026-04-16T11:06:52","modified_gmt":"2026-04-16T14:06:52","slug":"racao-special-dog-vegetais-20kg","status":"publish","type":"product","link":"https:\/\/cersulpetshop.com.br\/produtos\/?product=racao-special-dog-vegetais-20kg","title":{"rendered":"SPECIAL DOG VEGETAIS 20KG"},"content":{"rendered":"<h3><strong>Composi\u00e7\u00e3o B\u00e1sica<\/strong><\/h3>\n<p>Farinha de Arroz, Milho Integral Mo\u00eddo*, Gl\u00faten de Milho 60 (Protenose)*, Farelo de Soja*, Farinha de V\u00edsceras de Aves, Farinha de Carne Bovina, Farelo de Trigo, \u00d3leo de Frango, Palatabilizante, Levedura Seca de Cervejaria, Farelo de Arroz, \u00d3leo de Peixe Refinado (1%), Premix de Vitam\u00ednico e Mineral, Cloreto de S\u00f3dio (Sal Comum), Fosfato Bic\u00e1lcico, Propionato de C\u00e1lcio, Extrato de Yucca (0,025%), Cloreto de Colina, Lisina, Espinafre Desidratado, Cenoura Desidratada, Corantes, Antioxidantes, Vitamina A\/D3.\u00a0<em>*A. tumefaciens.<\/em><\/p>\n<h3><strong>Recomenda\u00e7\u00f5es<\/strong><\/h3>\n<p>&gt; Mantenha sempre um recipiente com \u00e1gua limpa e fresca \u00e0 disposi\u00e7\u00e3o de seu c\u00e3o.<br \/>\n&gt; Conserve sempre limpa a vasilha onde Special Dog Vegetais ser\u00e1 servido.<br \/>\n&gt; Leve seu c\u00e3o ao veterin\u00e1rio regularmente.<br \/>\n&gt; Special Dog Vegetais deve ser mantido em local fresco, arejado, seco e devidamente embalado.<br \/>\n&gt; Toda mudan\u00e7a na alimenta\u00e7\u00e3o de seu c\u00e3o deve ser feita gradualmente.<\/p>\n","protected":false},"excerpt":{"rendered":"<p>Composi\u00e7\u00e3o B\u00e1sica Farinha de Arroz, Milho Integral Mo\u00eddo*, Gl\u00faten de Milho 60 (Protenose)*, Farelo de Soja*, Farinha de V\u00edsceras de Aves, Farinha de Carne Bovina, Farelo de Trigo, \u00d3leo de Frango, Palatabilizante, Levedura Seca de Cervejaria, Farelo de Arroz, \u00d3leo de Peixe Refinado (1%), Premix de Vitam\u00ednico e Mineral, Cloreto de S\u00f3dio (Sal Comum), Fosfato [&hellip;]<\/p>\n","protected":false},"featured_media":335,"comment_status":"open","ping_status":"closed","template":"","meta":[],"product_brand":[44],"product_cat":[79,71],"product_tag":[37,40,16],"class_list":{"0":"post-139","1":"product","2":"type-product","3":"status-publish","4":"has-post-thumbnail","6":"product_brand-special-dog","7":"product_cat-caes-racas-medias-grande","8":"product_cat-racoes-caes","9":"product_tag-20kg","10":"product_tag-caes","11":"product_tag-racao","13":"first","14":"instock","15":"shipping-taxable","16":"purchasable","17":"product-type-simple"},"_links":{"self":[{"href":"https:\/\/cersulpetshop.com.br\/produtos\/index.php?rest_route=\/wp\/v2\/product\/139","targetHints":{"allow":["GET"]}}],"collection":[{"href":"https:\/\/cersulpetshop.com.br\/produtos\/index.php?rest_route=\/wp\/v2\/product"}],"about":[{"href":"https:\/\/cersulpetshop.com.br\/produtos\/index.php?rest_route=\/wp\/v2\/types\/product"}],"replies":[{"embeddable":true,"href":"https:\/\/cersulpetshop.com.br\/produtos\/index.php?rest_route=%2Fwp%2Fv2%2Fcomments&post=139"}],"wp:featuredmedia":[{"embeddable":true,"href":"https:\/\/cersulpetshop.com.br\/produtos\/index.php?rest_route=\/wp\/v2\/media\/335"}],"wp:attachment":[{"href":"https:\/\/cersulpetshop.com.br\/produtos\/index.php?rest_route=%2Fwp%2Fv2%2Fmedia&parent=139"}],"wp:term":[{"taxonomy":"product_brand","embeddable":true,"href":"https:\/\/cersulpetshop.com.br\/produtos\/index.php?rest_route=%2Fwp%2Fv2%2Fproduct_brand&post=139"},{"taxonomy":"product_cat","embeddable":true,"href":"https:\/\/cersulpetshop.com.br\/produtos\/index.php?rest_route=%2Fwp%2Fv2%2Fproduct_cat&post=139"},{"taxonomy":"product_tag","embeddable":true,"href":"https:\/\/cersulpetshop.com.br\/produtos\/index.php?rest_route=%2Fwp%2Fv2%2Fproduct_tag&post=139"}],"curies":[{"name":"wp","href":"https:\/\/api.w.org\/{rel}","templated":true}]}}