{"id":159,"date":"2025-05-22T11:51:33","date_gmt":"2025-05-22T14:51:33","guid":{"rendered":"https:\/\/cersulpetshop.com.br\/produtos\/?post_type=product&#038;p=159"},"modified":"2026-04-16T10:05:58","modified_gmt":"2026-04-16T13:05:58","slug":"racao-premier-racas-grande-carne-15kg","status":"publish","type":"product","link":"https:\/\/cersulpetshop.com.br\/produtos\/?product=racao-premier-racas-grande-carne-15kg","title":{"rendered":"PREMIER F\u00d3RMULA C\u00c3ES ADULTO GRANDE E GIGANTE CARNE 15 KG"},"content":{"rendered":"<div class=\"styles__TextInfoContent-sc-1qkvy0f-1 iXFCSC\">\n<p class=\"subtitle-md\">Informa\u00e7\u00f5es<\/p>\n<\/div>\n<div class=\"styles__ProductInformations-sc-1qkvy0f-2 cPWkQg\">\n<ul>\n<li>Sem corantes e aromatizantes artificiais;<\/li>\n<li>Com altos n\u00edveis de taurina;<\/li>\n<li>Ajuda a preservar a fun\u00e7\u00e3o card\u00edaca;<\/li>\n<li>Auxiliam na manuten\u00e7\u00e3o das articula\u00e7\u00f5es;<\/li>\n<li>Elaborado com ingredientes que facilitam a digest\u00e3o.<\/li>\n<\/ul>\n<\/div>\n","protected":false},"excerpt":{"rendered":"<p>Informa\u00e7\u00f5es Sem corantes e aromatizantes artificiais; Com altos n\u00edveis de taurina; Ajuda a preservar a fun\u00e7\u00e3o card\u00edaca; Auxiliam na manuten\u00e7\u00e3o das articula\u00e7\u00f5es; Elaborado com ingredientes que facilitam a digest\u00e3o.<\/p>\n","protected":false},"featured_media":160,"comment_status":"open","ping_status":"closed","template":"","meta":[],"product_brand":[52],"product_cat":[79,71],"product_tag":[36,40,16],"class_list":{"0":"post-159","1":"product","2":"type-product","3":"status-publish","4":"has-post-thumbnail","6":"product_brand-premier","7":"product_cat-caes-racas-medias-grande","8":"product_cat-racoes-caes","9":"product_tag-15kg","10":"product_tag-caes","11":"product_tag-racao","13":"first","14":"instock","15":"shipping-taxable","16":"purchasable","17":"product-type-simple"},"_links":{"self":[{"href":"https:\/\/cersulpetshop.com.br\/produtos\/index.php?rest_route=\/wp\/v2\/product\/159","targetHints":{"allow":["GET"]}}],"collection":[{"href":"https:\/\/cersulpetshop.com.br\/produtos\/index.php?rest_route=\/wp\/v2\/product"}],"about":[{"href":"https:\/\/cersulpetshop.com.br\/produtos\/index.php?rest_route=\/wp\/v2\/types\/product"}],"replies":[{"embeddable":true,"href":"https:\/\/cersulpetshop.com.br\/produtos\/index.php?rest_route=%2Fwp%2Fv2%2Fcomments&post=159"}],"wp:featuredmedia":[{"embeddable":true,"href":"https:\/\/cersulpetshop.com.br\/produtos\/index.php?rest_route=\/wp\/v2\/media\/160"}],"wp:attachment":[{"href":"https:\/\/cersulpetshop.com.br\/produtos\/index.php?rest_route=%2Fwp%2Fv2%2Fmedia&parent=159"}],"wp:term":[{"taxonomy":"product_brand","embeddable":true,"href":"https:\/\/cersulpetshop.com.br\/produtos\/index.php?rest_route=%2Fwp%2Fv2%2Fproduct_brand&post=159"},{"taxonomy":"product_cat","embeddable":true,"href":"https:\/\/cersulpetshop.com.br\/produtos\/index.php?rest_route=%2Fwp%2Fv2%2Fproduct_cat&post=159"},{"taxonomy":"product_tag","embeddable":true,"href":"https:\/\/cersulpetshop.com.br\/produtos\/index.php?rest_route=%2Fwp%2Fv2%2Fproduct_tag&post=159"}],"curies":[{"name":"wp","href":"https:\/\/api.w.org\/{rel}","templated":true}]}}