{"id":169,"date":"2025-05-22T12:07:04","date_gmt":"2025-05-22T15:07:04","guid":{"rendered":"https:\/\/cersulpetshop.com.br\/produtos\/?post_type=product&#038;p=169"},"modified":"2026-04-16T11:18:24","modified_gmt":"2026-04-16T14:18:24","slug":"racao-premier-ambiente-interno-senior-12kg","status":"publish","type":"product","link":"https:\/\/cersulpetshop.com.br\/produtos\/?product=racao-premier-ambiente-interno-senior-12kg","title":{"rendered":"PREMIER AMBIENTE INTERNO SENIOR 12KG"},"content":{"rendered":"<div class=\"styles__TextInfoContent-sc-1qkvy0f-1 iXFCSC\">\n<p class=\"subtitle-md\">Informa\u00e7\u00f5es<\/p>\n<\/div>\n<div class=\"styles__ProductInformations-sc-1qkvy0f-2 cPWkQg\">\n<ul>\n<li>Envelhecimento saud\u00e1vel;<\/li>\n<li>Baixo teor de s\u00f3dio;<\/li>\n<li>Possui fun\u00e7\u00e3o antit\u00e1rtaro;<\/li>\n<li>Manuten\u00e7\u00e3o e sa\u00fade das articula\u00e7\u00f5es;<\/li>\n<li>Redu\u00e7\u00e3o do odor das fezes.<\/li>\n<\/ul>\n<\/div>\n","protected":false},"excerpt":{"rendered":"<p>Informa\u00e7\u00f5es Envelhecimento saud\u00e1vel; Baixo teor de s\u00f3dio; Possui fun\u00e7\u00e3o antit\u00e1rtaro; Manuten\u00e7\u00e3o e sa\u00fade das articula\u00e7\u00f5es; Redu\u00e7\u00e3o do odor das fezes.<\/p>\n","protected":false},"featured_media":170,"comment_status":"open","ping_status":"closed","template":"","meta":[],"product_brand":[52],"product_cat":[80,71],"product_tag":[35,40,16],"class_list":{"0":"post-169","1":"product","2":"type-product","3":"status-publish","4":"has-post-thumbnail","6":"product_brand-premier","7":"product_cat-caes-racas-pequenas","8":"product_cat-racoes-caes","9":"product_tag-12kg","10":"product_tag-caes","11":"product_tag-racao","13":"first","14":"instock","15":"shipping-taxable","16":"purchasable","17":"product-type-simple"},"_links":{"self":[{"href":"https:\/\/cersulpetshop.com.br\/produtos\/index.php?rest_route=\/wp\/v2\/product\/169","targetHints":{"allow":["GET"]}}],"collection":[{"href":"https:\/\/cersulpetshop.com.br\/produtos\/index.php?rest_route=\/wp\/v2\/product"}],"about":[{"href":"https:\/\/cersulpetshop.com.br\/produtos\/index.php?rest_route=\/wp\/v2\/types\/product"}],"replies":[{"embeddable":true,"href":"https:\/\/cersulpetshop.com.br\/produtos\/index.php?rest_route=%2Fwp%2Fv2%2Fcomments&post=169"}],"wp:featuredmedia":[{"embeddable":true,"href":"https:\/\/cersulpetshop.com.br\/produtos\/index.php?rest_route=\/wp\/v2\/media\/170"}],"wp:attachment":[{"href":"https:\/\/cersulpetshop.com.br\/produtos\/index.php?rest_route=%2Fwp%2Fv2%2Fmedia&parent=169"}],"wp:term":[{"taxonomy":"product_brand","embeddable":true,"href":"https:\/\/cersulpetshop.com.br\/produtos\/index.php?rest_route=%2Fwp%2Fv2%2Fproduct_brand&post=169"},{"taxonomy":"product_cat","embeddable":true,"href":"https:\/\/cersulpetshop.com.br\/produtos\/index.php?rest_route=%2Fwp%2Fv2%2Fproduct_cat&post=169"},{"taxonomy":"product_tag","embeddable":true,"href":"https:\/\/cersulpetshop.com.br\/produtos\/index.php?rest_route=%2Fwp%2Fv2%2Fproduct_tag&post=169"}],"curies":[{"name":"wp","href":"https:\/\/api.w.org\/{rel}","templated":true}]}}