{"id":171,"date":"2025-05-22T12:11:45","date_gmt":"2025-05-22T15:11:45","guid":{"rendered":"https:\/\/cersulpetshop.com.br\/produtos\/?post_type=product&#038;p=171"},"modified":"2025-07-11T10:13:15","modified_gmt":"2025-07-11T13:13:15","slug":"racao-golden-senior-101-kg","status":"publish","type":"product","link":"https:\/\/cersulpetshop.com.br\/produtos\/?product=racao-golden-senior-101-kg","title":{"rendered":"RA\u00c7\u00c3O GOLDEN SENIOR 10,1 KG"},"content":{"rendered":"<p>Alimento especialmente desenvolvido para c\u00e3es adultos de pequeno porte com mais de 7 anos de idade em manuten\u00e7\u00e3o. Alimento completo, balanceado e rico em nutrientes.<\/p>\n<p><strong>COMPOSI\u00c7\u00c3O B\u00c1SICA:<\/strong><\/p>\n<p>Farinha de v\u00edsceras de frango, prote\u00edna isolada de su\u00edno, milho integral mo\u00eddo*, quirera de arroz, polpa de beterraba, farelo de arroz desengordurado, fibra de cana-de-a\u00e7\u00facar, gordura de frango, semente de linha\u00e7a, hidrolisado de su\u00edno e frango, \u00e1cido propi\u00f4nico, antioxidantes BHA e BHT, cloreto de pot\u00e1ssio, cloreto de s\u00f3dio, extrato de yucca (0,04%), hexametafosfato de s\u00f3dio (0,1%), levedura seca de cana-de-a\u00e7\u00facar, bentonita, mananoligossacar\u00eddeos, sulfato de condroitina, sulfato de glicosamina, vitamina A, vitamina B12, vitamina C, vitamina D3, vitamina E, vitamina K3, \u00e1cido f\u00f3lico, \u00e1cido pantot\u00eanico, biotina, cloreto de colina, niacina, piridoxina, riboflavina, tiamina, iodeto de pot\u00e1ssio, sel\u00eanio metionina, sulfato de cobre, sulfato de ferro, sulfato de mangan\u00eas, sulfato de zinco.<br \/>\n*Cont\u00e9m milho transg\u00eanico (esp\u00e9cies doadoras de gene: Bacillus thuringiensis, Agrobacterium tumefaciens, Streptomyces viridochromogenes, Zea mays).<\/p>\n","protected":false},"excerpt":{"rendered":"<p>Alimento especialmente desenvolvido para c\u00e3es adultos de pequeno porte com mais de 7 anos de idade em manuten\u00e7\u00e3o. Alimento completo, balanceado e rico em nutrientes. COMPOSI\u00c7\u00c3O B\u00c1SICA: Farinha de v\u00edsceras de frango, prote\u00edna isolada de su\u00edno, milho integral mo\u00eddo*, quirera de arroz, polpa de beterraba, farelo de arroz desengordurado, fibra de cana-de-a\u00e7\u00facar, gordura de frango, [&hellip;]<\/p>\n","protected":false},"featured_media":172,"comment_status":"open","ping_status":"closed","template":"","meta":[],"product_brand":[43],"product_cat":[80,71],"product_tag":[49,50,40,16],"class_list":{"0":"post-171","1":"product","2":"type-product","3":"status-publish","4":"has-post-thumbnail","6":"product_brand-golden","7":"product_cat-caes-racas-pequenas","8":"product_cat-racoes-caes","9":"product_tag-49","10":"product_tag-1kg","11":"product_tag-caes","12":"product_tag-racao","14":"first","15":"instock","16":"shipping-taxable","17":"purchasable","18":"product-type-simple"},"_links":{"self":[{"href":"https:\/\/cersulpetshop.com.br\/produtos\/index.php?rest_route=\/wp\/v2\/product\/171","targetHints":{"allow":["GET"]}}],"collection":[{"href":"https:\/\/cersulpetshop.com.br\/produtos\/index.php?rest_route=\/wp\/v2\/product"}],"about":[{"href":"https:\/\/cersulpetshop.com.br\/produtos\/index.php?rest_route=\/wp\/v2\/types\/product"}],"replies":[{"embeddable":true,"href":"https:\/\/cersulpetshop.com.br\/produtos\/index.php?rest_route=%2Fwp%2Fv2%2Fcomments&post=171"}],"wp:featuredmedia":[{"embeddable":true,"href":"https:\/\/cersulpetshop.com.br\/produtos\/index.php?rest_route=\/wp\/v2\/media\/172"}],"wp:attachment":[{"href":"https:\/\/cersulpetshop.com.br\/produtos\/index.php?rest_route=%2Fwp%2Fv2%2Fmedia&parent=171"}],"wp:term":[{"taxonomy":"product_brand","embeddable":true,"href":"https:\/\/cersulpetshop.com.br\/produtos\/index.php?rest_route=%2Fwp%2Fv2%2Fproduct_brand&post=171"},{"taxonomy":"product_cat","embeddable":true,"href":"https:\/\/cersulpetshop.com.br\/produtos\/index.php?rest_route=%2Fwp%2Fv2%2Fproduct_cat&post=171"},{"taxonomy":"product_tag","embeddable":true,"href":"https:\/\/cersulpetshop.com.br\/produtos\/index.php?rest_route=%2Fwp%2Fv2%2Fproduct_tag&post=171"}],"curies":[{"name":"wp","href":"https:\/\/api.w.org\/{rel}","templated":true}]}}