{"id":184,"date":"2025-05-22T12:30:11","date_gmt":"2025-05-22T15:30:11","guid":{"rendered":"https:\/\/cersulpetshop.com.br\/produtos\/?post_type=product&#038;p=184"},"modified":"2026-04-16T11:25:59","modified_gmt":"2026-04-16T14:25:59","slug":"racao-zuppy-20kg","status":"publish","type":"product","link":"https:\/\/cersulpetshop.com.br\/produtos\/?product=racao-zuppy-20kg","title":{"rendered":"ZUPPY ADULTO PORTE PEQUENO 20KG"},"content":{"rendered":"<p>&#8211; Com prebi\u00f3tico, probi\u00f3tico e fibras vegetais para melhor fluxo intestinal;<br \/>\n&#8211; Cont\u00e9m extrato de yucca, auxilia na redu\u00e7\u00e3o do volume e odor das fezes;<br \/>\n&#8211; Alimento de f\u00e1cil digest\u00e3o feito com L-carnitina para melhor queima de gordura;<br \/>\n&#8211; F\u00f3rmula com condroitina e clucosamina, auxilia na manuten\u00e7\u00e3o das articula\u00e7\u00f5es;<br \/>\n&#8211; Possui hexametafosfato de s\u00f3dio, combate a forma\u00e7\u00e3o de placa bacteriana e t\u00e1rtaro.<\/p>\n","protected":false},"excerpt":{"rendered":"<p>&#8211; Com prebi\u00f3tico, probi\u00f3tico e fibras vegetais para melhor fluxo intestinal; &#8211; Cont\u00e9m extrato de yucca, auxilia na redu\u00e7\u00e3o do volume e odor das fezes; &#8211; Alimento de f\u00e1cil digest\u00e3o feito com L-carnitina para melhor queima de gordura; &#8211; F\u00f3rmula com condroitina e clucosamina, auxilia na manuten\u00e7\u00e3o das articula\u00e7\u00f5es; &#8211; Possui hexametafosfato de s\u00f3dio, combate [&hellip;]<\/p>\n","protected":false},"featured_media":185,"comment_status":"open","ping_status":"closed","template":"","meta":[],"product_brand":[56],"product_cat":[80,71],"product_tag":[37,40,16],"class_list":{"0":"post-184","1":"product","2":"type-product","3":"status-publish","4":"has-post-thumbnail","6":"product_brand-zuppy","7":"product_cat-caes-racas-pequenas","8":"product_cat-racoes-caes","9":"product_tag-20kg","10":"product_tag-caes","11":"product_tag-racao","13":"first","14":"instock","15":"shipping-taxable","16":"purchasable","17":"product-type-simple"},"_links":{"self":[{"href":"https:\/\/cersulpetshop.com.br\/produtos\/index.php?rest_route=\/wp\/v2\/product\/184","targetHints":{"allow":["GET"]}}],"collection":[{"href":"https:\/\/cersulpetshop.com.br\/produtos\/index.php?rest_route=\/wp\/v2\/product"}],"about":[{"href":"https:\/\/cersulpetshop.com.br\/produtos\/index.php?rest_route=\/wp\/v2\/types\/product"}],"replies":[{"embeddable":true,"href":"https:\/\/cersulpetshop.com.br\/produtos\/index.php?rest_route=%2Fwp%2Fv2%2Fcomments&post=184"}],"wp:featuredmedia":[{"embeddable":true,"href":"https:\/\/cersulpetshop.com.br\/produtos\/index.php?rest_route=\/wp\/v2\/media\/185"}],"wp:attachment":[{"href":"https:\/\/cersulpetshop.com.br\/produtos\/index.php?rest_route=%2Fwp%2Fv2%2Fmedia&parent=184"}],"wp:term":[{"taxonomy":"product_brand","embeddable":true,"href":"https:\/\/cersulpetshop.com.br\/produtos\/index.php?rest_route=%2Fwp%2Fv2%2Fproduct_brand&post=184"},{"taxonomy":"product_cat","embeddable":true,"href":"https:\/\/cersulpetshop.com.br\/produtos\/index.php?rest_route=%2Fwp%2Fv2%2Fproduct_cat&post=184"},{"taxonomy":"product_tag","embeddable":true,"href":"https:\/\/cersulpetshop.com.br\/produtos\/index.php?rest_route=%2Fwp%2Fv2%2Fproduct_tag&post=184"}],"curies":[{"name":"wp","href":"https:\/\/api.w.org\/{rel}","templated":true}]}}