{"id":186,"date":"2025-05-22T12:32:57","date_gmt":"2025-05-22T15:32:57","guid":{"rendered":"https:\/\/cersulpetshop.com.br\/produtos\/?post_type=product&#038;p=186"},"modified":"2026-04-16T11:24:58","modified_gmt":"2026-04-16T14:24:58","slug":"racao-special-dog-ultralife-20kg","status":"publish","type":"product","link":"https:\/\/cersulpetshop.com.br\/produtos\/?product=racao-special-dog-ultralife-20kg","title":{"rendered":"RA\u00c7\u00c3O SPECIAL DOG ULTRALIFE RA\u00c7AS PEQUENAS 20KG"},"content":{"rendered":"<p>Se busca por um alimento que tem \u00d4megas 3 e 6, Zinco, Extrato de Yucca e outros diversos benef\u00edcios, saiba que voc\u00ea encontra isso na ra\u00e7\u00e3o Special Dog! Seus componentes ajudam o pet a ter a pele e pelagem mais saud\u00e1vel e brilhante, al\u00e9m de auxiliarem na redu\u00e7\u00e3o dos odores das fezes e fortalecimento da sa\u00fade. Al\u00e9m disso, a Special Dog tem 32% de prote\u00ednas em sua composi\u00e7\u00e3o. Ou seja, s\u00e3o motivos de sobra para dar essa alimenta\u00e7\u00e3o para o pet!<\/p>\n","protected":false},"excerpt":{"rendered":"<p>Se busca por um alimento que tem \u00d4megas 3 e 6, Zinco, Extrato de Yucca e outros diversos benef\u00edcios, saiba que voc\u00ea encontra isso na ra\u00e7\u00e3o Special Dog! Seus componentes ajudam o pet a ter a pele e pelagem mais saud\u00e1vel e brilhante, al\u00e9m de auxiliarem na redu\u00e7\u00e3o dos odores das fezes e fortalecimento da [&hellip;]<\/p>\n","protected":false},"featured_media":721,"comment_status":"open","ping_status":"closed","template":"","meta":[],"product_brand":[44],"product_cat":[80,71],"product_tag":[37,40,16],"class_list":{"0":"post-186","1":"product","2":"type-product","3":"status-publish","4":"has-post-thumbnail","6":"product_brand-special-dog","7":"product_cat-caes-racas-pequenas","8":"product_cat-racoes-caes","9":"product_tag-20kg","10":"product_tag-caes","11":"product_tag-racao","13":"first","14":"instock","15":"shipping-taxable","16":"purchasable","17":"product-type-simple"},"_links":{"self":[{"href":"https:\/\/cersulpetshop.com.br\/produtos\/index.php?rest_route=\/wp\/v2\/product\/186","targetHints":{"allow":["GET"]}}],"collection":[{"href":"https:\/\/cersulpetshop.com.br\/produtos\/index.php?rest_route=\/wp\/v2\/product"}],"about":[{"href":"https:\/\/cersulpetshop.com.br\/produtos\/index.php?rest_route=\/wp\/v2\/types\/product"}],"replies":[{"embeddable":true,"href":"https:\/\/cersulpetshop.com.br\/produtos\/index.php?rest_route=%2Fwp%2Fv2%2Fcomments&post=186"}],"wp:featuredmedia":[{"embeddable":true,"href":"https:\/\/cersulpetshop.com.br\/produtos\/index.php?rest_route=\/wp\/v2\/media\/721"}],"wp:attachment":[{"href":"https:\/\/cersulpetshop.com.br\/produtos\/index.php?rest_route=%2Fwp%2Fv2%2Fmedia&parent=186"}],"wp:term":[{"taxonomy":"product_brand","embeddable":true,"href":"https:\/\/cersulpetshop.com.br\/produtos\/index.php?rest_route=%2Fwp%2Fv2%2Fproduct_brand&post=186"},{"taxonomy":"product_cat","embeddable":true,"href":"https:\/\/cersulpetshop.com.br\/produtos\/index.php?rest_route=%2Fwp%2Fv2%2Fproduct_cat&post=186"},{"taxonomy":"product_tag","embeddable":true,"href":"https:\/\/cersulpetshop.com.br\/produtos\/index.php?rest_route=%2Fwp%2Fv2%2Fproduct_tag&post=186"}],"curies":[{"name":"wp","href":"https:\/\/api.w.org\/{rel}","templated":true}]}}