{"id":188,"date":"2025-05-22T12:37:35","date_gmt":"2025-05-22T15:37:35","guid":{"rendered":"https:\/\/cersulpetshop.com.br\/produtos\/?post_type=product&#038;p=188"},"modified":"2026-04-16T10:54:17","modified_gmt":"2026-04-16T13:54:17","slug":"racao-gran-plus-15kg","status":"publish","type":"product","link":"https:\/\/cersulpetshop.com.br\/produtos\/?product=racao-gran-plus-15kg","title":{"rendered":"GRAN PLUS 15KG"},"content":{"rendered":"<p>&#8211; Promove a sa\u00fade intestinal, com polpa de beterraba, prebi\u00f3tico MOS e Extrato de Yucca;<br \/>\n&#8211; Excelente absor\u00e7\u00e3o de prote\u00ednas: Ingredientes selecionados com melhor aproveitamento;<br \/>\n&#8211; Mini part\u00edcula adaptada: tamanho ideal que facilita a mastiga\u00e7\u00e3o e preens\u00e3o do alimento;<br \/>\n&#8211; \u00d3timo funcionamento do organismo, rica em \u00f4mega 3 (EPA &amp; DHA): nutrientes essenciais;<br \/>\n&#8211; Com ingredientes de alta qualidade que proporcionam uma experi\u00eancia de sabor para c\u00e3es mini com paladares exigentes<\/p>\n","protected":false},"excerpt":{"rendered":"<p>&#8211; Promove a sa\u00fade intestinal, com polpa de beterraba, prebi\u00f3tico MOS e Extrato de Yucca; &#8211; Excelente absor\u00e7\u00e3o de prote\u00ednas: Ingredientes selecionados com melhor aproveitamento; &#8211; Mini part\u00edcula adaptada: tamanho ideal que facilita a mastiga\u00e7\u00e3o e preens\u00e3o do alimento; &#8211; \u00d3timo funcionamento do organismo, rica em \u00f4mega 3 (EPA &amp; DHA): nutrientes essenciais; &#8211; Com [&hellip;]<\/p>\n","protected":false},"featured_media":189,"comment_status":"open","ping_status":"closed","template":"","meta":[],"product_brand":[57],"product_cat":[80,71],"product_tag":[36,40,16],"class_list":{"0":"post-188","1":"product","2":"type-product","3":"status-publish","4":"has-post-thumbnail","6":"product_brand-gran-plus","7":"product_cat-caes-racas-pequenas","8":"product_cat-racoes-caes","9":"product_tag-15kg","10":"product_tag-caes","11":"product_tag-racao","13":"first","14":"instock","15":"shipping-taxable","16":"purchasable","17":"product-type-simple"},"_links":{"self":[{"href":"https:\/\/cersulpetshop.com.br\/produtos\/index.php?rest_route=\/wp\/v2\/product\/188","targetHints":{"allow":["GET"]}}],"collection":[{"href":"https:\/\/cersulpetshop.com.br\/produtos\/index.php?rest_route=\/wp\/v2\/product"}],"about":[{"href":"https:\/\/cersulpetshop.com.br\/produtos\/index.php?rest_route=\/wp\/v2\/types\/product"}],"replies":[{"embeddable":true,"href":"https:\/\/cersulpetshop.com.br\/produtos\/index.php?rest_route=%2Fwp%2Fv2%2Fcomments&post=188"}],"wp:featuredmedia":[{"embeddable":true,"href":"https:\/\/cersulpetshop.com.br\/produtos\/index.php?rest_route=\/wp\/v2\/media\/189"}],"wp:attachment":[{"href":"https:\/\/cersulpetshop.com.br\/produtos\/index.php?rest_route=%2Fwp%2Fv2%2Fmedia&parent=188"}],"wp:term":[{"taxonomy":"product_brand","embeddable":true,"href":"https:\/\/cersulpetshop.com.br\/produtos\/index.php?rest_route=%2Fwp%2Fv2%2Fproduct_brand&post=188"},{"taxonomy":"product_cat","embeddable":true,"href":"https:\/\/cersulpetshop.com.br\/produtos\/index.php?rest_route=%2Fwp%2Fv2%2Fproduct_cat&post=188"},{"taxonomy":"product_tag","embeddable":true,"href":"https:\/\/cersulpetshop.com.br\/produtos\/index.php?rest_route=%2Fwp%2Fv2%2Fproduct_tag&post=188"}],"curies":[{"name":"wp","href":"https:\/\/api.w.org\/{rel}","templated":true}]}}