{"id":201,"date":"2025-05-22T12:53:48","date_gmt":"2025-05-22T15:53:48","guid":{"rendered":"https:\/\/cersulpetshop.com.br\/produtos\/?post_type=product&#038;p=201"},"modified":"2026-04-16T11:14:17","modified_gmt":"2026-04-16T14:14:17","slug":"racao-premier-bulldog-frances-7-5kg","status":"publish","type":"product","link":"https:\/\/cersulpetshop.com.br\/produtos\/?product=racao-premier-bulldog-frances-7-5kg","title":{"rendered":"PREMIER BULLDOG FRANC\u00caS ADULTO 7.5KG"},"content":{"rendered":"<p>&#8211; Complexo sa\u00fade articular:associa\u00e7\u00e3o exclusiva de B-Glucano purificado, EPA, DHA, condroitina e glicosamina;<br \/>\n&#8211; Sa\u00fade oral: cont\u00e9m hexametafosfato de s\u00f3dio, importante ingrediente para a preven\u00e7\u00e3o da forma\u00e7\u00e3o do c\u00e1lculo dental;<br \/>\n&#8211; Nutri\u00e7\u00e3o espec\u00edfica: gr\u00e3o em formato especial, redu\u00e7\u00e3o da flatul\u00eancia com combina\u00e7\u00e3o exclusiva de prote\u00ednas e fibras, pelagem bonita e pele saud\u00e1vel atrav\u00e9s de \u00e1cidos graxos essenciais \u00f4mega 3 e 6, biotina e zinco.<\/p>\n","protected":false},"excerpt":{"rendered":"<p>&#8211; Complexo sa\u00fade articular:associa\u00e7\u00e3o exclusiva de B-Glucano purificado, EPA, DHA, condroitina e glicosamina; &#8211; Sa\u00fade oral: cont\u00e9m hexametafosfato de s\u00f3dio, importante ingrediente para a preven\u00e7\u00e3o da forma\u00e7\u00e3o do c\u00e1lculo dental; &#8211; Nutri\u00e7\u00e3o espec\u00edfica: gr\u00e3o em formato especial, redu\u00e7\u00e3o da flatul\u00eancia com combina\u00e7\u00e3o exclusiva de prote\u00ednas e fibras, pelagem bonita e pele saud\u00e1vel atrav\u00e9s de \u00e1cidos [&hellip;]<\/p>\n","protected":false},"featured_media":202,"comment_status":"open","ping_status":"closed","template":"","meta":[],"product_brand":[52],"product_cat":[80,71],"product_tag":[58,40,16],"class_list":{"0":"post-201","1":"product","2":"type-product","3":"status-publish","4":"has-post-thumbnail","6":"product_brand-premier","7":"product_cat-caes-racas-pequenas","8":"product_cat-racoes-caes","9":"product_tag-7-5kg","10":"product_tag-caes","11":"product_tag-racao","13":"first","14":"instock","15":"shipping-taxable","16":"purchasable","17":"product-type-simple"},"_links":{"self":[{"href":"https:\/\/cersulpetshop.com.br\/produtos\/index.php?rest_route=\/wp\/v2\/product\/201","targetHints":{"allow":["GET"]}}],"collection":[{"href":"https:\/\/cersulpetshop.com.br\/produtos\/index.php?rest_route=\/wp\/v2\/product"}],"about":[{"href":"https:\/\/cersulpetshop.com.br\/produtos\/index.php?rest_route=\/wp\/v2\/types\/product"}],"replies":[{"embeddable":true,"href":"https:\/\/cersulpetshop.com.br\/produtos\/index.php?rest_route=%2Fwp%2Fv2%2Fcomments&post=201"}],"wp:featuredmedia":[{"embeddable":true,"href":"https:\/\/cersulpetshop.com.br\/produtos\/index.php?rest_route=\/wp\/v2\/media\/202"}],"wp:attachment":[{"href":"https:\/\/cersulpetshop.com.br\/produtos\/index.php?rest_route=%2Fwp%2Fv2%2Fmedia&parent=201"}],"wp:term":[{"taxonomy":"product_brand","embeddable":true,"href":"https:\/\/cersulpetshop.com.br\/produtos\/index.php?rest_route=%2Fwp%2Fv2%2Fproduct_brand&post=201"},{"taxonomy":"product_cat","embeddable":true,"href":"https:\/\/cersulpetshop.com.br\/produtos\/index.php?rest_route=%2Fwp%2Fv2%2Fproduct_cat&post=201"},{"taxonomy":"product_tag","embeddable":true,"href":"https:\/\/cersulpetshop.com.br\/produtos\/index.php?rest_route=%2Fwp%2Fv2%2Fproduct_tag&post=201"}],"curies":[{"name":"wp","href":"https:\/\/api.w.org\/{rel}","templated":true}]}}