{"id":205,"date":"2025-05-22T12:58:06","date_gmt":"2025-05-22T15:58:06","guid":{"rendered":"https:\/\/cersulpetshop.com.br\/produtos\/?post_type=product&#038;p=205"},"modified":"2026-04-16T11:13:28","modified_gmt":"2026-04-16T14:13:28","slug":"racao-premier-buldog-ingles-12kg","status":"publish","type":"product","link":"https:\/\/cersulpetshop.com.br\/produtos\/?product=racao-premier-buldog-ingles-12kg","title":{"rendered":"PREMIER BULLDOG INGL\u00caS 12KG"},"content":{"rendered":"<p>&#8211; Indicada para c\u00e3es da ra\u00e7a bulldog ingl\u00eas;<br \/>\n&#8211; Nutri\u00e7\u00e3o espec\u00edfica;<br \/>\n&#8211; Gr\u00e3o em formato especial para c\u00e3es da ra\u00e7a bulldog;<br \/>\n&#8211; Manuten\u00e7\u00e3o da massa muscular atrav\u00e9s de prote\u00ednas de alta qualidade;<br \/>\n&#8211; Pelagem bonita e pele saud\u00e1vel atrav\u00e9s de \u00e1cidos graxos essenciais \u00f4megas 3 e 6, biotina e zinco;<br \/>\n&#8211; Complexo sa\u00fade articular, associa\u00e7\u00e3o exclusiva de \u00df-glucano purificado, EPA, DHA, condroitina e glicosamina;<br \/>\n&#8211; Sa\u00fade intestinal, atrav\u00e9s da combina\u00e7\u00e3o de ingredientes de alta digestibilidade, fibras especiais e prebi\u00f3ticos;<br \/>\n&#8211; Dispon\u00edvel em embalagem de 12 kg.<\/p>\n","protected":false},"excerpt":{"rendered":"<p>&#8211; Indicada para c\u00e3es da ra\u00e7a bulldog ingl\u00eas; &#8211; Nutri\u00e7\u00e3o espec\u00edfica; &#8211; Gr\u00e3o em formato especial para c\u00e3es da ra\u00e7a bulldog; &#8211; Manuten\u00e7\u00e3o da massa muscular atrav\u00e9s de prote\u00ednas de alta qualidade; &#8211; Pelagem bonita e pele saud\u00e1vel atrav\u00e9s de \u00e1cidos graxos essenciais \u00f4megas 3 e 6, biotina e zinco; &#8211; Complexo sa\u00fade articular, associa\u00e7\u00e3o [&hellip;]<\/p>\n","protected":false},"featured_media":206,"comment_status":"open","ping_status":"closed","template":"","meta":[],"product_brand":[52],"product_cat":[80,71],"product_tag":[35,40,16],"class_list":{"0":"post-205","1":"product","2":"type-product","3":"status-publish","4":"has-post-thumbnail","6":"product_brand-premier","7":"product_cat-caes-racas-pequenas","8":"product_cat-racoes-caes","9":"product_tag-12kg","10":"product_tag-caes","11":"product_tag-racao","13":"first","14":"instock","15":"shipping-taxable","16":"purchasable","17":"product-type-simple"},"_links":{"self":[{"href":"https:\/\/cersulpetshop.com.br\/produtos\/index.php?rest_route=\/wp\/v2\/product\/205","targetHints":{"allow":["GET"]}}],"collection":[{"href":"https:\/\/cersulpetshop.com.br\/produtos\/index.php?rest_route=\/wp\/v2\/product"}],"about":[{"href":"https:\/\/cersulpetshop.com.br\/produtos\/index.php?rest_route=\/wp\/v2\/types\/product"}],"replies":[{"embeddable":true,"href":"https:\/\/cersulpetshop.com.br\/produtos\/index.php?rest_route=%2Fwp%2Fv2%2Fcomments&post=205"}],"wp:featuredmedia":[{"embeddable":true,"href":"https:\/\/cersulpetshop.com.br\/produtos\/index.php?rest_route=\/wp\/v2\/media\/206"}],"wp:attachment":[{"href":"https:\/\/cersulpetshop.com.br\/produtos\/index.php?rest_route=%2Fwp%2Fv2%2Fmedia&parent=205"}],"wp:term":[{"taxonomy":"product_brand","embeddable":true,"href":"https:\/\/cersulpetshop.com.br\/produtos\/index.php?rest_route=%2Fwp%2Fv2%2Fproduct_brand&post=205"},{"taxonomy":"product_cat","embeddable":true,"href":"https:\/\/cersulpetshop.com.br\/produtos\/index.php?rest_route=%2Fwp%2Fv2%2Fproduct_cat&post=205"},{"taxonomy":"product_tag","embeddable":true,"href":"https:\/\/cersulpetshop.com.br\/produtos\/index.php?rest_route=%2Fwp%2Fv2%2Fproduct_tag&post=205"}],"curies":[{"name":"wp","href":"https:\/\/api.w.org\/{rel}","templated":true}]}}