{"id":234,"date":"2025-05-22T13:55:13","date_gmt":"2025-05-22T16:55:13","guid":{"rendered":"https:\/\/cersulpetshop.com.br\/produtos\/?post_type=product&#038;p=234"},"modified":"2026-04-16T11:17:23","modified_gmt":"2026-04-16T14:17:23","slug":"racao-golden-frango-e-arroz-15kg","status":"publish","type":"product","link":"https:\/\/cersulpetshop.com.br\/produtos\/?product=racao-golden-frango-e-arroz-15kg","title":{"rendered":"GOLDEN C\u00c3ES FRANGO E ARROZ 15KG"},"content":{"rendered":"<p>Golden Formula \u00e9 um alimento do tipo Premium Especial que oferece a seu animal pele e pelagem mais bonitas e brilhantes, intestino mais saud\u00e1vel e consequentemente, fezes mais f\u00e1ceis de limpar, al\u00e9m de n\u00e3o conter corantes nem aromatizantes artificiais, conferindo assim mais sa\u00fade e longevidade.<\/p>\n<p>\u2022 SA\u00daDE ORAL<br \/>\nAuxilia a redu\u00e7\u00e3o da forma\u00e7\u00e3o do t\u00e1rtaro.<\/p>\n<p>\u2022 REDU\u00c7\u00c3O DO ODOR DAS FEZES<br \/>\nSele\u00e7\u00e3o de ingredientes especiais que auxiliam na redu\u00e7\u00e3o do odor das fezes.<\/p>\n<p>\u2022 PROTE\u00c7\u00c3O ARTICULAR<br \/>\nPossui condroitina e glicosamina, que contribuem para manuten\u00e7\u00e3o da sa\u00fade das articula\u00e7\u00f5es.<\/p>\n<p>\u2022 MANUTEN\u00c7\u00c3O DA MASSA MAGRA<br \/>\nControla o ganho de peso natural da idade e facilita a manuten\u00e7\u00e3o da musculatura.<\/p>\n<p>COMPOSI\u00c7\u00c3O:<br \/>\nFarinha de v\u00edsceras de frango, prote\u00edna isolada de su\u00edno, milho integral mo\u00eddo*, quirera de arroz, polpa de beterraba, farelo de arroz desengordurado, fibra de cana-de-a\u00e7\u00facar, gordura de frango, semente de linha\u00e7a, hidrolisado de su\u00edno e frango, \u00e1cido propi\u00f4nico, antioxidantes BHA e BHT, cloreto de pot\u00e1ssio, cloreto de s\u00f3dio, extrato de yucca (0,04%), hexametafosfato de s\u00f3dio (0,1%), levedura seca de cana-de-a\u00e7\u00facar, bentonita, mananoligossacar\u00eddeos, sulfato de condroitina, sulfato de glicosamina, vitamina A, vitamina B12, vitamina C, vitamina D3, vitamina E, vitamina K3, \u00e1cido f\u00f3lico, \u00e1cido pantot\u00eanico, biotina, cloreto de colina, niacina, piridoxina, riboflavina, tiamina, iodeto de pot\u00e1ssio, sel\u00eanio metionina, sulfato de cobre, sulfato de ferro, sulfato de mangan\u00eas, sulfato de zinco.<\/p>\n","protected":false},"excerpt":{"rendered":"<p>Golden Formula \u00e9 um alimento do tipo Premium Especial que oferece a seu animal pele e pelagem mais bonitas e brilhantes, intestino mais saud\u00e1vel e consequentemente, fezes mais f\u00e1ceis de limpar, al\u00e9m de n\u00e3o conter corantes nem aromatizantes artificiais, conferindo assim mais sa\u00fade e longevidade. \u2022 SA\u00daDE ORAL Auxilia a redu\u00e7\u00e3o da forma\u00e7\u00e3o do t\u00e1rtaro. [&hellip;]<\/p>\n","protected":false},"featured_media":235,"comment_status":"open","ping_status":"closed","template":"","meta":[],"product_brand":[43],"product_cat":[81,71],"product_tag":[36,40,16],"class_list":{"0":"post-234","1":"product","2":"type-product","3":"status-publish","4":"has-post-thumbnail","6":"product_brand-golden","7":"product_cat-caes-filhote","8":"product_cat-racoes-caes","9":"product_tag-15kg","10":"product_tag-caes","11":"product_tag-racao","13":"first","14":"instock","15":"shipping-taxable","16":"purchasable","17":"product-type-simple"},"_links":{"self":[{"href":"https:\/\/cersulpetshop.com.br\/produtos\/index.php?rest_route=\/wp\/v2\/product\/234","targetHints":{"allow":["GET"]}}],"collection":[{"href":"https:\/\/cersulpetshop.com.br\/produtos\/index.php?rest_route=\/wp\/v2\/product"}],"about":[{"href":"https:\/\/cersulpetshop.com.br\/produtos\/index.php?rest_route=\/wp\/v2\/types\/product"}],"replies":[{"embeddable":true,"href":"https:\/\/cersulpetshop.com.br\/produtos\/index.php?rest_route=%2Fwp%2Fv2%2Fcomments&post=234"}],"wp:featuredmedia":[{"embeddable":true,"href":"https:\/\/cersulpetshop.com.br\/produtos\/index.php?rest_route=\/wp\/v2\/media\/235"}],"wp:attachment":[{"href":"https:\/\/cersulpetshop.com.br\/produtos\/index.php?rest_route=%2Fwp%2Fv2%2Fmedia&parent=234"}],"wp:term":[{"taxonomy":"product_brand","embeddable":true,"href":"https:\/\/cersulpetshop.com.br\/produtos\/index.php?rest_route=%2Fwp%2Fv2%2Fproduct_brand&post=234"},{"taxonomy":"product_cat","embeddable":true,"href":"https:\/\/cersulpetshop.com.br\/produtos\/index.php?rest_route=%2Fwp%2Fv2%2Fproduct_cat&post=234"},{"taxonomy":"product_tag","embeddable":true,"href":"https:\/\/cersulpetshop.com.br\/produtos\/index.php?rest_route=%2Fwp%2Fv2%2Fproduct_tag&post=234"}],"curies":[{"name":"wp","href":"https:\/\/api.w.org\/{rel}","templated":true}]}}