{"id":250,"date":"2025-05-22T14:14:21","date_gmt":"2025-05-22T17:14:21","guid":{"rendered":"https:\/\/cersulpetshop.com.br\/produtos\/?post_type=product&#038;p=250"},"modified":"2026-04-16T11:22:22","modified_gmt":"2026-04-16T14:22:22","slug":"racao-premier-racas-grandes-filhote-20kg","status":"publish","type":"product","link":"https:\/\/cersulpetshop.com.br\/produtos\/?product=racao-premier-racas-grandes-filhote-20kg","title":{"rendered":"F\u00d3RMULA C\u00c3ES FILHOTE GRANDE E GIGANTE 15KG"},"content":{"rendered":"<p>A Ra\u00e7\u00e3o Premier Pet Formula Filhotes Ra\u00e7as Grandes E Gigantes \u00e9 a escolha ideal para garantir a nutri\u00e7\u00e3o e sa\u00fade do seu filhote. Com sabor de frango, \u00e9 um alimento super premium recomendado para c\u00e3es filhotes de ra\u00e7as grandes. Sua f\u00f3rmula exclusiva proporciona uma textura irresist\u00edvel e \u00e9 embalada com unidades suficientes para garantir o bem-estar do seu animal de estima\u00e7\u00e3o. Experimente agora e proporcione o melhor para o seu filhote.<\/p>\n<p>&#8211; Crescimento equilibrado: harmonia entre os desenvolvimentos \u00f3sseo e muscular;<br \/>\n&#8211; Suporte articular: cont\u00e9m condroitina e glicosamina que auxiliam na manuten\u00e7\u00e3o da sa\u00fade das articula\u00e7\u00f5es;<br \/>\n&#8211; Sa\u00fade intestinal: atrav\u00e9s da combina\u00e7\u00e3o de ingredientes de alta digestibilidade, fibras especiais e prebi\u00f3tico.<\/p>\n<p>Utilizados como c\u00e3es de guarda ou somente apreciados por seu porte e beleza, os c\u00e3es de ra\u00e7as grandes e gigantes t\u00eam caracter\u00edsticas pr\u00f3prias e necessidades especiais. Como por exemplo, o crescimento r\u00e1pido, a predisposi\u00e7\u00e3o a desenvolver desordens no sistema m\u00fasculo-esquel\u00e9tico, a tend\u00eancia a apresentar fezes mal formadas e ainda, naqueles de peito profundo, a predisposi\u00e7\u00e3o a dilata\u00e7\u00e3o e tor\u00e7\u00e3o g\u00e1strica. Entre todas, a principal caracter\u00edstica desses c\u00e3es \u00e9 seu crescimento acelerado, ou seja, ganham peso muito rapidamente. No entanto, s\u00f3 finalizam seu desenvolvimento \u00f3steo-articular por volta de um ano e meio. Uma dieta com energia moderada evita que sua estrutura \u00f3ssea de filhote tenha que suportar prematuramente um peso n\u00e3o condizente com seu desenvolvimento ainda incompleto, dessa forma, reduz-se a predisposi\u00e7\u00e3o ao aparecimento de doen\u00e7as articulares.<\/p>\n","protected":false},"excerpt":{"rendered":"<p>A Ra\u00e7\u00e3o Premier Pet Formula Filhotes Ra\u00e7as Grandes E Gigantes \u00e9 a escolha ideal para garantir a nutri\u00e7\u00e3o e sa\u00fade do seu filhote. Com sabor de frango, \u00e9 um alimento super premium recomendado para c\u00e3es filhotes de ra\u00e7as grandes. Sua f\u00f3rmula exclusiva proporciona uma textura irresist\u00edvel e \u00e9 embalada com unidades suficientes para garantir o [&hellip;]<\/p>\n","protected":false},"featured_media":251,"comment_status":"open","ping_status":"closed","template":"","meta":[],"product_brand":[52],"product_cat":[80,71],"product_tag":[36,40,16],"class_list":{"0":"post-250","1":"product","2":"type-product","3":"status-publish","4":"has-post-thumbnail","6":"product_brand-premier","7":"product_cat-caes-racas-pequenas","8":"product_cat-racoes-caes","9":"product_tag-15kg","10":"product_tag-caes","11":"product_tag-racao","13":"first","14":"instock","15":"shipping-taxable","16":"purchasable","17":"product-type-simple"},"_links":{"self":[{"href":"https:\/\/cersulpetshop.com.br\/produtos\/index.php?rest_route=\/wp\/v2\/product\/250","targetHints":{"allow":["GET"]}}],"collection":[{"href":"https:\/\/cersulpetshop.com.br\/produtos\/index.php?rest_route=\/wp\/v2\/product"}],"about":[{"href":"https:\/\/cersulpetshop.com.br\/produtos\/index.php?rest_route=\/wp\/v2\/types\/product"}],"replies":[{"embeddable":true,"href":"https:\/\/cersulpetshop.com.br\/produtos\/index.php?rest_route=%2Fwp%2Fv2%2Fcomments&post=250"}],"wp:featuredmedia":[{"embeddable":true,"href":"https:\/\/cersulpetshop.com.br\/produtos\/index.php?rest_route=\/wp\/v2\/media\/251"}],"wp:attachment":[{"href":"https:\/\/cersulpetshop.com.br\/produtos\/index.php?rest_route=%2Fwp%2Fv2%2Fmedia&parent=250"}],"wp:term":[{"taxonomy":"product_brand","embeddable":true,"href":"https:\/\/cersulpetshop.com.br\/produtos\/index.php?rest_route=%2Fwp%2Fv2%2Fproduct_brand&post=250"},{"taxonomy":"product_cat","embeddable":true,"href":"https:\/\/cersulpetshop.com.br\/produtos\/index.php?rest_route=%2Fwp%2Fv2%2Fproduct_cat&post=250"},{"taxonomy":"product_tag","embeddable":true,"href":"https:\/\/cersulpetshop.com.br\/produtos\/index.php?rest_route=%2Fwp%2Fv2%2Fproduct_tag&post=250"}],"curies":[{"name":"wp","href":"https:\/\/api.w.org\/{rel}","templated":true}]}}