{"id":261,"date":"2025-05-22T14:28:49","date_gmt":"2025-05-22T17:28:49","guid":{"rendered":"https:\/\/cersulpetshop.com.br\/produtos\/?post_type=product&#038;p=261"},"modified":"2025-07-14T11:31:12","modified_gmt":"2025-07-14T14:31:12","slug":"racao-special-cat-mix-20kg","status":"publish","type":"product","link":"https:\/\/cersulpetshop.com.br\/produtos\/?product=racao-special-cat-mix-20kg","title":{"rendered":"RA\u00c7\u00c3O SPECIAL CAT MIX 20KG"},"content":{"rendered":"<p>&#8211; Indicado para gatos adultos; &#8211; N\u00e3o cont\u00e9m corantes; &#8211; Extrato de Yucca: reduz o odor das fezes em at\u00e9 50%, favorecendo as condi\u00e7\u00f5es do ambiente; &#8211; Prebi\u00f3tico MOS: maximiza a absor\u00e7\u00e3o de nutrientes, contribuindo para o bom funcionamento do intestino; &#8211; Controle do pH da urina: n\u00edveis equilibrados de minerais ara controle do pH da urina, contribuindo para a manuten\u00e7\u00e3o do trato urin\u00e1rio; &#8211; Taurina: \u00e9 essencial na alimenta\u00e7\u00e3o dos gatos, pois fortalece as c\u00e9lulas do cora\u00e7\u00e3o, auxiliando na fun\u00e7\u00e3o card\u00edaca; &#8211; Complex Life: formulado com minerais org\u00e2nicos, o Complex Life \u00e9 facilmente absorvido pelo organismo, otimizando seus benef\u00edcios \u00e0 sa\u00fade do animal; &#8211; \u00d4megas 3 E 6 + Zinco Org\u00e2nico: A combina\u00e7\u00e3o entre os \u00e1cidos graxos essenciais e o zinco org\u00e2nico contribui para a prote\u00e7\u00e3o da pele e a redu\u00e7\u00e3o da queda de pelos, resultando em uma pelagem mais bonita e brilhante.<\/p>\n","protected":false},"excerpt":{"rendered":"<p>&#8211; Indicado para gatos adultos; &#8211; N\u00e3o cont\u00e9m corantes; &#8211; Extrato de Yucca: reduz o odor das fezes em at\u00e9 50%, favorecendo as condi\u00e7\u00f5es do ambiente; &#8211; Prebi\u00f3tico MOS: maximiza a absor\u00e7\u00e3o de nutrientes, contribuindo para o bom funcionamento do intestino; &#8211; Controle do pH da urina: n\u00edveis equilibrados de minerais ara controle do pH [&hellip;]<\/p>\n","protected":false},"featured_media":262,"comment_status":"open","ping_status":"closed","template":"","meta":[],"product_brand":[64],"product_cat":[84,72],"product_tag":[37,23,16],"class_list":{"0":"post-261","1":"product","2":"type-product","3":"status-publish","4":"has-post-thumbnail","6":"product_brand-special-cat","7":"product_cat-gatos-adulto","8":"product_cat-racoes-gatos","9":"product_tag-20kg","10":"product_tag-gatos","11":"product_tag-racao","13":"first","14":"instock","15":"shipping-taxable","16":"purchasable","17":"product-type-simple"},"_links":{"self":[{"href":"https:\/\/cersulpetshop.com.br\/produtos\/index.php?rest_route=\/wp\/v2\/product\/261","targetHints":{"allow":["GET"]}}],"collection":[{"href":"https:\/\/cersulpetshop.com.br\/produtos\/index.php?rest_route=\/wp\/v2\/product"}],"about":[{"href":"https:\/\/cersulpetshop.com.br\/produtos\/index.php?rest_route=\/wp\/v2\/types\/product"}],"replies":[{"embeddable":true,"href":"https:\/\/cersulpetshop.com.br\/produtos\/index.php?rest_route=%2Fwp%2Fv2%2Fcomments&post=261"}],"wp:featuredmedia":[{"embeddable":true,"href":"https:\/\/cersulpetshop.com.br\/produtos\/index.php?rest_route=\/wp\/v2\/media\/262"}],"wp:attachment":[{"href":"https:\/\/cersulpetshop.com.br\/produtos\/index.php?rest_route=%2Fwp%2Fv2%2Fmedia&parent=261"}],"wp:term":[{"taxonomy":"product_brand","embeddable":true,"href":"https:\/\/cersulpetshop.com.br\/produtos\/index.php?rest_route=%2Fwp%2Fv2%2Fproduct_brand&post=261"},{"taxonomy":"product_cat","embeddable":true,"href":"https:\/\/cersulpetshop.com.br\/produtos\/index.php?rest_route=%2Fwp%2Fv2%2Fproduct_cat&post=261"},{"taxonomy":"product_tag","embeddable":true,"href":"https:\/\/cersulpetshop.com.br\/produtos\/index.php?rest_route=%2Fwp%2Fv2%2Fproduct_tag&post=261"}],"curies":[{"name":"wp","href":"https:\/\/api.w.org\/{rel}","templated":true}]}}