{"id":263,"date":"2025-05-22T14:30:53","date_gmt":"2025-05-22T17:30:53","guid":{"rendered":"https:\/\/cersulpetshop.com.br\/produtos\/?post_type=product&#038;p=263"},"modified":"2025-11-17T10:19:12","modified_gmt":"2025-11-17T13:19:12","slug":"racao-whiskas-peixe-10-1kg","status":"publish","type":"product","link":"https:\/\/cersulpetshop.com.br\/produtos\/?product=racao-whiskas-peixe-10-1kg","title":{"rendered":"RA\u00c7\u00c3O WHISKAS PEIXE 10.1KG"},"content":{"rendered":"<ul>\n<li>Ra\u00e7\u00e3o Premium 100% completa e balanceada;<\/li>\n<li>Nuggets crocantes com recheio macio e saboroso;<\/li>\n<li>Com prebi\u00f3ticos que contribuem para digest\u00e3o saud\u00e1vel;<\/li>\n<li>Desenvolvida nutricionalmente em conjunto com veterin\u00e1rios;<\/li>\n<li>Com m\u00faltiplas fibras para promover a sa\u00fade gastrointestinal;<\/li>\n<li>Controle de minerais para manter o trato urin\u00e1rio saud\u00e1vel;<\/li>\n<li>Vitaminas e antioxidantes que ajudam o sistema imunol\u00f3gico;<\/li>\n<li>\u00d4mega 6 e zinco para manter a pele e pelo saud\u00e1veis.<\/li>\n<\/ul>\n","protected":false},"excerpt":{"rendered":"<p>Ra\u00e7\u00e3o Premium 100% completa e balanceada; Nuggets crocantes com recheio macio e saboroso; Com prebi\u00f3ticos que contribuem para digest\u00e3o saud\u00e1vel; Desenvolvida nutricionalmente em conjunto com veterin\u00e1rios; Com m\u00faltiplas fibras para promover a sa\u00fade gastrointestinal; Controle de minerais para manter o trato urin\u00e1rio saud\u00e1vel; Vitaminas e antioxidantes que ajudam o sistema imunol\u00f3gico; \u00d4mega 6 e zinco [&hellip;]<\/p>\n","protected":false},"featured_media":264,"comment_status":"open","ping_status":"closed","template":"","meta":[],"product_brand":[65],"product_cat":[84,72],"product_tag":[49,50,23,16],"class_list":{"0":"post-263","1":"product","2":"type-product","3":"status-publish","4":"has-post-thumbnail","6":"product_brand-whiskas","7":"product_cat-gatos-adulto","8":"product_cat-racoes-gatos","9":"product_tag-49","10":"product_tag-1kg","11":"product_tag-gatos","12":"product_tag-racao","14":"first","15":"instock","16":"shipping-taxable","17":"purchasable","18":"product-type-simple"},"_links":{"self":[{"href":"https:\/\/cersulpetshop.com.br\/produtos\/index.php?rest_route=\/wp\/v2\/product\/263","targetHints":{"allow":["GET"]}}],"collection":[{"href":"https:\/\/cersulpetshop.com.br\/produtos\/index.php?rest_route=\/wp\/v2\/product"}],"about":[{"href":"https:\/\/cersulpetshop.com.br\/produtos\/index.php?rest_route=\/wp\/v2\/types\/product"}],"replies":[{"embeddable":true,"href":"https:\/\/cersulpetshop.com.br\/produtos\/index.php?rest_route=%2Fwp%2Fv2%2Fcomments&post=263"}],"wp:featuredmedia":[{"embeddable":true,"href":"https:\/\/cersulpetshop.com.br\/produtos\/index.php?rest_route=\/wp\/v2\/media\/264"}],"wp:attachment":[{"href":"https:\/\/cersulpetshop.com.br\/produtos\/index.php?rest_route=%2Fwp%2Fv2%2Fmedia&parent=263"}],"wp:term":[{"taxonomy":"product_brand","embeddable":true,"href":"https:\/\/cersulpetshop.com.br\/produtos\/index.php?rest_route=%2Fwp%2Fv2%2Fproduct_brand&post=263"},{"taxonomy":"product_cat","embeddable":true,"href":"https:\/\/cersulpetshop.com.br\/produtos\/index.php?rest_route=%2Fwp%2Fv2%2Fproduct_cat&post=263"},{"taxonomy":"product_tag","embeddable":true,"href":"https:\/\/cersulpetshop.com.br\/produtos\/index.php?rest_route=%2Fwp%2Fv2%2Fproduct_tag&post=263"}],"curies":[{"name":"wp","href":"https:\/\/api.w.org\/{rel}","templated":true}]}}