{"id":265,"date":"2025-05-22T14:32:39","date_gmt":"2025-05-22T17:32:39","guid":{"rendered":"https:\/\/cersulpetshop.com.br\/produtos\/?post_type=product&#038;p=265"},"modified":"2025-11-17T10:19:01","modified_gmt":"2025-11-17T13:19:01","slug":"racao-whiskas-carne-10-1kg","status":"publish","type":"product","link":"https:\/\/cersulpetshop.com.br\/produtos\/?product=racao-whiskas-carne-10-1kg","title":{"rendered":"RA\u00c7\u00c3O WHISKAS CARNE 10.1KG"},"content":{"rendered":"<p>A ra\u00e7\u00e3o Whiskas Adulto Carne \u00e9 um alimento completo, criado especialmente para atender as necessidades dos gatinhos adultos. Com part\u00edculas recheadas, fazem com que os gatinhos amem a Whiskas.<\/p>\n","protected":false},"excerpt":{"rendered":"<p>A ra\u00e7\u00e3o Whiskas Adulto Carne \u00e9 um alimento completo, criado especialmente para atender as necessidades dos gatinhos adultos. Com part\u00edculas recheadas, fazem com que os gatinhos amem a Whiskas.<\/p>\n","protected":false},"featured_media":267,"comment_status":"open","ping_status":"closed","template":"","meta":[],"product_brand":[65],"product_cat":[84,72],"product_tag":[49,50,23,16],"class_list":{"0":"post-265","1":"product","2":"type-product","3":"status-publish","4":"has-post-thumbnail","6":"product_brand-whiskas","7":"product_cat-gatos-adulto","8":"product_cat-racoes-gatos","9":"product_tag-49","10":"product_tag-1kg","11":"product_tag-gatos","12":"product_tag-racao","14":"first","15":"instock","16":"shipping-taxable","17":"purchasable","18":"product-type-simple"},"_links":{"self":[{"href":"https:\/\/cersulpetshop.com.br\/produtos\/index.php?rest_route=\/wp\/v2\/product\/265","targetHints":{"allow":["GET"]}}],"collection":[{"href":"https:\/\/cersulpetshop.com.br\/produtos\/index.php?rest_route=\/wp\/v2\/product"}],"about":[{"href":"https:\/\/cersulpetshop.com.br\/produtos\/index.php?rest_route=\/wp\/v2\/types\/product"}],"replies":[{"embeddable":true,"href":"https:\/\/cersulpetshop.com.br\/produtos\/index.php?rest_route=%2Fwp%2Fv2%2Fcomments&post=265"}],"wp:featuredmedia":[{"embeddable":true,"href":"https:\/\/cersulpetshop.com.br\/produtos\/index.php?rest_route=\/wp\/v2\/media\/267"}],"wp:attachment":[{"href":"https:\/\/cersulpetshop.com.br\/produtos\/index.php?rest_route=%2Fwp%2Fv2%2Fmedia&parent=265"}],"wp:term":[{"taxonomy":"product_brand","embeddable":true,"href":"https:\/\/cersulpetshop.com.br\/produtos\/index.php?rest_route=%2Fwp%2Fv2%2Fproduct_brand&post=265"},{"taxonomy":"product_cat","embeddable":true,"href":"https:\/\/cersulpetshop.com.br\/produtos\/index.php?rest_route=%2Fwp%2Fv2%2Fproduct_cat&post=265"},{"taxonomy":"product_tag","embeddable":true,"href":"https:\/\/cersulpetshop.com.br\/produtos\/index.php?rest_route=%2Fwp%2Fv2%2Fproduct_tag&post=265"}],"curies":[{"name":"wp","href":"https:\/\/api.w.org\/{rel}","templated":true}]}}