{"id":274,"date":"2025-05-22T14:51:09","date_gmt":"2025-05-22T17:51:09","guid":{"rendered":"https:\/\/cersulpetshop.com.br\/produtos\/?post_type=product&#038;p=274"},"modified":"2025-07-14T09:46:19","modified_gmt":"2025-07-14T12:46:19","slug":"racao-golden-filhote-10-1kg","status":"publish","type":"product","link":"https:\/\/cersulpetshop.com.br\/produtos\/?product=racao-golden-filhote-10-1kg","title":{"rendered":"RA\u00c7\u00c3O GOLDEN FILHOTE 10.1KG"},"content":{"rendered":"<p>Benef\u00edcios:<\/p>\n<p>&#8211; Redu\u00e7\u00e3o do odor das fezes<br \/>\nSele\u00e7\u00e3o de ingredientes especiais que auxiliam na redu\u00e7\u00e3o do odor das fezes.<br \/>\n&#8211; Crescimento saud\u00e1vel<br \/>\nAtrav\u00e9s de \u00f3timos n\u00edveis de prote\u00ednas, taurina e DHA.<br \/>\n&#8211; Sabor inigual\u00e1vel<br \/>\nM\u00e1xima satisfa\u00e7\u00e3o para o paladar.<br \/>\n&#8211; Trato urin\u00e1rio saud\u00e1vel<br \/>\nMinerais balanceados e controle do pH urin\u00e1rio.<\/p>\n","protected":false},"excerpt":{"rendered":"<p>Benef\u00edcios: &#8211; Redu\u00e7\u00e3o do odor das fezes Sele\u00e7\u00e3o de ingredientes especiais que auxiliam na redu\u00e7\u00e3o do odor das fezes. &#8211; Crescimento saud\u00e1vel Atrav\u00e9s de \u00f3timos n\u00edveis de prote\u00ednas, taurina e DHA. &#8211; Sabor inigual\u00e1vel M\u00e1xima satisfa\u00e7\u00e3o para o paladar. &#8211; Trato urin\u00e1rio saud\u00e1vel Minerais balanceados e controle do pH urin\u00e1rio.<\/p>\n","protected":false},"featured_media":275,"comment_status":"open","ping_status":"closed","template":"","meta":[],"product_brand":[43],"product_cat":[82,72],"product_tag":[49,50,23,16],"class_list":{"0":"post-274","1":"product","2":"type-product","3":"status-publish","4":"has-post-thumbnail","6":"product_brand-golden","7":"product_cat-gatos-filhote","8":"product_cat-racoes-gatos","9":"product_tag-49","10":"product_tag-1kg","11":"product_tag-gatos","12":"product_tag-racao","14":"first","15":"instock","16":"shipping-taxable","17":"purchasable","18":"product-type-simple"},"_links":{"self":[{"href":"https:\/\/cersulpetshop.com.br\/produtos\/index.php?rest_route=\/wp\/v2\/product\/274","targetHints":{"allow":["GET"]}}],"collection":[{"href":"https:\/\/cersulpetshop.com.br\/produtos\/index.php?rest_route=\/wp\/v2\/product"}],"about":[{"href":"https:\/\/cersulpetshop.com.br\/produtos\/index.php?rest_route=\/wp\/v2\/types\/product"}],"replies":[{"embeddable":true,"href":"https:\/\/cersulpetshop.com.br\/produtos\/index.php?rest_route=%2Fwp%2Fv2%2Fcomments&post=274"}],"wp:featuredmedia":[{"embeddable":true,"href":"https:\/\/cersulpetshop.com.br\/produtos\/index.php?rest_route=\/wp\/v2\/media\/275"}],"wp:attachment":[{"href":"https:\/\/cersulpetshop.com.br\/produtos\/index.php?rest_route=%2Fwp%2Fv2%2Fmedia&parent=274"}],"wp:term":[{"taxonomy":"product_brand","embeddable":true,"href":"https:\/\/cersulpetshop.com.br\/produtos\/index.php?rest_route=%2Fwp%2Fv2%2Fproduct_brand&post=274"},{"taxonomy":"product_cat","embeddable":true,"href":"https:\/\/cersulpetshop.com.br\/produtos\/index.php?rest_route=%2Fwp%2Fv2%2Fproduct_cat&post=274"},{"taxonomy":"product_tag","embeddable":true,"href":"https:\/\/cersulpetshop.com.br\/produtos\/index.php?rest_route=%2Fwp%2Fv2%2Fproduct_tag&post=274"}],"curies":[{"name":"wp","href":"https:\/\/api.w.org\/{rel}","templated":true}]}}