{"id":278,"date":"2025-05-22T14:58:42","date_gmt":"2025-05-22T17:58:42","guid":{"rendered":"https:\/\/cersulpetshop.com.br\/produtos\/?post_type=product&#038;p=278"},"modified":"2025-07-14T09:58:08","modified_gmt":"2025-07-14T12:58:08","slug":"racao-gran-plus-filhote-10-1kg","status":"publish","type":"product","link":"https:\/\/cersulpetshop.com.br\/produtos\/?product=racao-gran-plus-filhote-10-1kg","title":{"rendered":"RA\u00c7\u00c3O GRAN PLUS FRANGO E CARNE FILHOTE 10.1KG"},"content":{"rendered":"<ul>\n<li>Ideal para gatos filhotes;<\/li>\n<li>Auxilia na sa\u00fade intestinal;<\/li>\n<li>Contribui para o crescimento saud\u00e1vel;<\/li>\n<li>Favorece o trato urin\u00e1rio;<\/li>\n<li>Favorece a vis\u00e3o e o sistema nervoso.<\/li>\n<\/ul>\n","protected":false},"excerpt":{"rendered":"<p>Ideal para gatos filhotes; Auxilia na sa\u00fade intestinal; Contribui para o crescimento saud\u00e1vel; Favorece o trato urin\u00e1rio; Favorece a vis\u00e3o e o sistema nervoso.<\/p>\n","protected":false},"featured_media":520,"comment_status":"open","ping_status":"closed","template":"","meta":[],"product_brand":[57],"product_cat":[82,72],"product_tag":[49,50,23,16],"class_list":{"0":"post-278","1":"product","2":"type-product","3":"status-publish","4":"has-post-thumbnail","6":"product_brand-gran-plus","7":"product_cat-gatos-filhote","8":"product_cat-racoes-gatos","9":"product_tag-49","10":"product_tag-1kg","11":"product_tag-gatos","12":"product_tag-racao","14":"first","15":"instock","16":"shipping-taxable","17":"purchasable","18":"product-type-simple"},"_links":{"self":[{"href":"https:\/\/cersulpetshop.com.br\/produtos\/index.php?rest_route=\/wp\/v2\/product\/278","targetHints":{"allow":["GET"]}}],"collection":[{"href":"https:\/\/cersulpetshop.com.br\/produtos\/index.php?rest_route=\/wp\/v2\/product"}],"about":[{"href":"https:\/\/cersulpetshop.com.br\/produtos\/index.php?rest_route=\/wp\/v2\/types\/product"}],"replies":[{"embeddable":true,"href":"https:\/\/cersulpetshop.com.br\/produtos\/index.php?rest_route=%2Fwp%2Fv2%2Fcomments&post=278"}],"wp:featuredmedia":[{"embeddable":true,"href":"https:\/\/cersulpetshop.com.br\/produtos\/index.php?rest_route=\/wp\/v2\/media\/520"}],"wp:attachment":[{"href":"https:\/\/cersulpetshop.com.br\/produtos\/index.php?rest_route=%2Fwp%2Fv2%2Fmedia&parent=278"}],"wp:term":[{"taxonomy":"product_brand","embeddable":true,"href":"https:\/\/cersulpetshop.com.br\/produtos\/index.php?rest_route=%2Fwp%2Fv2%2Fproduct_brand&post=278"},{"taxonomy":"product_cat","embeddable":true,"href":"https:\/\/cersulpetshop.com.br\/produtos\/index.php?rest_route=%2Fwp%2Fv2%2Fproduct_cat&post=278"},{"taxonomy":"product_tag","embeddable":true,"href":"https:\/\/cersulpetshop.com.br\/produtos\/index.php?rest_route=%2Fwp%2Fv2%2Fproduct_tag&post=278"}],"curies":[{"name":"wp","href":"https:\/\/api.w.org\/{rel}","templated":true}]}}