{"id":287,"date":"2025-05-22T15:26:59","date_gmt":"2025-05-22T18:26:59","guid":{"rendered":"https:\/\/cersulpetshop.com.br\/produtos\/?post_type=product&#038;p=287"},"modified":"2025-07-14T13:04:40","modified_gmt":"2025-07-14T16:04:40","slug":"racao-golden-carne-castrado-10-1kg","status":"publish","type":"product","link":"https:\/\/cersulpetshop.com.br\/produtos\/?product=racao-golden-carne-castrado-10-1kg","title":{"rendered":"RA\u00c7\u00c3O GOLDEN CARNE CASTRADO 10.1KG"},"content":{"rendered":"<ul>\n<li>Indicado para gatos castrados;<\/li>\n<li>Rico em \u00f4megas 3, 6 e taurina;<\/li>\n<li>Contribui para o trato urin\u00e1rio saud\u00e1vel;<\/li>\n<li>Auxilia na preven\u00e7\u00e3o da obesidade;<\/li>\n<li>Suporte nutricional adequado \u00e0 idade;<\/li>\n<li>M\u00e1xima satisfa\u00e7\u00e3o para o paladar dos felinos;<\/li>\n<li>Reduz o odor das fezes.<\/li>\n<\/ul>\n","protected":false},"excerpt":{"rendered":"<p>Indicado para gatos castrados; Rico em \u00f4megas 3, 6 e taurina; Contribui para o trato urin\u00e1rio saud\u00e1vel; Auxilia na preven\u00e7\u00e3o da obesidade; Suporte nutricional adequado \u00e0 idade; M\u00e1xima satisfa\u00e7\u00e3o para o paladar dos felinos; Reduz o odor das fezes.<\/p>\n","protected":false},"featured_media":288,"comment_status":"open","ping_status":"closed","template":"","meta":[],"product_brand":[43],"product_cat":[83,72],"product_tag":[49,50,23,16],"class_list":{"0":"post-287","1":"product","2":"type-product","3":"status-publish","4":"has-post-thumbnail","6":"product_brand-golden","7":"product_cat-gatos-castrado","8":"product_cat-racoes-gatos","9":"product_tag-49","10":"product_tag-1kg","11":"product_tag-gatos","12":"product_tag-racao","14":"first","15":"instock","16":"shipping-taxable","17":"purchasable","18":"product-type-simple"},"_links":{"self":[{"href":"https:\/\/cersulpetshop.com.br\/produtos\/index.php?rest_route=\/wp\/v2\/product\/287","targetHints":{"allow":["GET"]}}],"collection":[{"href":"https:\/\/cersulpetshop.com.br\/produtos\/index.php?rest_route=\/wp\/v2\/product"}],"about":[{"href":"https:\/\/cersulpetshop.com.br\/produtos\/index.php?rest_route=\/wp\/v2\/types\/product"}],"replies":[{"embeddable":true,"href":"https:\/\/cersulpetshop.com.br\/produtos\/index.php?rest_route=%2Fwp%2Fv2%2Fcomments&post=287"}],"wp:featuredmedia":[{"embeddable":true,"href":"https:\/\/cersulpetshop.com.br\/produtos\/index.php?rest_route=\/wp\/v2\/media\/288"}],"wp:attachment":[{"href":"https:\/\/cersulpetshop.com.br\/produtos\/index.php?rest_route=%2Fwp%2Fv2%2Fmedia&parent=287"}],"wp:term":[{"taxonomy":"product_brand","embeddable":true,"href":"https:\/\/cersulpetshop.com.br\/produtos\/index.php?rest_route=%2Fwp%2Fv2%2Fproduct_brand&post=287"},{"taxonomy":"product_cat","embeddable":true,"href":"https:\/\/cersulpetshop.com.br\/produtos\/index.php?rest_route=%2Fwp%2Fv2%2Fproduct_cat&post=287"},{"taxonomy":"product_tag","embeddable":true,"href":"https:\/\/cersulpetshop.com.br\/produtos\/index.php?rest_route=%2Fwp%2Fv2%2Fproduct_tag&post=287"}],"curies":[{"name":"wp","href":"https:\/\/api.w.org\/{rel}","templated":true}]}}