{"id":289,"date":"2025-05-22T15:30:40","date_gmt":"2025-05-22T18:30:40","guid":{"rendered":"https:\/\/cersulpetshop.com.br\/produtos\/?post_type=product&#038;p=289"},"modified":"2025-07-14T13:06:12","modified_gmt":"2025-07-14T16:06:12","slug":"racao-golden-salmao-castrado-10-1kg","status":"publish","type":"product","link":"https:\/\/cersulpetshop.com.br\/produtos\/?product=racao-golden-salmao-castrado-10-1kg","title":{"rendered":"RA\u00c7\u00c3O GOLDEN SALM\u00c3O CASTRADO 10.1KG"},"content":{"rendered":"<p>Procedimento cada vez mais recomendado pelos m\u00e9dicos-veterin\u00e1rios, a castra\u00e7\u00e3o promove in\u00fameros benef\u00edcios, mas tamb\u00e9m altera\u00e7\u00f5es fisiol\u00f3gicas que exigem alguns cuidados extras com a dieta do seu gato. Especialmente formulada para atender \u00e0s necessidades dos gatos castrados, GoldeN\u00ae Gatos Castrados Salm\u00e3o auxilia na preven\u00e7\u00e3o da obesidade e no cuidado com o trato urin\u00e1rio, garantindo uma nutri\u00e7\u00e3o \u00f3tima e saud\u00e1vel.<\/p>\n","protected":false},"excerpt":{"rendered":"<p>Procedimento cada vez mais recomendado pelos m\u00e9dicos-veterin\u00e1rios, a castra\u00e7\u00e3o promove in\u00fameros benef\u00edcios, mas tamb\u00e9m altera\u00e7\u00f5es fisiol\u00f3gicas que exigem alguns cuidados extras com a dieta do seu gato. Especialmente formulada para atender \u00e0s necessidades dos gatos castrados, GoldeN\u00ae Gatos Castrados Salm\u00e3o auxilia na preven\u00e7\u00e3o da obesidade e no cuidado com o trato urin\u00e1rio, garantindo uma nutri\u00e7\u00e3o [&hellip;]<\/p>\n","protected":false},"featured_media":290,"comment_status":"open","ping_status":"closed","template":"","meta":[],"product_brand":[43],"product_cat":[83,72],"product_tag":[49,50,23,16],"class_list":{"0":"post-289","1":"product","2":"type-product","3":"status-publish","4":"has-post-thumbnail","6":"product_brand-golden","7":"product_cat-gatos-castrado","8":"product_cat-racoes-gatos","9":"product_tag-49","10":"product_tag-1kg","11":"product_tag-gatos","12":"product_tag-racao","14":"first","15":"instock","16":"shipping-taxable","17":"purchasable","18":"product-type-simple"},"_links":{"self":[{"href":"https:\/\/cersulpetshop.com.br\/produtos\/index.php?rest_route=\/wp\/v2\/product\/289","targetHints":{"allow":["GET"]}}],"collection":[{"href":"https:\/\/cersulpetshop.com.br\/produtos\/index.php?rest_route=\/wp\/v2\/product"}],"about":[{"href":"https:\/\/cersulpetshop.com.br\/produtos\/index.php?rest_route=\/wp\/v2\/types\/product"}],"replies":[{"embeddable":true,"href":"https:\/\/cersulpetshop.com.br\/produtos\/index.php?rest_route=%2Fwp%2Fv2%2Fcomments&post=289"}],"wp:featuredmedia":[{"embeddable":true,"href":"https:\/\/cersulpetshop.com.br\/produtos\/index.php?rest_route=\/wp\/v2\/media\/290"}],"wp:attachment":[{"href":"https:\/\/cersulpetshop.com.br\/produtos\/index.php?rest_route=%2Fwp%2Fv2%2Fmedia&parent=289"}],"wp:term":[{"taxonomy":"product_brand","embeddable":true,"href":"https:\/\/cersulpetshop.com.br\/produtos\/index.php?rest_route=%2Fwp%2Fv2%2Fproduct_brand&post=289"},{"taxonomy":"product_cat","embeddable":true,"href":"https:\/\/cersulpetshop.com.br\/produtos\/index.php?rest_route=%2Fwp%2Fv2%2Fproduct_cat&post=289"},{"taxonomy":"product_tag","embeddable":true,"href":"https:\/\/cersulpetshop.com.br\/produtos\/index.php?rest_route=%2Fwp%2Fv2%2Fproduct_tag&post=289"}],"curies":[{"name":"wp","href":"https:\/\/api.w.org\/{rel}","templated":true}]}}