{"id":291,"date":"2025-05-22T15:35:23","date_gmt":"2025-05-22T18:35:23","guid":{"rendered":"https:\/\/cersulpetshop.com.br\/produtos\/?post_type=product&#038;p=291"},"modified":"2025-07-14T13:13:57","modified_gmt":"2025-07-14T16:13:57","slug":"racao-pergatti-castrado-11kg","status":"publish","type":"product","link":"https:\/\/cersulpetshop.com.br\/produtos\/?product=racao-pergatti-castrado-11kg","title":{"rendered":"RA\u00c7\u00c3O KATBOM CASTRADO 10.1KG"},"content":{"rendered":"<p><span class=\"sc-dcJsrY jZKEso\" data-testid=\"product-detail-title\">Ra\u00e7\u00e3o Katbom Premium Especial Gato Castrado Sem Corantes 10,1KG &#8211; fvo<\/span><\/p>\n<div class=\"sc-iGgWBj jEOEJZ sc-kCoybQ gAHJyd\" data-testid=\"product-detail-description\">\n<div class=\"sc-iGgWBj eWtIHQ sc-cibtfC kcewpi\" data-testid=\"rich-content-container\">Controle do ganho de peso &#8211; Menos caloriastaurina &#8211; Importante para garantir a integridade da retina, das fun\u00e7\u00f5es reprodutivas e cora\u00e7\u00e3o.extrato de yucca &#8211; Auxilia na redu\u00e7\u00e3o dos odores das fezes.\u00f4megas 3 E 6 &#8211; Com pelagem mais bonita e macia.cont\u00e9m dha &#8211; Contribui na prote\u00e7\u00e3o das fun\u00e7\u00f5es card\u00edacas e renal.l-carnitina &#8211; Auxilia na queima de gordura, convertendo-a em energia.prebi\u00f3ticos &#8211; subst\u00e2ncias que servem de alimento para as bact\u00e9rias do trato gastrointestinal, melhorando com isso, a digestibilidade do alimento.sem corantes -DESCRI\u00c3O:Katbom Alimento Premium Especial para Gatos Castrados sabor frango e peixe \u00e9 um alimento extrusado, completo e balanceado para suprir todas as necessidades nutricionais de gatos castrados, de todas as ra\u00e7as, para uma vida longa e saud\u00e1vel.<\/div>\n<\/div>\n","protected":false},"excerpt":{"rendered":"<p>Ra\u00e7\u00e3o Katbom Premium Especial Gato Castrado Sem Corantes 10,1KG &#8211; fvo Controle do ganho de peso &#8211; Menos caloriastaurina &#8211; Importante para garantir a integridade da retina, das fun\u00e7\u00f5es reprodutivas e cora\u00e7\u00e3o.extrato de yucca &#8211; Auxilia na redu\u00e7\u00e3o dos odores das fezes.\u00f4megas 3 E 6 &#8211; Com pelagem mais bonita e macia.cont\u00e9m dha &#8211; Contribui [&hellip;]<\/p>\n","protected":false},"featured_media":585,"comment_status":"open","ping_status":"closed","template":"","meta":[],"product_brand":[68],"product_cat":[83],"product_tag":[69,23,16],"class_list":{"0":"post-291","1":"product","2":"type-product","3":"status-publish","4":"has-post-thumbnail","6":"product_brand-pergatti","7":"product_cat-gatos-castrado","8":"product_tag-11kg","9":"product_tag-gatos","10":"product_tag-racao","12":"first","13":"instock","14":"shipping-taxable","15":"purchasable","16":"product-type-simple"},"_links":{"self":[{"href":"https:\/\/cersulpetshop.com.br\/produtos\/index.php?rest_route=\/wp\/v2\/product\/291","targetHints":{"allow":["GET"]}}],"collection":[{"href":"https:\/\/cersulpetshop.com.br\/produtos\/index.php?rest_route=\/wp\/v2\/product"}],"about":[{"href":"https:\/\/cersulpetshop.com.br\/produtos\/index.php?rest_route=\/wp\/v2\/types\/product"}],"replies":[{"embeddable":true,"href":"https:\/\/cersulpetshop.com.br\/produtos\/index.php?rest_route=%2Fwp%2Fv2%2Fcomments&post=291"}],"wp:featuredmedia":[{"embeddable":true,"href":"https:\/\/cersulpetshop.com.br\/produtos\/index.php?rest_route=\/wp\/v2\/media\/585"}],"wp:attachment":[{"href":"https:\/\/cersulpetshop.com.br\/produtos\/index.php?rest_route=%2Fwp%2Fv2%2Fmedia&parent=291"}],"wp:term":[{"taxonomy":"product_brand","embeddable":true,"href":"https:\/\/cersulpetshop.com.br\/produtos\/index.php?rest_route=%2Fwp%2Fv2%2Fproduct_brand&post=291"},{"taxonomy":"product_cat","embeddable":true,"href":"https:\/\/cersulpetshop.com.br\/produtos\/index.php?rest_route=%2Fwp%2Fv2%2Fproduct_cat&post=291"},{"taxonomy":"product_tag","embeddable":true,"href":"https:\/\/cersulpetshop.com.br\/produtos\/index.php?rest_route=%2Fwp%2Fv2%2Fproduct_tag&post=291"}],"curies":[{"name":"wp","href":"https:\/\/api.w.org\/{rel}","templated":true}]}}