{"id":293,"date":"2025-05-22T15:37:28","date_gmt":"2025-05-22T18:37:28","guid":{"rendered":"https:\/\/cersulpetshop.com.br\/produtos\/?post_type=product&#038;p=293"},"modified":"2025-07-14T13:15:55","modified_gmt":"2025-07-14T16:15:55","slug":"racao-special-cat-castrado-20kg","status":"publish","type":"product","link":"https:\/\/cersulpetshop.com.br\/produtos\/?product=racao-special-cat-castrado-20kg","title":{"rendered":"RA\u00c7\u00c3O SPECIAL CAT CASTRADO 20KG"},"content":{"rendered":"<p>Special Cat Castrados \u00e9 um alimento completo e balanceado, indicado para gatos castrados. Elaborado por veterin\u00e1rios. Possui L- carnitina para controle do peso ideal e fontes proteicas, como farinha de frango e plasma su\u00edno. Cont\u00e9m prebi\u00f3tico MOS para a sa\u00fade intestinal e auxilia na manuten\u00e7\u00e3o do trato urin\u00e1rio, atrav\u00e9s do controle do pH da urina.<\/p>\n<p>&nbsp;<\/p>\n","protected":false},"excerpt":{"rendered":"<p>Special Cat Castrados \u00e9 um alimento completo e balanceado, indicado para gatos castrados. Elaborado por veterin\u00e1rios. Possui L- carnitina para controle do peso ideal e fontes proteicas, como farinha de frango e plasma su\u00edno. Cont\u00e9m prebi\u00f3tico MOS para a sa\u00fade intestinal e auxilia na manuten\u00e7\u00e3o do trato urin\u00e1rio, atrav\u00e9s do controle do pH da urina. [&hellip;]<\/p>\n","protected":false},"featured_media":294,"comment_status":"open","ping_status":"closed","template":"","meta":[],"product_brand":[64],"product_cat":[83,72],"product_tag":[37,23,16],"class_list":{"0":"post-293","1":"product","2":"type-product","3":"status-publish","4":"has-post-thumbnail","6":"product_brand-special-cat","7":"product_cat-gatos-castrado","8":"product_cat-racoes-gatos","9":"product_tag-20kg","10":"product_tag-gatos","11":"product_tag-racao","13":"first","14":"instock","15":"shipping-taxable","16":"purchasable","17":"product-type-simple"},"_links":{"self":[{"href":"https:\/\/cersulpetshop.com.br\/produtos\/index.php?rest_route=\/wp\/v2\/product\/293","targetHints":{"allow":["GET"]}}],"collection":[{"href":"https:\/\/cersulpetshop.com.br\/produtos\/index.php?rest_route=\/wp\/v2\/product"}],"about":[{"href":"https:\/\/cersulpetshop.com.br\/produtos\/index.php?rest_route=\/wp\/v2\/types\/product"}],"replies":[{"embeddable":true,"href":"https:\/\/cersulpetshop.com.br\/produtos\/index.php?rest_route=%2Fwp%2Fv2%2Fcomments&post=293"}],"wp:featuredmedia":[{"embeddable":true,"href":"https:\/\/cersulpetshop.com.br\/produtos\/index.php?rest_route=\/wp\/v2\/media\/294"}],"wp:attachment":[{"href":"https:\/\/cersulpetshop.com.br\/produtos\/index.php?rest_route=%2Fwp%2Fv2%2Fmedia&parent=293"}],"wp:term":[{"taxonomy":"product_brand","embeddable":true,"href":"https:\/\/cersulpetshop.com.br\/produtos\/index.php?rest_route=%2Fwp%2Fv2%2Fproduct_brand&post=293"},{"taxonomy":"product_cat","embeddable":true,"href":"https:\/\/cersulpetshop.com.br\/produtos\/index.php?rest_route=%2Fwp%2Fv2%2Fproduct_cat&post=293"},{"taxonomy":"product_tag","embeddable":true,"href":"https:\/\/cersulpetshop.com.br\/produtos\/index.php?rest_route=%2Fwp%2Fv2%2Fproduct_tag&post=293"}],"curies":[{"name":"wp","href":"https:\/\/api.w.org\/{rel}","templated":true}]}}