{"id":304,"date":"2025-05-22T15:51:21","date_gmt":"2025-05-22T18:51:21","guid":{"rendered":"https:\/\/cersulpetshop.com.br\/produtos\/?post_type=product&#038;p=304"},"modified":"2025-11-17T10:18:16","modified_gmt":"2025-11-17T13:18:16","slug":"racao-whiskas-peixe-castrado-10-1kg","status":"publish","type":"product","link":"https:\/\/cersulpetshop.com.br\/produtos\/?product=racao-whiskas-peixe-castrado-10-1kg","title":{"rendered":"RA\u00c7\u00c3O WHISKAS PEIXE CASTRADO 10.1KG"},"content":{"rendered":"<ul>\n<li>Ra\u00e7\u00e3o Premium 100% completa e balanceada;<\/li>\n<li>Sem corantes presentes na ra\u00e7\u00e3o para gatos castrados;<\/li>\n<li>Nuggets crocantes com recheio macio e saboroso;<\/li>\n<li>Com probi\u00f3ticos que contribuem para digest\u00e3o saud\u00e1vel;<\/li>\n<li>Desenvolvida nutricionalmente em conjunto com veterin\u00e1rios;<\/li>\n<li>Ajuda na manuten\u00e7\u00e3o do peso ideal de gatos castrados;<\/li>\n<li>Controle de minerais para manter o trato urin\u00e1rio saud\u00e1vel;<\/li>\n<li>Com fibras naturais que ajudam a elimina\u00e7\u00e3o de bolas de pelo.<\/li>\n<\/ul>\n","protected":false},"excerpt":{"rendered":"<p>Ra\u00e7\u00e3o Premium 100% completa e balanceada; Sem corantes presentes na ra\u00e7\u00e3o para gatos castrados; Nuggets crocantes com recheio macio e saboroso; Com probi\u00f3ticos que contribuem para digest\u00e3o saud\u00e1vel; Desenvolvida nutricionalmente em conjunto com veterin\u00e1rios; Ajuda na manuten\u00e7\u00e3o do peso ideal de gatos castrados; Controle de minerais para manter o trato urin\u00e1rio saud\u00e1vel; Com fibras naturais [&hellip;]<\/p>\n","protected":false},"featured_media":303,"comment_status":"open","ping_status":"closed","template":"","meta":[],"product_brand":[65],"product_cat":[83,72],"product_tag":[49,50,23,16],"class_list":{"0":"post-304","1":"product","2":"type-product","3":"status-publish","4":"has-post-thumbnail","6":"product_brand-whiskas","7":"product_cat-gatos-castrado","8":"product_cat-racoes-gatos","9":"product_tag-49","10":"product_tag-1kg","11":"product_tag-gatos","12":"product_tag-racao","14":"first","15":"instock","16":"shipping-taxable","17":"purchasable","18":"product-type-simple"},"_links":{"self":[{"href":"https:\/\/cersulpetshop.com.br\/produtos\/index.php?rest_route=\/wp\/v2\/product\/304","targetHints":{"allow":["GET"]}}],"collection":[{"href":"https:\/\/cersulpetshop.com.br\/produtos\/index.php?rest_route=\/wp\/v2\/product"}],"about":[{"href":"https:\/\/cersulpetshop.com.br\/produtos\/index.php?rest_route=\/wp\/v2\/types\/product"}],"replies":[{"embeddable":true,"href":"https:\/\/cersulpetshop.com.br\/produtos\/index.php?rest_route=%2Fwp%2Fv2%2Fcomments&post=304"}],"wp:featuredmedia":[{"embeddable":true,"href":"https:\/\/cersulpetshop.com.br\/produtos\/index.php?rest_route=\/wp\/v2\/media\/303"}],"wp:attachment":[{"href":"https:\/\/cersulpetshop.com.br\/produtos\/index.php?rest_route=%2Fwp%2Fv2%2Fmedia&parent=304"}],"wp:term":[{"taxonomy":"product_brand","embeddable":true,"href":"https:\/\/cersulpetshop.com.br\/produtos\/index.php?rest_route=%2Fwp%2Fv2%2Fproduct_brand&post=304"},{"taxonomy":"product_cat","embeddable":true,"href":"https:\/\/cersulpetshop.com.br\/produtos\/index.php?rest_route=%2Fwp%2Fv2%2Fproduct_cat&post=304"},{"taxonomy":"product_tag","embeddable":true,"href":"https:\/\/cersulpetshop.com.br\/produtos\/index.php?rest_route=%2Fwp%2Fv2%2Fproduct_tag&post=304"}],"curies":[{"name":"wp","href":"https:\/\/api.w.org\/{rel}","templated":true}]}}