{"id":368,"date":"2025-06-23T13:13:29","date_gmt":"2025-06-23T16:13:29","guid":{"rendered":"https:\/\/cersulpetshop.com.br\/produtos\/?post_type=product&#038;p=368"},"modified":"2026-04-16T09:59:52","modified_gmt":"2026-04-16T12:59:52","slug":"racao-premier-formula-racas-medias-20kg","status":"publish","type":"product","link":"https:\/\/cersulpetshop.com.br\/produtos\/?product=racao-premier-formula-racas-medias-20kg","title":{"rendered":"PREMIER F\u00d3RMULA C\u00c3ES ADULTO MEDIO 20KG"},"content":{"rendered":"<p>A\u00a0<strong>Ra\u00e7\u00e3o Premier Formula C\u00e3es Adultos Ra\u00e7as M\u00e9dias<\/strong>\u00a0ser\u00e1 sua principal aliada na manuten\u00e7\u00e3o da sa\u00fade do seu c\u00e3o. Composta por ingredientes naturais, ela ajuda a manter o bom funcionamento do trato digestivo.<\/p>\n<p>Enriquecida com \u00d4mega 3 e prote\u00ednas de alt\u00edssima qualidade, ajuda a manter a pelagem do seu amigo sedosa e brilhante. Al\u00e9m disso, os minerais e vitaminas v\u00e3o dar aquela for\u00e7a para sa\u00fade dele estar sempre em dia.<\/p>\n<p>A premier, refer\u00eancia no mercado nacional, desenvolveu a\u00a0<strong>Ra\u00e7\u00e3o Premier Formula C\u00e3es Adultos Ra\u00e7as M\u00e9dias<\/strong>\u00a0com o intuito de oferecer um produto que possa ser a \u00fanica a fonte de alimenta\u00e7\u00e3o do seu animal.<\/p>\n","protected":false},"excerpt":{"rendered":"<p>A\u00a0Ra\u00e7\u00e3o Premier Formula C\u00e3es Adultos Ra\u00e7as M\u00e9dias\u00a0ser\u00e1 sua principal aliada na manuten\u00e7\u00e3o da sa\u00fade do seu c\u00e3o. Composta por ingredientes naturais, ela ajuda a manter o bom funcionamento do trato digestivo. Enriquecida com \u00d4mega 3 e prote\u00ednas de alt\u00edssima qualidade, ajuda a manter a pelagem do seu amigo sedosa e brilhante. Al\u00e9m disso, os minerais [&hellip;]<\/p>\n","protected":false},"featured_media":369,"comment_status":"open","ping_status":"closed","template":"","meta":[],"product_brand":[],"product_cat":[79,71],"product_tag":[],"class_list":{"0":"post-368","1":"product","2":"type-product","3":"status-publish","4":"has-post-thumbnail","6":"product_cat-caes-racas-medias-grande","7":"product_cat-racoes-caes","9":"first","10":"instock","11":"shipping-taxable","12":"purchasable","13":"product-type-simple"},"_links":{"self":[{"href":"https:\/\/cersulpetshop.com.br\/produtos\/index.php?rest_route=\/wp\/v2\/product\/368","targetHints":{"allow":["GET"]}}],"collection":[{"href":"https:\/\/cersulpetshop.com.br\/produtos\/index.php?rest_route=\/wp\/v2\/product"}],"about":[{"href":"https:\/\/cersulpetshop.com.br\/produtos\/index.php?rest_route=\/wp\/v2\/types\/product"}],"replies":[{"embeddable":true,"href":"https:\/\/cersulpetshop.com.br\/produtos\/index.php?rest_route=%2Fwp%2Fv2%2Fcomments&post=368"}],"wp:featuredmedia":[{"embeddable":true,"href":"https:\/\/cersulpetshop.com.br\/produtos\/index.php?rest_route=\/wp\/v2\/media\/369"}],"wp:attachment":[{"href":"https:\/\/cersulpetshop.com.br\/produtos\/index.php?rest_route=%2Fwp%2Fv2%2Fmedia&parent=368"}],"wp:term":[{"taxonomy":"product_brand","embeddable":true,"href":"https:\/\/cersulpetshop.com.br\/produtos\/index.php?rest_route=%2Fwp%2Fv2%2Fproduct_brand&post=368"},{"taxonomy":"product_cat","embeddable":true,"href":"https:\/\/cersulpetshop.com.br\/produtos\/index.php?rest_route=%2Fwp%2Fv2%2Fproduct_cat&post=368"},{"taxonomy":"product_tag","embeddable":true,"href":"https:\/\/cersulpetshop.com.br\/produtos\/index.php?rest_route=%2Fwp%2Fv2%2Fproduct_tag&post=368"}],"curies":[{"name":"wp","href":"https:\/\/api.w.org\/{rel}","templated":true}]}}