{"id":370,"date":"2025-06-23T13:26:08","date_gmt":"2025-06-23T16:26:08","guid":{"rendered":"https:\/\/cersulpetshop.com.br\/produtos\/?post_type=product&#038;p=370"},"modified":"2026-04-16T09:58:35","modified_gmt":"2026-04-16T12:58:35","slug":"racao-golden-senior-15kg","status":"publish","type":"product","link":"https:\/\/cersulpetshop.com.br\/produtos\/?product=racao-golden-senior-15kg","title":{"rendered":"GOLDEN C\u00c3ES ADULTO SENIOR  15KG"},"content":{"rendered":"<p>A\u00a0<strong>ra\u00e7\u00e3o Golden Senior<\/strong>\u00a0sabor frango e arroz para c\u00e3es idosos \u00e9 um alimento completo que pertence \u00e0 categoria Premium Especial. Ela cont\u00e9m tudo o que o seu pet precisa para ter uma dieta balanceada e qualidade de vida nessa etapa t\u00e3o importante da vida.<\/p>\n<h2>Ra\u00e7\u00e3o Golden Senior: benef\u00edcios<\/h2>\n<p>A\u00a0<strong>ra\u00e7\u00e3o Golden Senior<\/strong>, al\u00e9m de uma nutri\u00e7\u00e3o completa para o seu animal de estima\u00e7\u00e3o, oferece os seguintes benef\u00edcios:<\/p>\n<ul>\n<li>Redu\u00e7\u00e3o do t\u00e1rtaro;<\/li>\n<li>diminui\u00e7\u00e3o do odor das fezes do animal;<\/li>\n<li>mant\u00e9m as articula\u00e7\u00f5es saud\u00e1veis;<\/li>\n<li>promove a manuten\u00e7\u00e3o da massa magra.<\/li>\n<\/ul>\n<p>&nbsp;<\/p>\n<h3>Ra\u00e7\u00e3o Golden Senior sabor frango e arroz: composi\u00e7\u00e3o<\/h3>\n<p>Farinha de v\u00edsceras de frango, gr\u00e3o de milho*, quirera de arroz, farelo de arroz desengordurado, fibra de cana-de-a\u00e7\u00facar, gr\u00e3o de linha\u00e7a, polpa desidratada de beterraba, gordura de frango, cloreto de pot\u00e1ssio, cloreto de s\u00f3dio, sulfato de condroitina, sulfato de glicosamina, \u00e1cido propi\u00f4nico, bentonita, BHA (Butilhidroxianisol), BHT (Butilhidroxitolueno), extrato de yucca (0,04%), hexametafosfato de s\u00f3dio (0,10%), hidrolisado de f\u00edgado de aves e su\u00edno, parede celular de levedura (fonte de mananoligossacar\u00eddeos), vitamina A, vitamina B1, vitamina B2, vitamina B3, vitamina B5, vitamina B6, vitamina B7, vitamina B9, vitamina B12, vitamina C, cloreto de colina, vitamina D3, vitamina E, vitamina K3, iodeto de c\u00e1lcio, selenometionina hidroxi an\u00e1loga, sulfato de cobre pentahidratado, sulfato de ferro, sulfato de mangan\u00eas, sulfato de zinco monohidratado.<\/p>\n","protected":false},"excerpt":{"rendered":"<p>A\u00a0ra\u00e7\u00e3o Golden Senior\u00a0sabor frango e arroz para c\u00e3es idosos \u00e9 um alimento completo que pertence \u00e0 categoria Premium Especial. Ela cont\u00e9m tudo o que o seu pet precisa para ter uma dieta balanceada e qualidade de vida nessa etapa t\u00e3o importante da vida. Ra\u00e7\u00e3o Golden Senior: benef\u00edcios A\u00a0ra\u00e7\u00e3o Golden Senior, al\u00e9m de uma nutri\u00e7\u00e3o completa [&hellip;]<\/p>\n","protected":false},"featured_media":371,"comment_status":"open","ping_status":"closed","template":"","meta":[],"product_brand":[],"product_cat":[79,71],"product_tag":[],"class_list":{"0":"post-370","1":"product","2":"type-product","3":"status-publish","4":"has-post-thumbnail","6":"product_cat-caes-racas-medias-grande","7":"product_cat-racoes-caes","9":"first","10":"instock","11":"shipping-taxable","12":"purchasable","13":"product-type-simple"},"_links":{"self":[{"href":"https:\/\/cersulpetshop.com.br\/produtos\/index.php?rest_route=\/wp\/v2\/product\/370","targetHints":{"allow":["GET"]}}],"collection":[{"href":"https:\/\/cersulpetshop.com.br\/produtos\/index.php?rest_route=\/wp\/v2\/product"}],"about":[{"href":"https:\/\/cersulpetshop.com.br\/produtos\/index.php?rest_route=\/wp\/v2\/types\/product"}],"replies":[{"embeddable":true,"href":"https:\/\/cersulpetshop.com.br\/produtos\/index.php?rest_route=%2Fwp%2Fv2%2Fcomments&post=370"}],"wp:featuredmedia":[{"embeddable":true,"href":"https:\/\/cersulpetshop.com.br\/produtos\/index.php?rest_route=\/wp\/v2\/media\/371"}],"wp:attachment":[{"href":"https:\/\/cersulpetshop.com.br\/produtos\/index.php?rest_route=%2Fwp%2Fv2%2Fmedia&parent=370"}],"wp:term":[{"taxonomy":"product_brand","embeddable":true,"href":"https:\/\/cersulpetshop.com.br\/produtos\/index.php?rest_route=%2Fwp%2Fv2%2Fproduct_brand&post=370"},{"taxonomy":"product_cat","embeddable":true,"href":"https:\/\/cersulpetshop.com.br\/produtos\/index.php?rest_route=%2Fwp%2Fv2%2Fproduct_cat&post=370"},{"taxonomy":"product_tag","embeddable":true,"href":"https:\/\/cersulpetshop.com.br\/produtos\/index.php?rest_route=%2Fwp%2Fv2%2Fproduct_tag&post=370"}],"curies":[{"name":"wp","href":"https:\/\/api.w.org\/{rel}","templated":true}]}}