{"id":372,"date":"2025-06-23T13:30:59","date_gmt":"2025-06-23T16:30:59","guid":{"rendered":"https:\/\/cersulpetshop.com.br\/produtos\/?post_type=product&#038;p=372"},"modified":"2026-04-16T11:06:05","modified_gmt":"2026-04-16T14:06:05","slug":"racao-zuppy-select-20kg","status":"publish","type":"product","link":"https:\/\/cersulpetshop.com.br\/produtos\/?product=racao-zuppy-select-20kg","title":{"rendered":"ZUPPY SELECTION CARNE E FRANGO 20kg"},"content":{"rendered":"<p>ZUPPY PREMIUM ESPECIAL SELECTION SABOR CARNE E FRANGO alimento completo e balanceado, para c\u00e3es adultos de todas a ra\u00e7as. \u00c9 um produto de alta palatabilidade, com um perfeito equil\u00edbrio nutricional para que o seu amigo tenha uma vida ativa, longa e com sa\u00fade.<\/p>\n<p>Composi\u00e7\u00e3o<br \/>\nFarinha de carne e ossos de bovino (m\u00edn. 10%), farinha de v\u00edsceras de aves (m\u00edn. 10%), quirera de arroz, milho* mo\u00eddo, farelo de soja**, sorgo integral mo\u00eddo, farelo de gl\u00faten de milho* 60, farelo de gl\u00faten de milho* 21, g\u00e9rmen de milho*, \u00f3leo de aves, \u00f3leo de peixes, hidrolisado de f\u00edgado, levedura de cana de a\u00e7\u00facar inativada e desidratada (m\u00edn. 0,5%), cloreto de s\u00f3dio, gr\u00e3o de linha\u00e7a, biomassa de microalgas (Schizochytrium sp.), extrato de yucca (m\u00edn. 0,02%), hexametafosfato de s\u00f3dio, sulfato de condroitina, sulfato de glicosamina, polpa desidratada de beterraba, propionato de c\u00e1lcio, butilhidroxitolueno (BHT), \u00e1cido f\u00f3lico, \u00e1cido pantot\u00eanico, biotina, cloreto de colina, iodato de c\u00e1lcio, niacina, piridoxina, riboflavina, selenito de s\u00f3dio, sulfato de cobalto, sulfato de cobre, sulfato de mangan\u00eas, sulfato de zinco, sulfato ferroso, tiamina, vitamina A, cianocobalamina, vitamina D3, vitamina E, vitamina K.<\/p>\n","protected":false},"excerpt":{"rendered":"<p>ZUPPY PREMIUM ESPECIAL SELECTION SABOR CARNE E FRANGO alimento completo e balanceado, para c\u00e3es adultos de todas a ra\u00e7as. \u00c9 um produto de alta palatabilidade, com um perfeito equil\u00edbrio nutricional para que o seu amigo tenha uma vida ativa, longa e com sa\u00fade. Composi\u00e7\u00e3o Farinha de carne e ossos de bovino (m\u00edn. 10%), farinha de [&hellip;]<\/p>\n","protected":false},"featured_media":373,"comment_status":"open","ping_status":"closed","template":"","meta":[],"product_brand":[],"product_cat":[79,71],"product_tag":[],"class_list":{"0":"post-372","1":"product","2":"type-product","3":"status-publish","4":"has-post-thumbnail","6":"product_cat-caes-racas-medias-grande","7":"product_cat-racoes-caes","9":"first","10":"instock","11":"shipping-taxable","12":"purchasable","13":"product-type-simple"},"_links":{"self":[{"href":"https:\/\/cersulpetshop.com.br\/produtos\/index.php?rest_route=\/wp\/v2\/product\/372","targetHints":{"allow":["GET"]}}],"collection":[{"href":"https:\/\/cersulpetshop.com.br\/produtos\/index.php?rest_route=\/wp\/v2\/product"}],"about":[{"href":"https:\/\/cersulpetshop.com.br\/produtos\/index.php?rest_route=\/wp\/v2\/types\/product"}],"replies":[{"embeddable":true,"href":"https:\/\/cersulpetshop.com.br\/produtos\/index.php?rest_route=%2Fwp%2Fv2%2Fcomments&post=372"}],"wp:featuredmedia":[{"embeddable":true,"href":"https:\/\/cersulpetshop.com.br\/produtos\/index.php?rest_route=\/wp\/v2\/media\/373"}],"wp:attachment":[{"href":"https:\/\/cersulpetshop.com.br\/produtos\/index.php?rest_route=%2Fwp%2Fv2%2Fmedia&parent=372"}],"wp:term":[{"taxonomy":"product_brand","embeddable":true,"href":"https:\/\/cersulpetshop.com.br\/produtos\/index.php?rest_route=%2Fwp%2Fv2%2Fproduct_brand&post=372"},{"taxonomy":"product_cat","embeddable":true,"href":"https:\/\/cersulpetshop.com.br\/produtos\/index.php?rest_route=%2Fwp%2Fv2%2Fproduct_cat&post=372"},{"taxonomy":"product_tag","embeddable":true,"href":"https:\/\/cersulpetshop.com.br\/produtos\/index.php?rest_route=%2Fwp%2Fv2%2Fproduct_tag&post=372"}],"curies":[{"name":"wp","href":"https:\/\/api.w.org\/{rel}","templated":true}]}}