{"id":374,"date":"2025-06-23T13:33:19","date_gmt":"2025-06-23T16:33:19","guid":{"rendered":"https:\/\/cersulpetshop.com.br\/produtos\/?post_type=product&#038;p=374"},"modified":"2026-04-16T09:53:29","modified_gmt":"2026-04-16T12:53:29","slug":"racao-raguife-tilapia-15kg","status":"publish","type":"product","link":"https:\/\/cersulpetshop.com.br\/produtos\/?product=racao-raguife-tilapia-15kg","title":{"rendered":"RAGUIFE TIL\u00c1PIA 15Kg"},"content":{"rendered":"<p>Ra\u00e7\u00e3o Raguife Premium Line Para C\u00e3es Adultos Sabor Til\u00e1pia 15 Kg<\/p>\n<p>Donos de c\u00e3es de ra\u00e7as m\u00e9dias e grandes buscam uma ra\u00e7\u00e3o que n\u00e3o apenas satisfa\u00e7a o apetite, mas tamb\u00e9m promova a sa\u00fade geral, incluindo articula\u00e7\u00f5es fortes e pele saud\u00e1vel.<\/p>\n<p>Descubra a Ra\u00e7\u00e3o Raguife Premium Line para C\u00e3es Adultos de Ra\u00e7as M\u00e9dias e Grandes, sabor Til\u00e1pia. Formulada cuidadosamente para oferecer uma nutri\u00e7\u00e3o balanceada e deliciosa, oferecendo maior prote\u00e7\u00e3o as articula\u00e7\u00f5es, melhorando a sa\u00fade da pele e pelagem, fortalecendo o sistema imunol\u00f3gico e proporcionando uma experi\u00eancia gustativa irresist\u00edvel para seu c\u00e3o.<\/p>\n","protected":false},"excerpt":{"rendered":"<p>Ra\u00e7\u00e3o Raguife Premium Line Para C\u00e3es Adultos Sabor Til\u00e1pia 15 Kg Donos de c\u00e3es de ra\u00e7as m\u00e9dias e grandes buscam uma ra\u00e7\u00e3o que n\u00e3o apenas satisfa\u00e7a o apetite, mas tamb\u00e9m promova a sa\u00fade geral, incluindo articula\u00e7\u00f5es fortes e pele saud\u00e1vel. Descubra a Ra\u00e7\u00e3o Raguife Premium Line para C\u00e3es Adultos de Ra\u00e7as M\u00e9dias e Grandes, sabor [&hellip;]<\/p>\n","protected":false},"featured_media":376,"comment_status":"open","ping_status":"closed","template":"","meta":[],"product_brand":[],"product_cat":[79,71],"product_tag":[],"class_list":{"0":"post-374","1":"product","2":"type-product","3":"status-publish","4":"has-post-thumbnail","6":"product_cat-caes-racas-medias-grande","7":"product_cat-racoes-caes","9":"first","10":"instock","11":"shipping-taxable","12":"purchasable","13":"product-type-simple"},"_links":{"self":[{"href":"https:\/\/cersulpetshop.com.br\/produtos\/index.php?rest_route=\/wp\/v2\/product\/374","targetHints":{"allow":["GET"]}}],"collection":[{"href":"https:\/\/cersulpetshop.com.br\/produtos\/index.php?rest_route=\/wp\/v2\/product"}],"about":[{"href":"https:\/\/cersulpetshop.com.br\/produtos\/index.php?rest_route=\/wp\/v2\/types\/product"}],"replies":[{"embeddable":true,"href":"https:\/\/cersulpetshop.com.br\/produtos\/index.php?rest_route=%2Fwp%2Fv2%2Fcomments&post=374"}],"wp:featuredmedia":[{"embeddable":true,"href":"https:\/\/cersulpetshop.com.br\/produtos\/index.php?rest_route=\/wp\/v2\/media\/376"}],"wp:attachment":[{"href":"https:\/\/cersulpetshop.com.br\/produtos\/index.php?rest_route=%2Fwp%2Fv2%2Fmedia&parent=374"}],"wp:term":[{"taxonomy":"product_brand","embeddable":true,"href":"https:\/\/cersulpetshop.com.br\/produtos\/index.php?rest_route=%2Fwp%2Fv2%2Fproduct_brand&post=374"},{"taxonomy":"product_cat","embeddable":true,"href":"https:\/\/cersulpetshop.com.br\/produtos\/index.php?rest_route=%2Fwp%2Fv2%2Fproduct_cat&post=374"},{"taxonomy":"product_tag","embeddable":true,"href":"https:\/\/cersulpetshop.com.br\/produtos\/index.php?rest_route=%2Fwp%2Fv2%2Fproduct_tag&post=374"}],"curies":[{"name":"wp","href":"https:\/\/api.w.org\/{rel}","templated":true}]}}