{"id":383,"date":"2025-06-23T14:10:08","date_gmt":"2025-06-23T17:10:08","guid":{"rendered":"https:\/\/cersulpetshop.com.br\/produtos\/?post_type=product&#038;p=383"},"modified":"2026-04-16T11:04:22","modified_gmt":"2026-04-16T14:04:22","slug":"racao-senior-frango-e-salmao-25kg","status":"publish","type":"product","link":"https:\/\/cersulpetshop.com.br\/produtos\/?product=racao-senior-frango-e-salmao-25kg","title":{"rendered":"PREMIER S\u00caNIOR FRANGO E SALM\u00c3O 2,5kg"},"content":{"rendered":"<p>A\u00a0<strong>Ra\u00e7\u00e3o Premier ambientes internos<\/strong>\u00a0c\u00e3es adultos pequeno porte sabor frango e salm\u00e3o \u00e9 um alimento Super Premium. Ela foi desenvolvida para atender as necessidades nutricionais de animais sem contato com a rua e contato permanente com os tutores.<\/p>\n<h2>Ra\u00e7\u00e3o Premier ambientes internos ra\u00e7as pequenas: benef\u00edcios<\/h2>\n<p>Al\u00e9m de oferecer o aporte nutricional que o seu animal de estima\u00e7\u00e3o precisa, a\u00a0<strong>Ra\u00e7\u00e3o Premier ambientes internos para ra\u00e7as pequenas<\/strong>, garante os seguintes benef\u00edcios:<\/p>\n<ul>\n<li>Mais sa\u00fade e vitalidade ao pet;<\/li>\n<li>diminui\u00e7\u00e3o do odor e do volume das fezes;<\/li>\n<li>mais sabor para a hora da refei\u00e7\u00e3o;<\/li>\n<li>pelagem brilhante e bonita;<\/li>\n<li>pele mais saud\u00e1vel.<\/li>\n<\/ul>\n","protected":false},"excerpt":{"rendered":"<p>A\u00a0Ra\u00e7\u00e3o Premier ambientes internos\u00a0c\u00e3es adultos pequeno porte sabor frango e salm\u00e3o \u00e9 um alimento Super Premium. Ela foi desenvolvida para atender as necessidades nutricionais de animais sem contato com a rua e contato permanente com os tutores. Ra\u00e7\u00e3o Premier ambientes internos ra\u00e7as pequenas: benef\u00edcios Al\u00e9m de oferecer o aporte nutricional que o seu animal de [&hellip;]<\/p>\n","protected":false},"featured_media":475,"comment_status":"open","ping_status":"closed","template":"","meta":[],"product_brand":[],"product_cat":[80,71],"product_tag":[],"class_list":{"0":"post-383","1":"product","2":"type-product","3":"status-publish","4":"has-post-thumbnail","6":"product_cat-caes-racas-pequenas","7":"product_cat-racoes-caes","9":"first","10":"instock","11":"shipping-taxable","12":"purchasable","13":"product-type-simple"},"_links":{"self":[{"href":"https:\/\/cersulpetshop.com.br\/produtos\/index.php?rest_route=\/wp\/v2\/product\/383","targetHints":{"allow":["GET"]}}],"collection":[{"href":"https:\/\/cersulpetshop.com.br\/produtos\/index.php?rest_route=\/wp\/v2\/product"}],"about":[{"href":"https:\/\/cersulpetshop.com.br\/produtos\/index.php?rest_route=\/wp\/v2\/types\/product"}],"replies":[{"embeddable":true,"href":"https:\/\/cersulpetshop.com.br\/produtos\/index.php?rest_route=%2Fwp%2Fv2%2Fcomments&post=383"}],"wp:featuredmedia":[{"embeddable":true,"href":"https:\/\/cersulpetshop.com.br\/produtos\/index.php?rest_route=\/wp\/v2\/media\/475"}],"wp:attachment":[{"href":"https:\/\/cersulpetshop.com.br\/produtos\/index.php?rest_route=%2Fwp%2Fv2%2Fmedia&parent=383"}],"wp:term":[{"taxonomy":"product_brand","embeddable":true,"href":"https:\/\/cersulpetshop.com.br\/produtos\/index.php?rest_route=%2Fwp%2Fv2%2Fproduct_brand&post=383"},{"taxonomy":"product_cat","embeddable":true,"href":"https:\/\/cersulpetshop.com.br\/produtos\/index.php?rest_route=%2Fwp%2Fv2%2Fproduct_cat&post=383"},{"taxonomy":"product_tag","embeddable":true,"href":"https:\/\/cersulpetshop.com.br\/produtos\/index.php?rest_route=%2Fwp%2Fv2%2Fproduct_tag&post=383"}],"curies":[{"name":"wp","href":"https:\/\/api.w.org\/{rel}","templated":true}]}}