{"id":385,"date":"2025-06-23T14:14:07","date_gmt":"2025-06-23T17:14:07","guid":{"rendered":"https:\/\/cersulpetshop.com.br\/produtos\/?post_type=product&#038;p=385"},"modified":"2025-06-23T14:14:08","modified_gmt":"2025-06-23T17:14:08","slug":"racao-bulldog-frances-25kg","status":"publish","type":"product","link":"https:\/\/cersulpetshop.com.br\/produtos\/?product=racao-bulldog-frances-25kg","title":{"rendered":"RA\u00c7\u00c3O BULLDOG FRANC\u00caS 2,5kg"},"content":{"rendered":"<p>&#8211; Indicada para c\u00e3es adultos;<br \/>\n&#8211; Espec\u00edfica para pets da ra\u00e7a Bulldog Franc\u00eas;<br \/>\n&#8211; Alimenta\u00e7\u00e3o completa e balanceada;<br \/>\n&#8211; Auxilia na redu\u00e7\u00e3o do odor e volume das fezes;<br \/>\n&#8211; Proporciona mais sa\u00fade oral e articular,<\/p>\n","protected":false},"excerpt":{"rendered":"<p>&#8211; Indicada para c\u00e3es adultos; &#8211; Espec\u00edfica para pets da ra\u00e7a Bulldog Franc\u00eas; &#8211; Alimenta\u00e7\u00e3o completa e balanceada; &#8211; Auxilia na redu\u00e7\u00e3o do odor e volume das fezes; &#8211; Proporciona mais sa\u00fade oral e articular,<\/p>\n","protected":false},"featured_media":386,"comment_status":"open","ping_status":"closed","template":"","meta":[],"product_brand":[],"product_cat":[80,71],"product_tag":[],"class_list":{"0":"post-385","1":"product","2":"type-product","3":"status-publish","4":"has-post-thumbnail","6":"product_cat-caes-racas-pequenas","7":"product_cat-racoes-caes","9":"first","10":"instock","11":"shipping-taxable","12":"purchasable","13":"product-type-simple"},"_links":{"self":[{"href":"https:\/\/cersulpetshop.com.br\/produtos\/index.php?rest_route=\/wp\/v2\/product\/385","targetHints":{"allow":["GET"]}}],"collection":[{"href":"https:\/\/cersulpetshop.com.br\/produtos\/index.php?rest_route=\/wp\/v2\/product"}],"about":[{"href":"https:\/\/cersulpetshop.com.br\/produtos\/index.php?rest_route=\/wp\/v2\/types\/product"}],"replies":[{"embeddable":true,"href":"https:\/\/cersulpetshop.com.br\/produtos\/index.php?rest_route=%2Fwp%2Fv2%2Fcomments&post=385"}],"wp:featuredmedia":[{"embeddable":true,"href":"https:\/\/cersulpetshop.com.br\/produtos\/index.php?rest_route=\/wp\/v2\/media\/386"}],"wp:attachment":[{"href":"https:\/\/cersulpetshop.com.br\/produtos\/index.php?rest_route=%2Fwp%2Fv2%2Fmedia&parent=385"}],"wp:term":[{"taxonomy":"product_brand","embeddable":true,"href":"https:\/\/cersulpetshop.com.br\/produtos\/index.php?rest_route=%2Fwp%2Fv2%2Fproduct_brand&post=385"},{"taxonomy":"product_cat","embeddable":true,"href":"https:\/\/cersulpetshop.com.br\/produtos\/index.php?rest_route=%2Fwp%2Fv2%2Fproduct_cat&post=385"},{"taxonomy":"product_tag","embeddable":true,"href":"https:\/\/cersulpetshop.com.br\/produtos\/index.php?rest_route=%2Fwp%2Fv2%2Fproduct_tag&post=385"}],"curies":[{"name":"wp","href":"https:\/\/api.w.org\/{rel}","templated":true}]}}