{"id":391,"date":"2025-06-23T14:30:35","date_gmt":"2025-06-23T17:30:35","guid":{"rendered":"https:\/\/cersulpetshop.com.br\/produtos\/?post_type=product&#038;p=391"},"modified":"2026-04-16T10:57:22","modified_gmt":"2026-04-16T13:57:22","slug":"racao-premier-shih-tzu-1kg","status":"publish","type":"product","link":"https:\/\/cersulpetshop.com.br\/produtos\/?product=racao-premier-shih-tzu-1kg","title":{"rendered":"PREMIER SHIH TZU 1kg"},"content":{"rendered":"<ul>\n<li>Indicada para c\u00e3es;<\/li>\n<li>Atende as particularidades da ra\u00e7a com gr\u00e3os em tamanho especial;<\/li>\n<li>Ajuda na diminui\u00e7\u00e3o da forma\u00e7\u00e3o de t\u00e1rtaro;<\/li>\n<li>Beleza e sa\u00fade para pelagem e pelos de seu pet;<\/li>\n<li>Auxilia no bom funcionamento intestinal;<\/li>\n<li>Auxiliar na sa\u00fade oral,<\/li>\n<\/ul>\n","protected":false},"excerpt":{"rendered":"<p>Indicada para c\u00e3es; Atende as particularidades da ra\u00e7a com gr\u00e3os em tamanho especial; Ajuda na diminui\u00e7\u00e3o da forma\u00e7\u00e3o de t\u00e1rtaro; Beleza e sa\u00fade para pelagem e pelos de seu pet; Auxilia no bom funcionamento intestinal; Auxiliar na sa\u00fade oral,<\/p>\n","protected":false},"featured_media":392,"comment_status":"open","ping_status":"closed","template":"","meta":[],"product_brand":[],"product_cat":[80,71],"product_tag":[],"class_list":{"0":"post-391","1":"product","2":"type-product","3":"status-publish","4":"has-post-thumbnail","6":"product_cat-caes-racas-pequenas","7":"product_cat-racoes-caes","9":"first","10":"instock","11":"shipping-taxable","12":"purchasable","13":"product-type-simple"},"_links":{"self":[{"href":"https:\/\/cersulpetshop.com.br\/produtos\/index.php?rest_route=\/wp\/v2\/product\/391","targetHints":{"allow":["GET"]}}],"collection":[{"href":"https:\/\/cersulpetshop.com.br\/produtos\/index.php?rest_route=\/wp\/v2\/product"}],"about":[{"href":"https:\/\/cersulpetshop.com.br\/produtos\/index.php?rest_route=\/wp\/v2\/types\/product"}],"replies":[{"embeddable":true,"href":"https:\/\/cersulpetshop.com.br\/produtos\/index.php?rest_route=%2Fwp%2Fv2%2Fcomments&post=391"}],"wp:featuredmedia":[{"embeddable":true,"href":"https:\/\/cersulpetshop.com.br\/produtos\/index.php?rest_route=\/wp\/v2\/media\/392"}],"wp:attachment":[{"href":"https:\/\/cersulpetshop.com.br\/produtos\/index.php?rest_route=%2Fwp%2Fv2%2Fmedia&parent=391"}],"wp:term":[{"taxonomy":"product_brand","embeddable":true,"href":"https:\/\/cersulpetshop.com.br\/produtos\/index.php?rest_route=%2Fwp%2Fv2%2Fproduct_brand&post=391"},{"taxonomy":"product_cat","embeddable":true,"href":"https:\/\/cersulpetshop.com.br\/produtos\/index.php?rest_route=%2Fwp%2Fv2%2Fproduct_cat&post=391"},{"taxonomy":"product_tag","embeddable":true,"href":"https:\/\/cersulpetshop.com.br\/produtos\/index.php?rest_route=%2Fwp%2Fv2%2Fproduct_tag&post=391"}],"curies":[{"name":"wp","href":"https:\/\/api.w.org\/{rel}","templated":true}]}}