{"id":399,"date":"2025-06-23T14:45:16","date_gmt":"2025-06-23T17:45:16","guid":{"rendered":"https:\/\/cersulpetshop.com.br\/produtos\/?post_type=product&#038;p=399"},"modified":"2026-04-16T11:03:33","modified_gmt":"2026-04-16T14:03:33","slug":"racao-premier-ambiente-interno-25kg","status":"publish","type":"product","link":"https:\/\/cersulpetshop.com.br\/produtos\/?product=racao-premier-ambiente-interno-25kg","title":{"rendered":"PREMIER AMBIENTE INTERNO 2,5kg"},"content":{"rendered":"<p>PremieR Ambientes Internos \u00e9 a primeira linha de alimentos espec\u00edficos para c\u00e3es que vivem dentro de casa, em \u00edntimo contato com seus donos.<\/p>\n<p>&nbsp;<\/p>\n<p>\u2022 PELAGEM BONITA E PELE SAUD\u00c1VEL<br \/>\nRico em prote\u00ednas de alta qualidade e equil\u00edbrio ideal de \u00e1cidos graxos essenciais &#8211; \u00f4megas 3 e 6.<\/p>\n<p>\u2022 SA\u00daDE ORAL<br \/>\nCont\u00e9m hexametafosfato de s\u00f3dio, importante ingrediente que auxilia na preven\u00e7\u00e3o da forma\u00e7\u00e3o do c\u00e1lculo dental.<\/p>\n","protected":false},"excerpt":{"rendered":"<p>PremieR Ambientes Internos \u00e9 a primeira linha de alimentos espec\u00edficos para c\u00e3es que vivem dentro de casa, em \u00edntimo contato com seus donos. &nbsp; \u2022 PELAGEM BONITA E PELE SAUD\u00c1VEL Rico em prote\u00ednas de alta qualidade e equil\u00edbrio ideal de \u00e1cidos graxos essenciais &#8211; \u00f4megas 3 e 6. \u2022 SA\u00daDE ORAL Cont\u00e9m hexametafosfato de s\u00f3dio, [&hellip;]<\/p>\n","protected":false},"featured_media":400,"comment_status":"open","ping_status":"closed","template":"","meta":[],"product_brand":[],"product_cat":[80,71],"product_tag":[],"class_list":{"0":"post-399","1":"product","2":"type-product","3":"status-publish","4":"has-post-thumbnail","6":"product_cat-caes-racas-pequenas","7":"product_cat-racoes-caes","9":"first","10":"instock","11":"shipping-taxable","12":"purchasable","13":"product-type-simple"},"_links":{"self":[{"href":"https:\/\/cersulpetshop.com.br\/produtos\/index.php?rest_route=\/wp\/v2\/product\/399","targetHints":{"allow":["GET"]}}],"collection":[{"href":"https:\/\/cersulpetshop.com.br\/produtos\/index.php?rest_route=\/wp\/v2\/product"}],"about":[{"href":"https:\/\/cersulpetshop.com.br\/produtos\/index.php?rest_route=\/wp\/v2\/types\/product"}],"replies":[{"embeddable":true,"href":"https:\/\/cersulpetshop.com.br\/produtos\/index.php?rest_route=%2Fwp%2Fv2%2Fcomments&post=399"}],"wp:featuredmedia":[{"embeddable":true,"href":"https:\/\/cersulpetshop.com.br\/produtos\/index.php?rest_route=\/wp\/v2\/media\/400"}],"wp:attachment":[{"href":"https:\/\/cersulpetshop.com.br\/produtos\/index.php?rest_route=%2Fwp%2Fv2%2Fmedia&parent=399"}],"wp:term":[{"taxonomy":"product_brand","embeddable":true,"href":"https:\/\/cersulpetshop.com.br\/produtos\/index.php?rest_route=%2Fwp%2Fv2%2Fproduct_brand&post=399"},{"taxonomy":"product_cat","embeddable":true,"href":"https:\/\/cersulpetshop.com.br\/produtos\/index.php?rest_route=%2Fwp%2Fv2%2Fproduct_cat&post=399"},{"taxonomy":"product_tag","embeddable":true,"href":"https:\/\/cersulpetshop.com.br\/produtos\/index.php?rest_route=%2Fwp%2Fv2%2Fproduct_tag&post=399"}],"curies":[{"name":"wp","href":"https:\/\/api.w.org\/{rel}","templated":true}]}}