{"id":401,"date":"2025-06-23T14:49:16","date_gmt":"2025-06-23T17:49:16","guid":{"rendered":"https:\/\/cersulpetshop.com.br\/produtos\/?post_type=product&#038;p=401"},"modified":"2026-04-16T10:58:20","modified_gmt":"2026-04-16T13:58:20","slug":"racao-premier-lhasa-apso-1kg","status":"publish","type":"product","link":"https:\/\/cersulpetshop.com.br\/produtos\/?product=racao-premier-lhasa-apso-1kg","title":{"rendered":"PREMIER LHASA APSO 1kg"},"content":{"rendered":"<div class=\"styles__TextInfoContent-sc-1qkvy0f-1 iXFCSC\">\n<p class=\"subtitle-md\">Informa\u00e7\u00f5es<\/p>\n<\/div>\n<div class=\"styles__ProductInformations-sc-1qkvy0f-2 cPWkQg\">\n<ul>\n<li>Minimiza os principais problemas de sa\u00fade das ra\u00e7as;<\/li>\n<li>Propiciam sa\u00fade e beleza para a pele e pelagem;<\/li>\n<li>Auxilia na prote\u00e7\u00e3o da vis\u00e3o;<\/li>\n<li>Diminui a forma\u00e7\u00e3o do t\u00e1rtaro e o mau h\u00e1lito;<\/li>\n<li>Odor e volume das fezes reduzidos.<\/li>\n<\/ul>\n<\/div>\n","protected":false},"excerpt":{"rendered":"<p>Informa\u00e7\u00f5es Minimiza os principais problemas de sa\u00fade das ra\u00e7as; Propiciam sa\u00fade e beleza para a pele e pelagem; Auxilia na prote\u00e7\u00e3o da vis\u00e3o; Diminui a forma\u00e7\u00e3o do t\u00e1rtaro e o mau h\u00e1lito; Odor e volume das fezes reduzidos.<\/p>\n","protected":false},"featured_media":402,"comment_status":"open","ping_status":"closed","template":"","meta":[],"product_brand":[],"product_cat":[80,71],"product_tag":[],"class_list":{"0":"post-401","1":"product","2":"type-product","3":"status-publish","4":"has-post-thumbnail","6":"product_cat-caes-racas-pequenas","7":"product_cat-racoes-caes","9":"first","10":"instock","11":"shipping-taxable","12":"purchasable","13":"product-type-simple"},"_links":{"self":[{"href":"https:\/\/cersulpetshop.com.br\/produtos\/index.php?rest_route=\/wp\/v2\/product\/401","targetHints":{"allow":["GET"]}}],"collection":[{"href":"https:\/\/cersulpetshop.com.br\/produtos\/index.php?rest_route=\/wp\/v2\/product"}],"about":[{"href":"https:\/\/cersulpetshop.com.br\/produtos\/index.php?rest_route=\/wp\/v2\/types\/product"}],"replies":[{"embeddable":true,"href":"https:\/\/cersulpetshop.com.br\/produtos\/index.php?rest_route=%2Fwp%2Fv2%2Fcomments&post=401"}],"wp:featuredmedia":[{"embeddable":true,"href":"https:\/\/cersulpetshop.com.br\/produtos\/index.php?rest_route=\/wp\/v2\/media\/402"}],"wp:attachment":[{"href":"https:\/\/cersulpetshop.com.br\/produtos\/index.php?rest_route=%2Fwp%2Fv2%2Fmedia&parent=401"}],"wp:term":[{"taxonomy":"product_brand","embeddable":true,"href":"https:\/\/cersulpetshop.com.br\/produtos\/index.php?rest_route=%2Fwp%2Fv2%2Fproduct_brand&post=401"},{"taxonomy":"product_cat","embeddable":true,"href":"https:\/\/cersulpetshop.com.br\/produtos\/index.php?rest_route=%2Fwp%2Fv2%2Fproduct_cat&post=401"},{"taxonomy":"product_tag","embeddable":true,"href":"https:\/\/cersulpetshop.com.br\/produtos\/index.php?rest_route=%2Fwp%2Fv2%2Fproduct_tag&post=401"}],"curies":[{"name":"wp","href":"https:\/\/api.w.org\/{rel}","templated":true}]}}