{"id":403,"date":"2025-06-23T14:58:57","date_gmt":"2025-06-23T17:58:57","guid":{"rendered":"https:\/\/cersulpetshop.com.br\/produtos\/?post_type=product&#038;p=403"},"modified":"2026-04-16T10:58:12","modified_gmt":"2026-04-16T13:58:12","slug":"racao-premier-yorkshire-25kg","status":"publish","type":"product","link":"https:\/\/cersulpetshop.com.br\/produtos\/?product=racao-premier-yorkshire-25kg","title":{"rendered":"PREMIER YORKSHIRE 2,5kg"},"content":{"rendered":"<p>Cada ra\u00e7a possui suas particularidades e se beneficia de cuidados especiais. Pensando nestas necessidades a PremieRpet\u00ae criou PremieRr Ra\u00e7as Espec\u00edficas, a primeira linha mundial de nutri\u00e7\u00e3o espec\u00edfica para ra\u00e7as. Desenvolvida com ingredientes nobres e alta tecnologia, PremieR Ra\u00e7as Espec\u00edficas oferece benef\u00edcios exclusivos que visam minimizar os principais problemas de sa\u00fade das ra\u00e7as e auxiliar para o pleno desenvolvimento de suas caracter\u00edsticas t\u00edpicas desej\u00e1veis.<\/p>\n<p>PremieR Yorkshire foi formulada a partir deste conceito e oferece tudo o que esta ra\u00e7a precisa para manter sua sa\u00fade e beleza. Oferece ainda redu\u00e7\u00e3o do volume e odor de fezes minimizando poss\u00edveis inconvenientes de uma conviv\u00eancia t\u00e3o pr\u00f3xima entre os c\u00e3es e seus propriet\u00e1rios.<\/p>\n","protected":false},"excerpt":{"rendered":"<p>Cada ra\u00e7a possui suas particularidades e se beneficia de cuidados especiais. Pensando nestas necessidades a PremieRpet\u00ae criou PremieRr Ra\u00e7as Espec\u00edficas, a primeira linha mundial de nutri\u00e7\u00e3o espec\u00edfica para ra\u00e7as. Desenvolvida com ingredientes nobres e alta tecnologia, PremieR Ra\u00e7as Espec\u00edficas oferece benef\u00edcios exclusivos que visam minimizar os principais problemas de sa\u00fade das ra\u00e7as e auxiliar para [&hellip;]<\/p>\n","protected":false},"featured_media":404,"comment_status":"open","ping_status":"closed","template":"","meta":[],"product_brand":[],"product_cat":[80,71],"product_tag":[],"class_list":{"0":"post-403","1":"product","2":"type-product","3":"status-publish","4":"has-post-thumbnail","6":"product_cat-caes-racas-pequenas","7":"product_cat-racoes-caes","9":"first","10":"instock","11":"shipping-taxable","12":"purchasable","13":"product-type-simple"},"_links":{"self":[{"href":"https:\/\/cersulpetshop.com.br\/produtos\/index.php?rest_route=\/wp\/v2\/product\/403","targetHints":{"allow":["GET"]}}],"collection":[{"href":"https:\/\/cersulpetshop.com.br\/produtos\/index.php?rest_route=\/wp\/v2\/product"}],"about":[{"href":"https:\/\/cersulpetshop.com.br\/produtos\/index.php?rest_route=\/wp\/v2\/types\/product"}],"replies":[{"embeddable":true,"href":"https:\/\/cersulpetshop.com.br\/produtos\/index.php?rest_route=%2Fwp%2Fv2%2Fcomments&post=403"}],"wp:featuredmedia":[{"embeddable":true,"href":"https:\/\/cersulpetshop.com.br\/produtos\/index.php?rest_route=\/wp\/v2\/media\/404"}],"wp:attachment":[{"href":"https:\/\/cersulpetshop.com.br\/produtos\/index.php?rest_route=%2Fwp%2Fv2%2Fmedia&parent=403"}],"wp:term":[{"taxonomy":"product_brand","embeddable":true,"href":"https:\/\/cersulpetshop.com.br\/produtos\/index.php?rest_route=%2Fwp%2Fv2%2Fproduct_brand&post=403"},{"taxonomy":"product_cat","embeddable":true,"href":"https:\/\/cersulpetshop.com.br\/produtos\/index.php?rest_route=%2Fwp%2Fv2%2Fproduct_cat&post=403"},{"taxonomy":"product_tag","embeddable":true,"href":"https:\/\/cersulpetshop.com.br\/produtos\/index.php?rest_route=%2Fwp%2Fv2%2Fproduct_tag&post=403"}],"curies":[{"name":"wp","href":"https:\/\/api.w.org\/{rel}","templated":true}]}}