{"id":405,"date":"2025-06-23T15:03:13","date_gmt":"2025-06-23T18:03:13","guid":{"rendered":"https:\/\/cersulpetshop.com.br\/produtos\/?post_type=product&#038;p=405"},"modified":"2026-04-16T10:58:04","modified_gmt":"2026-04-16T13:58:04","slug":"racao-premier-ambiente-interno-light-25kg","status":"publish","type":"product","link":"https:\/\/cersulpetshop.com.br\/produtos\/?product=racao-premier-ambiente-interno-light-25kg","title":{"rendered":"PREMIER AMBIENTE INTERNO LIGHT 2,5kg"},"content":{"rendered":"<div class=\"styles__TextInfoContent-sc-1qkvy0f-1 iXFCSC\">\n<p class=\"subtitle-md\">Informa\u00e7\u00f5es<\/p>\n<\/div>\n<div class=\"styles__ProductInformations-sc-1qkvy0f-2 cPWkQg\">\n<ul>\n<li>Indicado para c\u00e3es adultos de porte pequeno;<\/li>\n<li>Rico em vitaminas e minerais;<\/li>\n<li>Auxilia no emagrecimento e na manuten\u00e7\u00e3o do peso;<\/li>\n<li>Reduz o volume e o odor das fezes;<\/li>\n<li>Pelagem bonita e pele saud\u00e1vel.<\/li>\n<\/ul>\n<\/div>\n","protected":false},"excerpt":{"rendered":"<p>Informa\u00e7\u00f5es Indicado para c\u00e3es adultos de porte pequeno; Rico em vitaminas e minerais; Auxilia no emagrecimento e na manuten\u00e7\u00e3o do peso; Reduz o volume e o odor das fezes; Pelagem bonita e pele saud\u00e1vel.<\/p>\n","protected":false},"featured_media":406,"comment_status":"open","ping_status":"closed","template":"","meta":[],"product_brand":[],"product_cat":[80,71],"product_tag":[],"class_list":{"0":"post-405","1":"product","2":"type-product","3":"status-publish","4":"has-post-thumbnail","6":"product_cat-caes-racas-pequenas","7":"product_cat-racoes-caes","9":"first","10":"instock","11":"shipping-taxable","12":"purchasable","13":"product-type-simple"},"_links":{"self":[{"href":"https:\/\/cersulpetshop.com.br\/produtos\/index.php?rest_route=\/wp\/v2\/product\/405","targetHints":{"allow":["GET"]}}],"collection":[{"href":"https:\/\/cersulpetshop.com.br\/produtos\/index.php?rest_route=\/wp\/v2\/product"}],"about":[{"href":"https:\/\/cersulpetshop.com.br\/produtos\/index.php?rest_route=\/wp\/v2\/types\/product"}],"replies":[{"embeddable":true,"href":"https:\/\/cersulpetshop.com.br\/produtos\/index.php?rest_route=%2Fwp%2Fv2%2Fcomments&post=405"}],"wp:featuredmedia":[{"embeddable":true,"href":"https:\/\/cersulpetshop.com.br\/produtos\/index.php?rest_route=\/wp\/v2\/media\/406"}],"wp:attachment":[{"href":"https:\/\/cersulpetshop.com.br\/produtos\/index.php?rest_route=%2Fwp%2Fv2%2Fmedia&parent=405"}],"wp:term":[{"taxonomy":"product_brand","embeddable":true,"href":"https:\/\/cersulpetshop.com.br\/produtos\/index.php?rest_route=%2Fwp%2Fv2%2Fproduct_brand&post=405"},{"taxonomy":"product_cat","embeddable":true,"href":"https:\/\/cersulpetshop.com.br\/produtos\/index.php?rest_route=%2Fwp%2Fv2%2Fproduct_cat&post=405"},{"taxonomy":"product_tag","embeddable":true,"href":"https:\/\/cersulpetshop.com.br\/produtos\/index.php?rest_route=%2Fwp%2Fv2%2Fproduct_tag&post=405"}],"curies":[{"name":"wp","href":"https:\/\/api.w.org\/{rel}","templated":true}]}}