{"id":418,"date":"2025-06-23T15:14:57","date_gmt":"2025-06-23T18:14:57","guid":{"rendered":"https:\/\/cersulpetshop.com.br\/produtos\/?post_type=product&#038;p=418"},"modified":"2026-04-16T11:16:08","modified_gmt":"2026-04-16T14:16:08","slug":"racao-natural-flesh-meat-sensitive-7kg","status":"publish","type":"product","link":"https:\/\/cersulpetshop.com.br\/produtos\/?product=racao-natural-flesh-meat-sensitive-7kg","title":{"rendered":"F\u00d3RMULA NATURAL FRESH MEAT SENSITIVE 10.1kg"},"content":{"rendered":"<p><strong>Caracter\u00edsticas<\/strong><\/p>\n<ul>\n<li>Tipo: Ra\u00e7\u00e3o seca super premium para c\u00e3es adultos de mini e pequeno porte.<\/li>\n<li>Sabor: Cordeiro, mandioca e aloe vera.<\/li>\n<li>Ingredientes Principais: Carne de cordeiro e mi\u00fados de cordeiro, farinha de carne e ossos de ovino, farinha e f\u00e9cula de mandioca, levedura de cerveja, \u00f3leo de v\u00edsceras de aves, \u00f3leo de salm\u00e3o, palatabilizante de v\u00edsceras de su\u00edno e frango.<\/li>\n<li>Indica\u00e7\u00e3o: Indicada para c\u00e3es adultos de mini e pequeno porte, especialmente formulada para c\u00e3es com sensibilidade alimentar.<\/li>\n<\/ul>\n<p><strong>Benef\u00edcios<\/strong><\/p>\n<ul>\n<li>Nutri\u00e7\u00e3o Especializada: Formulada para atender \u00e0s necessidades nutricionais de c\u00e3es com sensibilidade alimentar.<\/li>\n<li>Ingredientes de Alta Qualidade: Livres de ingredientes transg\u00eanicos e sem adi\u00e7\u00e3o de conservantes e corantes.<\/li>\n<li>Cuidados com a Pele e Pelagem: Cont\u00e9m prote\u00edna, vitaminas e \u00f4megas 3 e 6 para manter a pele e pelagem saud\u00e1veis.<\/li>\n<li>Equil\u00edbrio da Flora Intestinal: Cont\u00e9m extrato de yucca, fibras naturais e prebi\u00f3ticos para manter a sa\u00fade intestinal.<\/li>\n<li>Aloe Vera: Conhecido por suas propriedades cicatrizantes e anti-inflamat\u00f3rias.<\/li>\n<\/ul>\n","protected":false},"excerpt":{"rendered":"<p>Caracter\u00edsticas Tipo: Ra\u00e7\u00e3o seca super premium para c\u00e3es adultos de mini e pequeno porte. Sabor: Cordeiro, mandioca e aloe vera. Ingredientes Principais: Carne de cordeiro e mi\u00fados de cordeiro, farinha de carne e ossos de ovino, farinha e f\u00e9cula de mandioca, levedura de cerveja, \u00f3leo de v\u00edsceras de aves, \u00f3leo de salm\u00e3o, palatabilizante de v\u00edsceras [&hellip;]<\/p>\n","protected":false},"featured_media":416,"comment_status":"open","ping_status":"closed","template":"","meta":[],"product_brand":[],"product_cat":[80,71],"product_tag":[],"class_list":{"0":"post-418","1":"product","2":"type-product","3":"status-publish","4":"has-post-thumbnail","6":"product_cat-caes-racas-pequenas","7":"product_cat-racoes-caes","9":"first","10":"instock","11":"shipping-taxable","12":"purchasable","13":"product-type-simple"},"_links":{"self":[{"href":"https:\/\/cersulpetshop.com.br\/produtos\/index.php?rest_route=\/wp\/v2\/product\/418","targetHints":{"allow":["GET"]}}],"collection":[{"href":"https:\/\/cersulpetshop.com.br\/produtos\/index.php?rest_route=\/wp\/v2\/product"}],"about":[{"href":"https:\/\/cersulpetshop.com.br\/produtos\/index.php?rest_route=\/wp\/v2\/types\/product"}],"replies":[{"embeddable":true,"href":"https:\/\/cersulpetshop.com.br\/produtos\/index.php?rest_route=%2Fwp%2Fv2%2Fcomments&post=418"}],"wp:featuredmedia":[{"embeddable":true,"href":"https:\/\/cersulpetshop.com.br\/produtos\/index.php?rest_route=\/wp\/v2\/media\/416"}],"wp:attachment":[{"href":"https:\/\/cersulpetshop.com.br\/produtos\/index.php?rest_route=%2Fwp%2Fv2%2Fmedia&parent=418"}],"wp:term":[{"taxonomy":"product_brand","embeddable":true,"href":"https:\/\/cersulpetshop.com.br\/produtos\/index.php?rest_route=%2Fwp%2Fv2%2Fproduct_brand&post=418"},{"taxonomy":"product_cat","embeddable":true,"href":"https:\/\/cersulpetshop.com.br\/produtos\/index.php?rest_route=%2Fwp%2Fv2%2Fproduct_cat&post=418"},{"taxonomy":"product_tag","embeddable":true,"href":"https:\/\/cersulpetshop.com.br\/produtos\/index.php?rest_route=%2Fwp%2Fv2%2Fproduct_tag&post=418"}],"curies":[{"name":"wp","href":"https:\/\/api.w.org\/{rel}","templated":true}]}}