{"id":419,"date":"2025-06-23T15:58:00","date_gmt":"2025-06-23T18:58:00","guid":{"rendered":"https:\/\/cersulpetshop.com.br\/produtos\/?post_type=product&#038;p=419"},"modified":"2026-04-16T10:54:47","modified_gmt":"2026-04-16T13:54:47","slug":"racao-pedigre-filhote-20kg","status":"publish","type":"product","link":"https:\/\/cersulpetshop.com.br\/produtos\/?product=racao-pedigre-filhote-20kg","title":{"rendered":"PEDIGREE FILHOTE 20KG"},"content":{"rendered":"<p>&#8211; Sem corantes ou aromatizantes artificiais.<br \/>\n&#8211; Ra\u00e7\u00e3o Premium 100% completa e balanceada para c\u00e3es filhotes.<br \/>\n&#8211; Ajuda o sistema imunol\u00f3gico (Nutri Defense \u2122).<br \/>\n&#8211; Com DHA e prebi\u00f3ticos para o desenvolvimento.<br \/>\n&#8211; Antioxidantes para um crescimento saud\u00e1vel.<br \/>\n&#8211; 23 vitaminas e minerais para se manter forte e saud\u00e1vel.<br \/>\n&#8211; Com c\u00e1lcio para ossos e dentes saud\u00e1veis.<br \/>\n&#8211; Com fibras naturais para \u00f3tima digest\u00e3o.<br \/>\n&#8211; Prote\u00edna de qualidade para m\u00fasculos fortes.<\/p>\n","protected":false},"excerpt":{"rendered":"<p>&#8211; Sem corantes ou aromatizantes artificiais. &#8211; Ra\u00e7\u00e3o Premium 100% completa e balanceada para c\u00e3es filhotes. &#8211; Ajuda o sistema imunol\u00f3gico (Nutri Defense \u2122). &#8211; Com DHA e prebi\u00f3ticos para o desenvolvimento. &#8211; Antioxidantes para um crescimento saud\u00e1vel. &#8211; 23 vitaminas e minerais para se manter forte e saud\u00e1vel. &#8211; Com c\u00e1lcio para ossos e [&hellip;]<\/p>\n","protected":false},"featured_media":420,"comment_status":"open","ping_status":"closed","template":"","meta":[],"product_brand":[],"product_cat":[81,71],"product_tag":[],"class_list":{"0":"post-419","1":"product","2":"type-product","3":"status-publish","4":"has-post-thumbnail","6":"product_cat-caes-filhote","7":"product_cat-racoes-caes","9":"first","10":"instock","11":"shipping-taxable","12":"purchasable","13":"product-type-simple"},"_links":{"self":[{"href":"https:\/\/cersulpetshop.com.br\/produtos\/index.php?rest_route=\/wp\/v2\/product\/419","targetHints":{"allow":["GET"]}}],"collection":[{"href":"https:\/\/cersulpetshop.com.br\/produtos\/index.php?rest_route=\/wp\/v2\/product"}],"about":[{"href":"https:\/\/cersulpetshop.com.br\/produtos\/index.php?rest_route=\/wp\/v2\/types\/product"}],"replies":[{"embeddable":true,"href":"https:\/\/cersulpetshop.com.br\/produtos\/index.php?rest_route=%2Fwp%2Fv2%2Fcomments&post=419"}],"wp:featuredmedia":[{"embeddable":true,"href":"https:\/\/cersulpetshop.com.br\/produtos\/index.php?rest_route=\/wp\/v2\/media\/420"}],"wp:attachment":[{"href":"https:\/\/cersulpetshop.com.br\/produtos\/index.php?rest_route=%2Fwp%2Fv2%2Fmedia&parent=419"}],"wp:term":[{"taxonomy":"product_brand","embeddable":true,"href":"https:\/\/cersulpetshop.com.br\/produtos\/index.php?rest_route=%2Fwp%2Fv2%2Fproduct_brand&post=419"},{"taxonomy":"product_cat","embeddable":true,"href":"https:\/\/cersulpetshop.com.br\/produtos\/index.php?rest_route=%2Fwp%2Fv2%2Fproduct_cat&post=419"},{"taxonomy":"product_tag","embeddable":true,"href":"https:\/\/cersulpetshop.com.br\/produtos\/index.php?rest_route=%2Fwp%2Fv2%2Fproduct_tag&post=419"}],"curies":[{"name":"wp","href":"https:\/\/api.w.org\/{rel}","templated":true}]}}