{"id":423,"date":"2025-06-23T16:05:25","date_gmt":"2025-06-23T19:05:25","guid":{"rendered":"https:\/\/cersulpetshop.com.br\/produtos\/?post_type=product&#038;p=423"},"modified":"2026-04-16T11:05:58","modified_gmt":"2026-04-16T14:05:58","slug":"racao-zuppy-mini-bits-20kg-2","status":"publish","type":"product","link":"https:\/\/cersulpetshop.com.br\/produtos\/?product=racao-zuppy-mini-bits-20kg-2","title":{"rendered":"ZUPPY MINI BITS 20kg"},"content":{"rendered":"<p>MINI BITS\u00a0&#8211; part\u00edculas pequenas para facilitar a apreens\u00e3o do alimento \u00a0HEXAMETAFOSFATO\u00a0&#8211; Redu\u00e7\u00e3o de placa bacteriana e t\u00e1rtaro nos dentes. \u00a0EXTRATO YUCCA\u00a0&#8211; Ajuda a reduzir o odor das fezes. \u00a0PR\u00c9 E PROBI\u00d3TICOS\u00a0&#8211; Maior estabilidade e qualidade intestinal. \u00a0CONDROITINA E GLUCOSAMINA\u00a0&#8211; Para articula\u00e7\u00f5es mais fortes saud\u00e1veis. \u00a0DHA\u00a0&#8211; Favorece o aprendizado. \u00a0MINERAIS QUELATADOS\u00a0&#8211; Melhor absor\u00e7\u00e3o \u00a0 DESCRI\u00c7\u00c3O: ZUPPY PREMIUM ESPECIAL FILHOTE Mini Bits \u00e9 um alimento completo e balanceado que satisfaz todas as necessidades nutricionais de seu filhote, para que ele cres\u00e7a forte e com vigor e venha a ser um c\u00e3o adulto saud\u00e1vel, longevo e que lhe d\u00ea muitas alegrias.<\/p>\n","protected":false},"excerpt":{"rendered":"<p>MINI BITS\u00a0&#8211; part\u00edculas pequenas para facilitar a apreens\u00e3o do alimento \u00a0HEXAMETAFOSFATO\u00a0&#8211; Redu\u00e7\u00e3o de placa bacteriana e t\u00e1rtaro nos dentes. \u00a0EXTRATO YUCCA\u00a0&#8211; Ajuda a reduzir o odor das fezes. \u00a0PR\u00c9 E PROBI\u00d3TICOS\u00a0&#8211; Maior estabilidade e qualidade intestinal. \u00a0CONDROITINA E GLUCOSAMINA\u00a0&#8211; Para articula\u00e7\u00f5es mais fortes saud\u00e1veis. \u00a0DHA\u00a0&#8211; Favorece o aprendizado. \u00a0MINERAIS QUELATADOS\u00a0&#8211; Melhor absor\u00e7\u00e3o \u00a0 DESCRI\u00c7\u00c3O: ZUPPY [&hellip;]<\/p>\n","protected":false},"featured_media":424,"comment_status":"open","ping_status":"closed","template":"","meta":[],"product_brand":[],"product_cat":[81,71],"product_tag":[],"class_list":{"0":"post-423","1":"product","2":"type-product","3":"status-publish","4":"has-post-thumbnail","6":"product_cat-caes-filhote","7":"product_cat-racoes-caes","9":"first","10":"instock","11":"shipping-taxable","12":"purchasable","13":"product-type-simple"},"_links":{"self":[{"href":"https:\/\/cersulpetshop.com.br\/produtos\/index.php?rest_route=\/wp\/v2\/product\/423","targetHints":{"allow":["GET"]}}],"collection":[{"href":"https:\/\/cersulpetshop.com.br\/produtos\/index.php?rest_route=\/wp\/v2\/product"}],"about":[{"href":"https:\/\/cersulpetshop.com.br\/produtos\/index.php?rest_route=\/wp\/v2\/types\/product"}],"replies":[{"embeddable":true,"href":"https:\/\/cersulpetshop.com.br\/produtos\/index.php?rest_route=%2Fwp%2Fv2%2Fcomments&post=423"}],"wp:featuredmedia":[{"embeddable":true,"href":"https:\/\/cersulpetshop.com.br\/produtos\/index.php?rest_route=\/wp\/v2\/media\/424"}],"wp:attachment":[{"href":"https:\/\/cersulpetshop.com.br\/produtos\/index.php?rest_route=%2Fwp%2Fv2%2Fmedia&parent=423"}],"wp:term":[{"taxonomy":"product_brand","embeddable":true,"href":"https:\/\/cersulpetshop.com.br\/produtos\/index.php?rest_route=%2Fwp%2Fv2%2Fproduct_brand&post=423"},{"taxonomy":"product_cat","embeddable":true,"href":"https:\/\/cersulpetshop.com.br\/produtos\/index.php?rest_route=%2Fwp%2Fv2%2Fproduct_cat&post=423"},{"taxonomy":"product_tag","embeddable":true,"href":"https:\/\/cersulpetshop.com.br\/produtos\/index.php?rest_route=%2Fwp%2Fv2%2Fproduct_tag&post=423"}],"curies":[{"name":"wp","href":"https:\/\/api.w.org\/{rel}","templated":true}]}}