{"id":425,"date":"2025-06-23T16:06:55","date_gmt":"2025-06-23T19:06:55","guid":{"rendered":"https:\/\/cersulpetshop.com.br\/produtos\/?post_type=product&#038;p=425"},"modified":"2026-04-16T11:05:45","modified_gmt":"2026-04-16T14:05:45","slug":"racao-zuppy-porte-grande-20kg-2","status":"publish","type":"product","link":"https:\/\/cersulpetshop.com.br\/produtos\/?product=racao-zuppy-porte-grande-20kg-2","title":{"rendered":"ZUPPY FILHOTE MEDIO E GRANDE 20KG"},"content":{"rendered":"<p><strong>ZUPPY PREMIUM ESPECIAL FILHOTE SABOR FRANGO E ARROZ<\/strong>\u00a0\u00e9 um alimento seco, completo e balanceado que satisfaz todas as necessidades nutricionais de seu filhote, para que ele cres\u00e7a forte e com vigor e venha a ser um c\u00e3o adulto saud\u00e1vel, longevo e que lhe d\u00ea muitas alegrias.<\/p>\n","protected":false},"excerpt":{"rendered":"<p>ZUPPY PREMIUM ESPECIAL FILHOTE SABOR FRANGO E ARROZ\u00a0\u00e9 um alimento seco, completo e balanceado que satisfaz todas as necessidades nutricionais de seu filhote, para que ele cres\u00e7a forte e com vigor e venha a ser um c\u00e3o adulto saud\u00e1vel, longevo e que lhe d\u00ea muitas alegrias.<\/p>\n","protected":false},"featured_media":427,"comment_status":"open","ping_status":"closed","template":"","meta":[],"product_brand":[],"product_cat":[81,71],"product_tag":[],"class_list":{"0":"post-425","1":"product","2":"type-product","3":"status-publish","4":"has-post-thumbnail","6":"product_cat-caes-filhote","7":"product_cat-racoes-caes","9":"first","10":"instock","11":"shipping-taxable","12":"purchasable","13":"product-type-simple"},"_links":{"self":[{"href":"https:\/\/cersulpetshop.com.br\/produtos\/index.php?rest_route=\/wp\/v2\/product\/425","targetHints":{"allow":["GET"]}}],"collection":[{"href":"https:\/\/cersulpetshop.com.br\/produtos\/index.php?rest_route=\/wp\/v2\/product"}],"about":[{"href":"https:\/\/cersulpetshop.com.br\/produtos\/index.php?rest_route=\/wp\/v2\/types\/product"}],"replies":[{"embeddable":true,"href":"https:\/\/cersulpetshop.com.br\/produtos\/index.php?rest_route=%2Fwp%2Fv2%2Fcomments&post=425"}],"wp:featuredmedia":[{"embeddable":true,"href":"https:\/\/cersulpetshop.com.br\/produtos\/index.php?rest_route=\/wp\/v2\/media\/427"}],"wp:attachment":[{"href":"https:\/\/cersulpetshop.com.br\/produtos\/index.php?rest_route=%2Fwp%2Fv2%2Fmedia&parent=425"}],"wp:term":[{"taxonomy":"product_brand","embeddable":true,"href":"https:\/\/cersulpetshop.com.br\/produtos\/index.php?rest_route=%2Fwp%2Fv2%2Fproduct_brand&post=425"},{"taxonomy":"product_cat","embeddable":true,"href":"https:\/\/cersulpetshop.com.br\/produtos\/index.php?rest_route=%2Fwp%2Fv2%2Fproduct_cat&post=425"},{"taxonomy":"product_tag","embeddable":true,"href":"https:\/\/cersulpetshop.com.br\/produtos\/index.php?rest_route=%2Fwp%2Fv2%2Fproduct_tag&post=425"}],"curies":[{"name":"wp","href":"https:\/\/api.w.org\/{rel}","templated":true}]}}