{"id":435,"date":"2025-06-23T16:19:12","date_gmt":"2025-06-23T19:19:12","guid":{"rendered":"https:\/\/cersulpetshop.com.br\/produtos\/?post_type=product&#038;p=435"},"modified":"2026-04-16T10:45:17","modified_gmt":"2026-04-16T13:45:17","slug":"racao-bionatural-junior-20kg-2","status":"publish","type":"product","link":"https:\/\/cersulpetshop.com.br\/produtos\/?product=racao-bionatural-junior-20kg-2","title":{"rendered":"BIONATURAL FILHOTE RA\u00c7AS GRANDES 20KG"},"content":{"rendered":"<p>&#8211; Carnes frescas: Fornece prote\u00ednas de alta qualidade para energia e m\u00fasculos fortes;<br \/>\n&#8211; Sem transg\u00eanicos: Ra\u00e7\u00e3o natural, livre de corantes e aromatizantes artificiais;<br \/>\n&#8211; Antioxidantes naturais: Protege as c\u00e9lulas e fortalece o sistema imunol\u00f3gico;<br \/>\n&#8211; Sa\u00fade bucal: Hexametafosfato de s\u00f3dio reduz o ac\u00famulo de t\u00e1rtaro nos dentes;<br \/>\n&#8211; F\u00e1cil de mastigar: Gr\u00e3os pequenos e palat\u00e1veis, ideais para c\u00e3es de porte pequeno.<\/p>\n<p>&nbsp;<\/p>\n","protected":false},"excerpt":{"rendered":"<p>&#8211; Carnes frescas: Fornece prote\u00ednas de alta qualidade para energia e m\u00fasculos fortes; &#8211; Sem transg\u00eanicos: Ra\u00e7\u00e3o natural, livre de corantes e aromatizantes artificiais; &#8211; Antioxidantes naturais: Protege as c\u00e9lulas e fortalece o sistema imunol\u00f3gico; &#8211; Sa\u00fade bucal: Hexametafosfato de s\u00f3dio reduz o ac\u00famulo de t\u00e1rtaro nos dentes; &#8211; F\u00e1cil de mastigar: Gr\u00e3os pequenos e [&hellip;]<\/p>\n","protected":false},"featured_media":436,"comment_status":"open","ping_status":"closed","template":"","meta":[],"product_brand":[],"product_cat":[81,71],"product_tag":[],"class_list":{"0":"post-435","1":"product","2":"type-product","3":"status-publish","4":"has-post-thumbnail","6":"product_cat-caes-filhote","7":"product_cat-racoes-caes","9":"first","10":"instock","11":"shipping-taxable","12":"purchasable","13":"product-type-simple"},"_links":{"self":[{"href":"https:\/\/cersulpetshop.com.br\/produtos\/index.php?rest_route=\/wp\/v2\/product\/435","targetHints":{"allow":["GET"]}}],"collection":[{"href":"https:\/\/cersulpetshop.com.br\/produtos\/index.php?rest_route=\/wp\/v2\/product"}],"about":[{"href":"https:\/\/cersulpetshop.com.br\/produtos\/index.php?rest_route=\/wp\/v2\/types\/product"}],"replies":[{"embeddable":true,"href":"https:\/\/cersulpetshop.com.br\/produtos\/index.php?rest_route=%2Fwp%2Fv2%2Fcomments&post=435"}],"wp:featuredmedia":[{"embeddable":true,"href":"https:\/\/cersulpetshop.com.br\/produtos\/index.php?rest_route=\/wp\/v2\/media\/436"}],"wp:attachment":[{"href":"https:\/\/cersulpetshop.com.br\/produtos\/index.php?rest_route=%2Fwp%2Fv2%2Fmedia&parent=435"}],"wp:term":[{"taxonomy":"product_brand","embeddable":true,"href":"https:\/\/cersulpetshop.com.br\/produtos\/index.php?rest_route=%2Fwp%2Fv2%2Fproduct_brand&post=435"},{"taxonomy":"product_cat","embeddable":true,"href":"https:\/\/cersulpetshop.com.br\/produtos\/index.php?rest_route=%2Fwp%2Fv2%2Fproduct_cat&post=435"},{"taxonomy":"product_tag","embeddable":true,"href":"https:\/\/cersulpetshop.com.br\/produtos\/index.php?rest_route=%2Fwp%2Fv2%2Fproduct_tag&post=435"}],"curies":[{"name":"wp","href":"https:\/\/api.w.org\/{rel}","templated":true}]}}