{"id":453,"date":"2025-06-23T16:36:35","date_gmt":"2025-06-23T19:36:35","guid":{"rendered":"https:\/\/cersulpetshop.com.br\/produtos\/?post_type=product&#038;p=453"},"modified":"2026-04-16T10:48:59","modified_gmt":"2026-04-16T13:48:59","slug":"racao-doggly-101kg","status":"publish","type":"product","link":"https:\/\/cersulpetshop.com.br\/produtos\/?product=racao-doggly-101kg","title":{"rendered":"DOGGLY FILHOTE 10,1KG"},"content":{"rendered":"<p>Alimento Com Vitaminas &#8211; Cor: Marroma Ra\u00e7\u00e3o Doglly Junior \u00c9 Uma Op\u00e7\u00e3o Nutritiva E Balanceada Especialmente Formulada Para Atender \u00c0s Necessidades Dos Filhotes De C\u00e3es Durante As Fases Iniciais De Crescimento. Com Ingredientes De Alta Qualidade E Cuidadosamente Selecionados, Esta Ra\u00e7\u00e3o Oferece Uma Dieta Completa E Balanceada Para Promover O Desenvolvimento Saud\u00e1vel Do Seu Filhote. Caracter\u00edsticastipo: Ra\u00e7\u00e3o C\u00e3es Filhotes Porte: C\u00e3es De Todos Os Portes<\/p>\n","protected":false},"excerpt":{"rendered":"<p>Alimento Com Vitaminas &#8211; Cor: Marroma Ra\u00e7\u00e3o Doglly Junior \u00c9 Uma Op\u00e7\u00e3o Nutritiva E Balanceada Especialmente Formulada Para Atender \u00c0s Necessidades Dos Filhotes De C\u00e3es Durante As Fases Iniciais De Crescimento. Com Ingredientes De Alta Qualidade E Cuidadosamente Selecionados, Esta Ra\u00e7\u00e3o Oferece Uma Dieta Completa E Balanceada Para Promover O Desenvolvimento Saud\u00e1vel Do Seu Filhote. [&hellip;]<\/p>\n","protected":false},"featured_media":651,"comment_status":"open","ping_status":"closed","template":"","meta":[],"product_brand":[],"product_cat":[81,71],"product_tag":[],"class_list":{"0":"post-453","1":"product","2":"type-product","3":"status-publish","4":"has-post-thumbnail","6":"product_cat-caes-filhote","7":"product_cat-racoes-caes","9":"first","10":"instock","11":"shipping-taxable","12":"purchasable","13":"product-type-simple"},"_links":{"self":[{"href":"https:\/\/cersulpetshop.com.br\/produtos\/index.php?rest_route=\/wp\/v2\/product\/453","targetHints":{"allow":["GET"]}}],"collection":[{"href":"https:\/\/cersulpetshop.com.br\/produtos\/index.php?rest_route=\/wp\/v2\/product"}],"about":[{"href":"https:\/\/cersulpetshop.com.br\/produtos\/index.php?rest_route=\/wp\/v2\/types\/product"}],"replies":[{"embeddable":true,"href":"https:\/\/cersulpetshop.com.br\/produtos\/index.php?rest_route=%2Fwp%2Fv2%2Fcomments&post=453"}],"wp:featuredmedia":[{"embeddable":true,"href":"https:\/\/cersulpetshop.com.br\/produtos\/index.php?rest_route=\/wp\/v2\/media\/651"}],"wp:attachment":[{"href":"https:\/\/cersulpetshop.com.br\/produtos\/index.php?rest_route=%2Fwp%2Fv2%2Fmedia&parent=453"}],"wp:term":[{"taxonomy":"product_brand","embeddable":true,"href":"https:\/\/cersulpetshop.com.br\/produtos\/index.php?rest_route=%2Fwp%2Fv2%2Fproduct_brand&post=453"},{"taxonomy":"product_cat","embeddable":true,"href":"https:\/\/cersulpetshop.com.br\/produtos\/index.php?rest_route=%2Fwp%2Fv2%2Fproduct_cat&post=453"},{"taxonomy":"product_tag","embeddable":true,"href":"https:\/\/cersulpetshop.com.br\/produtos\/index.php?rest_route=%2Fwp%2Fv2%2Fproduct_tag&post=453"}],"curies":[{"name":"wp","href":"https:\/\/api.w.org\/{rel}","templated":true}]}}