{"id":489,"date":"2025-07-14T08:36:04","date_gmt":"2025-07-14T11:36:04","guid":{"rendered":"https:\/\/cersulpetshop.com.br\/produtos\/?post_type=product&#038;p=489"},"modified":"2026-04-16T10:36:56","modified_gmt":"2026-04-16T13:36:56","slug":"racao-biofresh-adulto-3kg","status":"publish","type":"product","link":"https:\/\/cersulpetshop.com.br\/produtos\/?product=racao-biofresh-adulto-3kg","title":{"rendered":"RA\u00c7\u00c3O BIOFRESH ADULTO 3KG"},"content":{"rendered":"<p class=\"ckeditor-css\">A\u00a0<b>Ra\u00e7\u00e3o Biofresh para C\u00e3es Adultos Ra\u00e7as Pequenas e Mini<\/b>\u00a0possui inclus\u00e3o de ingredientes totalmente frescos, resultando em um alimento rico em nutrientes. Com um sabor irresist\u00edvel, equilibra a sa\u00fade intestinal e oral, aumenta as defesas do organismo, al\u00e9m de proporcionar mais qualidade de vida.<\/p>\n<p>&nbsp;<\/p>\n<ul class=\"ckeditor-css\">\n<li>Alta Palatabilidade, feito com mix de carnes, frutas, legumes e ervas frescas.<\/li>\n<li>Sem adi\u00e7\u00e3o de conservantes, corantes e aromatizantes artificiais.<\/li>\n<li>Pelagem brilhosa e pele sadia, alimento completo e equilibrado.<\/li>\n<li>Livre de transg\u00eanicos, indicada para c\u00e3es adultos de ra\u00e7as pequenas e minis.<\/li>\n<\/ul>\n","protected":false},"excerpt":{"rendered":"<p>A\u00a0Ra\u00e7\u00e3o Biofresh para C\u00e3es Adultos Ra\u00e7as Pequenas e Mini\u00a0possui inclus\u00e3o de ingredientes totalmente frescos, resultando em um alimento rico em nutrientes. Com um sabor irresist\u00edvel, equilibra a sa\u00fade intestinal e oral, aumenta as defesas do organismo, al\u00e9m de proporcionar mais qualidade de vida. &nbsp; Alta Palatabilidade, feito com mix de carnes, frutas, legumes e ervas [&hellip;]<\/p>\n","protected":false},"featured_media":490,"comment_status":"open","ping_status":"closed","template":"","meta":[],"product_brand":[],"product_cat":[80,71],"product_tag":[],"class_list":{"0":"post-489","1":"product","2":"type-product","3":"status-publish","4":"has-post-thumbnail","6":"product_cat-caes-racas-pequenas","7":"product_cat-racoes-caes","9":"first","10":"outofstock","11":"shipping-taxable","12":"purchasable","13":"product-type-simple"},"_links":{"self":[{"href":"https:\/\/cersulpetshop.com.br\/produtos\/index.php?rest_route=\/wp\/v2\/product\/489","targetHints":{"allow":["GET"]}}],"collection":[{"href":"https:\/\/cersulpetshop.com.br\/produtos\/index.php?rest_route=\/wp\/v2\/product"}],"about":[{"href":"https:\/\/cersulpetshop.com.br\/produtos\/index.php?rest_route=\/wp\/v2\/types\/product"}],"replies":[{"embeddable":true,"href":"https:\/\/cersulpetshop.com.br\/produtos\/index.php?rest_route=%2Fwp%2Fv2%2Fcomments&post=489"}],"wp:featuredmedia":[{"embeddable":true,"href":"https:\/\/cersulpetshop.com.br\/produtos\/index.php?rest_route=\/wp\/v2\/media\/490"}],"wp:attachment":[{"href":"https:\/\/cersulpetshop.com.br\/produtos\/index.php?rest_route=%2Fwp%2Fv2%2Fmedia&parent=489"}],"wp:term":[{"taxonomy":"product_brand","embeddable":true,"href":"https:\/\/cersulpetshop.com.br\/produtos\/index.php?rest_route=%2Fwp%2Fv2%2Fproduct_brand&post=489"},{"taxonomy":"product_cat","embeddable":true,"href":"https:\/\/cersulpetshop.com.br\/produtos\/index.php?rest_route=%2Fwp%2Fv2%2Fproduct_cat&post=489"},{"taxonomy":"product_tag","embeddable":true,"href":"https:\/\/cersulpetshop.com.br\/produtos\/index.php?rest_route=%2Fwp%2Fv2%2Fproduct_tag&post=489"}],"curies":[{"name":"wp","href":"https:\/\/api.w.org\/{rel}","templated":true}]}}