{"id":522,"date":"2025-07-14T10:04:18","date_gmt":"2025-07-14T13:04:18","guid":{"rendered":"https:\/\/cersulpetshop.com.br\/produtos\/?post_type=product&#038;p=522"},"modified":"2025-07-14T10:04:18","modified_gmt":"2025-07-14T13:04:18","slug":"racao-formula-natural-freshmeat-1kg","status":"publish","type":"product","link":"https:\/\/cersulpetshop.com.br\/produtos\/?product=racao-formula-natural-freshmeat-1kg","title":{"rendered":"RA\u00c7\u00c3O F\u00d3RMULA NATURAL FRESHMEAT 1KG"},"content":{"rendered":"<p>Carnes selecionadas (m\u00edn. 16% &#8211; carne de frango, carne mecanicamente separada e f\u00edgado de frango), farinha de v\u00edsceras de aves, farinha de torresmo (prote\u00edna isolada de su\u00edno), farinha e f\u00e9cula de mandioca, farinha de ervilha, amido de batata, \u00f3leo de v\u00edsceras de aves, \u00f3leo de salm\u00e3o, palatabilizante de v\u00edsceras de su\u00edno e frango, frutas e vegetais desidratadas (manga, ma\u00e7\u00e3 &#8211; m\u00edn. 0,5%, cenoura, tomate), polpa de beterraba, semente de linha\u00e7a, cloreto de s\u00f3dio, farinha de algas schizochytrium sp., prebi\u00f3ticos (parede celular de levedura, fruto-oligossacar\u00eddeos e inulina), extrato de yucca (0,04%), vitaminas (A, D3, E, K3, C, B1, B2, B6, B12, biotina, pantotenato de c\u00e1lcio, \u00e1cido f\u00f3lico, niacina, cloreto de colina), minerais (sulfato de ferro, sulfato de cobre, iodato de c\u00e1lcio, cloreto de pot\u00e1ssio, proteinato de zinco, \u00f3xido de zinco, \u00f3xido de mangan\u00eas, proteinato de sel\u00eanio, selenito de s\u00f3dio), lisina, metionina, taurina, acidificante, \u00e1cido propi\u00f4nico, extratos de ch\u00e1 verde e alecrim, c\u00farcuma (0,01%), concentrado de tocofer\u00f3is (antioxidante natural) (0,01%).<\/p>\n","protected":false},"excerpt":{"rendered":"<p>Carnes selecionadas (m\u00edn. 16% &#8211; carne de frango, carne mecanicamente separada e f\u00edgado de frango), farinha de v\u00edsceras de aves, farinha de torresmo (prote\u00edna isolada de su\u00edno), farinha e f\u00e9cula de mandioca, farinha de ervilha, amido de batata, \u00f3leo de v\u00edsceras de aves, \u00f3leo de salm\u00e3o, palatabilizante de v\u00edsceras de su\u00edno e frango, frutas e [&hellip;]<\/p>\n","protected":false},"featured_media":523,"comment_status":"open","ping_status":"closed","template":"","meta":[],"product_brand":[],"product_cat":[82,72],"product_tag":[],"class_list":{"0":"post-522","1":"product","2":"type-product","3":"status-publish","4":"has-post-thumbnail","6":"product_cat-gatos-filhote","7":"product_cat-racoes-gatos","9":"first","10":"instock","11":"shipping-taxable","12":"purchasable","13":"product-type-simple"},"_links":{"self":[{"href":"https:\/\/cersulpetshop.com.br\/produtos\/index.php?rest_route=\/wp\/v2\/product\/522","targetHints":{"allow":["GET"]}}],"collection":[{"href":"https:\/\/cersulpetshop.com.br\/produtos\/index.php?rest_route=\/wp\/v2\/product"}],"about":[{"href":"https:\/\/cersulpetshop.com.br\/produtos\/index.php?rest_route=\/wp\/v2\/types\/product"}],"replies":[{"embeddable":true,"href":"https:\/\/cersulpetshop.com.br\/produtos\/index.php?rest_route=%2Fwp%2Fv2%2Fcomments&post=522"}],"wp:featuredmedia":[{"embeddable":true,"href":"https:\/\/cersulpetshop.com.br\/produtos\/index.php?rest_route=\/wp\/v2\/media\/523"}],"wp:attachment":[{"href":"https:\/\/cersulpetshop.com.br\/produtos\/index.php?rest_route=%2Fwp%2Fv2%2Fmedia&parent=522"}],"wp:term":[{"taxonomy":"product_brand","embeddable":true,"href":"https:\/\/cersulpetshop.com.br\/produtos\/index.php?rest_route=%2Fwp%2Fv2%2Fproduct_brand&post=522"},{"taxonomy":"product_cat","embeddable":true,"href":"https:\/\/cersulpetshop.com.br\/produtos\/index.php?rest_route=%2Fwp%2Fv2%2Fproduct_cat&post=522"},{"taxonomy":"product_tag","embeddable":true,"href":"https:\/\/cersulpetshop.com.br\/produtos\/index.php?rest_route=%2Fwp%2Fv2%2Fproduct_tag&post=522"}],"curies":[{"name":"wp","href":"https:\/\/api.w.org\/{rel}","templated":true}]}}