{"id":527,"date":"2025-07-14T10:09:45","date_gmt":"2025-07-14T13:09:45","guid":{"rendered":"https:\/\/cersulpetshop.com.br\/produtos\/?post_type=product&#038;p=527"},"modified":"2025-07-14T10:09:46","modified_gmt":"2025-07-14T13:09:46","slug":"racao-golden-frango-1kg","status":"publish","type":"product","link":"https:\/\/cersulpetshop.com.br\/produtos\/?product=racao-golden-frango-1kg","title":{"rendered":"RA\u00c7\u00c3O GOLDEN FRANGO 1KG"},"content":{"rendered":"<p>Reduz o odor das fezes<br \/>\nAuxilia no trato urin\u00e1rio<br \/>\nAjuda a ter um crescimento saud\u00e1vel<br \/>\nLivre de corantes e aromatizantes artificiais<\/p>\n<p>Detalhes do Produto<\/p>\n<p>Ra\u00e7\u00e3o Golden Gatos Filhotes Sabor Frango<\/p>\n<p>A\u00a0Ra\u00e7\u00e3o Golden Gatos Filhotes Sabor Frango\u00a0supre todas as necessidades que o seu felino tem durante a fase de crescimento. Com ingredientes nobres e selecionados, ela vai fazer com que o seu gato seja saud\u00e1vel na fase adulta.<\/p>\n<p>Com o irresist\u00edvel sabor frango, a\u00a0Ra\u00e7\u00e3o Golden Gatos Filhotes Sabor Frango\u00a0ajuda no trato urin\u00e1rio do animal, com minerais saud\u00e1veis que ajudam a equilibrar o pH. Por n\u00e3o conter aromatizantes e conservantes artificiais, este alimento ajuda a reduzir o odor das fezes.<\/p>\n<p>Produzido pela Premier, a\u00a0Ra\u00e7\u00e3o Golden Gatos Filhotes Sabor Frango\u00a0est\u00e1 dispon\u00edvel em tr\u00eas tamanhos: 1, 3 e 10,1 kg. Tudo isso para facilitar o seu dia a dia e deixar seu pet mais saud\u00e1vel.<br \/>\nIngredientes Ra\u00e7\u00e3o Golden Gatos Filhotes Sabor Frango<\/p>\n<p>Farinha de v\u00edsceras de frango, proteina isolada de su\u00edno, farelo de gluten de milho 60*, milho integral moido*, quirera de arroz, polpa de beterraba, gordura de frango, oleo de peixe, aditivo acidificante, antioxidantes BHA e BHT, cloreto de potassio, cloreto de sodio, DL-metionina, hidrolisado de frango, levedura seca de cervejaria, L-lisina, parede celular de levedura, taurina, vitamina A, vitamina B12, vitamina C, vitamina D3, vitamina E, vitamina K3, \u00e1cido f\u00f3lico, \u00e1cido pantot\u00eanico, biotina, cloreto de colina, niacina, piridoxina, riboflavina, tiamina, cobre amino\u00e1cido quelato, ferro amino\u00e1cido quelato, iodeto de pot\u00e1ssio, mangan\u00eas amino\u00e1cido quelato, proteinato de sel\u00eanio, sulfato de cobre, sulfato de ferro, sulfato de mangan\u00eas, sulfato de zinco, zinco amino\u00e1cido quelato.<\/p>\n","protected":false},"excerpt":{"rendered":"<p>Reduz o odor das fezes Auxilia no trato urin\u00e1rio Ajuda a ter um crescimento saud\u00e1vel Livre de corantes e aromatizantes artificiais Detalhes do Produto Ra\u00e7\u00e3o Golden Gatos Filhotes Sabor Frango A\u00a0Ra\u00e7\u00e3o Golden Gatos Filhotes Sabor Frango\u00a0supre todas as necessidades que o seu felino tem durante a fase de crescimento. Com ingredientes nobres e selecionados, ela [&hellip;]<\/p>\n","protected":false},"featured_media":528,"comment_status":"open","ping_status":"closed","template":"","meta":[],"product_brand":[],"product_cat":[82,72],"product_tag":[],"class_list":{"0":"post-527","1":"product","2":"type-product","3":"status-publish","4":"has-post-thumbnail","6":"product_cat-gatos-filhote","7":"product_cat-racoes-gatos","9":"first","10":"instock","11":"shipping-taxable","12":"purchasable","13":"product-type-simple"},"_links":{"self":[{"href":"https:\/\/cersulpetshop.com.br\/produtos\/index.php?rest_route=\/wp\/v2\/product\/527","targetHints":{"allow":["GET"]}}],"collection":[{"href":"https:\/\/cersulpetshop.com.br\/produtos\/index.php?rest_route=\/wp\/v2\/product"}],"about":[{"href":"https:\/\/cersulpetshop.com.br\/produtos\/index.php?rest_route=\/wp\/v2\/types\/product"}],"replies":[{"embeddable":true,"href":"https:\/\/cersulpetshop.com.br\/produtos\/index.php?rest_route=%2Fwp%2Fv2%2Fcomments&post=527"}],"wp:featuredmedia":[{"embeddable":true,"href":"https:\/\/cersulpetshop.com.br\/produtos\/index.php?rest_route=\/wp\/v2\/media\/528"}],"wp:attachment":[{"href":"https:\/\/cersulpetshop.com.br\/produtos\/index.php?rest_route=%2Fwp%2Fv2%2Fmedia&parent=527"}],"wp:term":[{"taxonomy":"product_brand","embeddable":true,"href":"https:\/\/cersulpetshop.com.br\/produtos\/index.php?rest_route=%2Fwp%2Fv2%2Fproduct_brand&post=527"},{"taxonomy":"product_cat","embeddable":true,"href":"https:\/\/cersulpetshop.com.br\/produtos\/index.php?rest_route=%2Fwp%2Fv2%2Fproduct_cat&post=527"},{"taxonomy":"product_tag","embeddable":true,"href":"https:\/\/cersulpetshop.com.br\/produtos\/index.php?rest_route=%2Fwp%2Fv2%2Fproduct_tag&post=527"}],"curies":[{"name":"wp","href":"https:\/\/api.w.org\/{rel}","templated":true}]}}