{"id":529,"date":"2025-07-14T10:13:09","date_gmt":"2025-07-14T13:13:09","guid":{"rendered":"https:\/\/cersulpetshop.com.br\/produtos\/?post_type=product&#038;p=529"},"modified":"2025-07-14T10:13:09","modified_gmt":"2025-07-14T13:13:09","slug":"racao-formula-natural-freshmeat-7kg","status":"publish","type":"product","link":"https:\/\/cersulpetshop.com.br\/produtos\/?product=racao-formula-natural-freshmeat-7kg","title":{"rendered":"RA\u00c7\u00c3O F\u00d3RMULA NATURAL FRESHMEAT 7KG"},"content":{"rendered":"<p>Desenvolvida por m\u00e9dicos veterin\u00e1rios, a linha F\u00f3rmula Natural Fresh Meat utiliza os conceitos mais avan\u00e7ados da nutri\u00e7\u00e3o de c\u00e3es e gatos. Naturalmente saborosa e nutritiva, possui como grande diferencial a utiliza\u00e7\u00e3o de carne fresca e fontes especiais de carboidratos, fibras, vitaminas e minerais, como as frutas e vegetais. \u00c9 uma linha completa que oferece vers\u00f5es com cuidados espec\u00edficos para diferentes necessidades e est\u00e1gios de vida. F\u00f3rmula Natural Fresh Meat Gatos Filhotes oferece todos os cuidados para um \u00f3timo desenvolvimento de gatos filhotes, do desmame at\u00e9 12 meses de idade.<\/p>\n","protected":false},"excerpt":{"rendered":"<p>Desenvolvida por m\u00e9dicos veterin\u00e1rios, a linha F\u00f3rmula Natural Fresh Meat utiliza os conceitos mais avan\u00e7ados da nutri\u00e7\u00e3o de c\u00e3es e gatos. Naturalmente saborosa e nutritiva, possui como grande diferencial a utiliza\u00e7\u00e3o de carne fresca e fontes especiais de carboidratos, fibras, vitaminas e minerais, como as frutas e vegetais. \u00c9 uma linha completa que oferece vers\u00f5es [&hellip;]<\/p>\n","protected":false},"featured_media":530,"comment_status":"open","ping_status":"closed","template":"","meta":[],"product_brand":[],"product_cat":[82,72],"product_tag":[],"class_list":{"0":"post-529","1":"product","2":"type-product","3":"status-publish","4":"has-post-thumbnail","6":"product_cat-gatos-filhote","7":"product_cat-racoes-gatos","9":"first","10":"instock","11":"shipping-taxable","12":"purchasable","13":"product-type-simple"},"_links":{"self":[{"href":"https:\/\/cersulpetshop.com.br\/produtos\/index.php?rest_route=\/wp\/v2\/product\/529","targetHints":{"allow":["GET"]}}],"collection":[{"href":"https:\/\/cersulpetshop.com.br\/produtos\/index.php?rest_route=\/wp\/v2\/product"}],"about":[{"href":"https:\/\/cersulpetshop.com.br\/produtos\/index.php?rest_route=\/wp\/v2\/types\/product"}],"replies":[{"embeddable":true,"href":"https:\/\/cersulpetshop.com.br\/produtos\/index.php?rest_route=%2Fwp%2Fv2%2Fcomments&post=529"}],"wp:featuredmedia":[{"embeddable":true,"href":"https:\/\/cersulpetshop.com.br\/produtos\/index.php?rest_route=\/wp\/v2\/media\/530"}],"wp:attachment":[{"href":"https:\/\/cersulpetshop.com.br\/produtos\/index.php?rest_route=%2Fwp%2Fv2%2Fmedia&parent=529"}],"wp:term":[{"taxonomy":"product_brand","embeddable":true,"href":"https:\/\/cersulpetshop.com.br\/produtos\/index.php?rest_route=%2Fwp%2Fv2%2Fproduct_brand&post=529"},{"taxonomy":"product_cat","embeddable":true,"href":"https:\/\/cersulpetshop.com.br\/produtos\/index.php?rest_route=%2Fwp%2Fv2%2Fproduct_cat&post=529"},{"taxonomy":"product_tag","embeddable":true,"href":"https:\/\/cersulpetshop.com.br\/produtos\/index.php?rest_route=%2Fwp%2Fv2%2Fproduct_tag&post=529"}],"curies":[{"name":"wp","href":"https:\/\/api.w.org\/{rel}","templated":true}]}}