{"id":533,"date":"2025-07-14T10:22:04","date_gmt":"2025-07-14T13:22:04","guid":{"rendered":"https:\/\/cersulpetshop.com.br\/produtos\/?post_type=product&#038;p=533"},"modified":"2025-07-14T10:22:04","modified_gmt":"2025-07-14T13:22:04","slug":"pipicat-floral-4kg","status":"publish","type":"product","link":"https:\/\/cersulpetshop.com.br\/produtos\/?product=pipicat-floral-4kg","title":{"rendered":"PIPICAT FLORAL 4KG"},"content":{"rendered":"<ul>\n<li>Controle de odores superior com Pipicat Odor Block;<\/li>\n<li>Forma torr\u00f5es mais firmes;<\/li>\n<li>F\u00e1cil de limpar;<\/li>\n<li>Gr\u00e3os extrafinos;<\/li>\n<li>Suave fragr\u00e2ncia floral liberada quando em contato com a urina.<\/li>\n<\/ul>\n","protected":false},"excerpt":{"rendered":"<p>Controle de odores superior com Pipicat Odor Block; Forma torr\u00f5es mais firmes; F\u00e1cil de limpar; Gr\u00e3os extrafinos; Suave fragr\u00e2ncia floral liberada quando em contato com a urina.<\/p>\n","protected":false},"featured_media":534,"comment_status":"open","ping_status":"closed","template":"","meta":[],"product_brand":[],"product_cat":[86],"product_tag":[],"class_list":{"0":"post-533","1":"product","2":"type-product","3":"status-publish","4":"has-post-thumbnail","6":"product_cat-areia-gatos","8":"first","9":"instock","10":"shipping-taxable","11":"purchasable","12":"product-type-simple"},"_links":{"self":[{"href":"https:\/\/cersulpetshop.com.br\/produtos\/index.php?rest_route=\/wp\/v2\/product\/533","targetHints":{"allow":["GET"]}}],"collection":[{"href":"https:\/\/cersulpetshop.com.br\/produtos\/index.php?rest_route=\/wp\/v2\/product"}],"about":[{"href":"https:\/\/cersulpetshop.com.br\/produtos\/index.php?rest_route=\/wp\/v2\/types\/product"}],"replies":[{"embeddable":true,"href":"https:\/\/cersulpetshop.com.br\/produtos\/index.php?rest_route=%2Fwp%2Fv2%2Fcomments&post=533"}],"wp:featuredmedia":[{"embeddable":true,"href":"https:\/\/cersulpetshop.com.br\/produtos\/index.php?rest_route=\/wp\/v2\/media\/534"}],"wp:attachment":[{"href":"https:\/\/cersulpetshop.com.br\/produtos\/index.php?rest_route=%2Fwp%2Fv2%2Fmedia&parent=533"}],"wp:term":[{"taxonomy":"product_brand","embeddable":true,"href":"https:\/\/cersulpetshop.com.br\/produtos\/index.php?rest_route=%2Fwp%2Fv2%2Fproduct_brand&post=533"},{"taxonomy":"product_cat","embeddable":true,"href":"https:\/\/cersulpetshop.com.br\/produtos\/index.php?rest_route=%2Fwp%2Fv2%2Fproduct_cat&post=533"},{"taxonomy":"product_tag","embeddable":true,"href":"https:\/\/cersulpetshop.com.br\/produtos\/index.php?rest_route=%2Fwp%2Fv2%2Fproduct_tag&post=533"}],"curies":[{"name":"wp","href":"https:\/\/api.w.org\/{rel}","templated":true}]}}