{"id":586,"date":"2025-07-14T13:19:34","date_gmt":"2025-07-14T16:19:34","guid":{"rendered":"https:\/\/cersulpetshop.com.br\/produtos\/?post_type=product&#038;p=586"},"modified":"2025-07-14T13:19:34","modified_gmt":"2025-07-14T16:19:34","slug":"racao-prime-salmao-gatos-castrados-101kg","status":"publish","type":"product","link":"https:\/\/cersulpetshop.com.br\/produtos\/?product=racao-prime-salmao-gatos-castrados-101kg","title":{"rendered":"RA\u00c7\u00c3O PRIME SALM\u00c3O GATOS CASTRADOS 10,1KG"},"content":{"rendered":"<p>Manter a sa\u00fade, o peso ideal e a vitalidade de gatos adultos castrados pode ser desafiador devido \u00e0s mudan\u00e7as no metabolismo e necessidades nutricionais espec\u00edficas.<br \/>\nRAGUIFE PRIME RA\u00c7\u00c3O GATOS ADULTOS CASTRADOS SALM\u00c3O 10,1KG \u00e9 formulada para suprir todas as necessidades nutricionais dos gatos castrados, ajudando a controlar o peso, proteger a sa\u00fade urin\u00e1ria e manter uma pelagem saud\u00e1vel, com um sabor irresist\u00edvel que eles adoram!<br \/>\nCompre agora a RAGUIFE PRIME Gatos Adultos Castrados Salm\u00e3o 10,1kg e proporcione uma vida mais saud\u00e1vel e feliz para o seu gato. Garanta j\u00e1 o melhor custo-benef\u00edcio para a nutri\u00e7\u00e3o premium do seu felino!<br \/>\n.<br \/>\n.<br \/>\n.<br \/>\n.<br \/>\n.<br \/>\nCuidar da sa\u00fade do seu gato castrado nunca foi t\u00e3o f\u00e1cil e saboroso!<br \/>\nA Ra\u00e7\u00e3o RaguiFe Prime Gatos Adultos Castrados Salm\u00e3o 10,1kg \u00e9 a escolha ideal para quem busca nutri\u00e7\u00e3o completa e sabor irresist\u00edvel. Desenvolvida com ingredientes selecionados e rica em \u00f4mega 3 e 6, ela ajuda no controle de peso, promove a sa\u00fade urin\u00e1ria e garante uma pelagem macia e brilhante.<\/p>\n<p>Al\u00e9m disso, \u00e9 altamente digest\u00edvel, proporcionando uma melhor absor\u00e7\u00e3o de nutrientes e evitando desconfortos gastrointestinais. Seu gato merece o melhor cuidado com um sabor que ele ama!<\/p>\n","protected":false},"excerpt":{"rendered":"<p>Manter a sa\u00fade, o peso ideal e a vitalidade de gatos adultos castrados pode ser desafiador devido \u00e0s mudan\u00e7as no metabolismo e necessidades nutricionais espec\u00edficas. RAGUIFE PRIME RA\u00c7\u00c3O GATOS ADULTOS CASTRADOS SALM\u00c3O 10,1KG \u00e9 formulada para suprir todas as necessidades nutricionais dos gatos castrados, ajudando a controlar o peso, proteger a sa\u00fade urin\u00e1ria e manter [&hellip;]<\/p>\n","protected":false},"featured_media":587,"comment_status":"open","ping_status":"closed","template":"","meta":[],"product_brand":[],"product_cat":[83,72],"product_tag":[],"class_list":{"0":"post-586","1":"product","2":"type-product","3":"status-publish","4":"has-post-thumbnail","6":"product_cat-gatos-castrado","7":"product_cat-racoes-gatos","9":"first","10":"instock","11":"shipping-taxable","12":"purchasable","13":"product-type-simple"},"_links":{"self":[{"href":"https:\/\/cersulpetshop.com.br\/produtos\/index.php?rest_route=\/wp\/v2\/product\/586","targetHints":{"allow":["GET"]}}],"collection":[{"href":"https:\/\/cersulpetshop.com.br\/produtos\/index.php?rest_route=\/wp\/v2\/product"}],"about":[{"href":"https:\/\/cersulpetshop.com.br\/produtos\/index.php?rest_route=\/wp\/v2\/types\/product"}],"replies":[{"embeddable":true,"href":"https:\/\/cersulpetshop.com.br\/produtos\/index.php?rest_route=%2Fwp%2Fv2%2Fcomments&post=586"}],"wp:featuredmedia":[{"embeddable":true,"href":"https:\/\/cersulpetshop.com.br\/produtos\/index.php?rest_route=\/wp\/v2\/media\/587"}],"wp:attachment":[{"href":"https:\/\/cersulpetshop.com.br\/produtos\/index.php?rest_route=%2Fwp%2Fv2%2Fmedia&parent=586"}],"wp:term":[{"taxonomy":"product_brand","embeddable":true,"href":"https:\/\/cersulpetshop.com.br\/produtos\/index.php?rest_route=%2Fwp%2Fv2%2Fproduct_brand&post=586"},{"taxonomy":"product_cat","embeddable":true,"href":"https:\/\/cersulpetshop.com.br\/produtos\/index.php?rest_route=%2Fwp%2Fv2%2Fproduct_cat&post=586"},{"taxonomy":"product_tag","embeddable":true,"href":"https:\/\/cersulpetshop.com.br\/produtos\/index.php?rest_route=%2Fwp%2Fv2%2Fproduct_tag&post=586"}],"curies":[{"name":"wp","href":"https:\/\/api.w.org\/{rel}","templated":true}]}}