{"id":588,"date":"2025-07-14T13:21:59","date_gmt":"2025-07-14T16:21:59","guid":{"rendered":"https:\/\/cersulpetshop.com.br\/produtos\/?post_type=product&#038;p=588"},"modified":"2025-07-14T13:22:00","modified_gmt":"2025-07-14T16:22:00","slug":"racao-premier-frango-gatos-castrados-15kg","status":"publish","type":"product","link":"https:\/\/cersulpetshop.com.br\/produtos\/?product=racao-premier-frango-gatos-castrados-15kg","title":{"rendered":"RA\u00c7\u00c3O PREMIER FRANGO GATOS CASTRADOS 1,5KG"},"content":{"rendered":"<p>PremieR\u00ae Gatos Castrados 6 meses a 6 anos \u2013 Frango \u00e9 um alimento Super Premium que faz parte da linha PremieR\u00ae Gatos Castrados, uma linha de alimentos especialmente desenvolvida para garantir o m\u00e1ximo em sa\u00fade e vitalidade aos gatos atrav\u00e9s de cuidados nutricionais espec\u00edficos p\u00f3s castra\u00e7\u00e3o. Com foco em promover a manuten\u00e7\u00e3o do peso ideal e a sa\u00fade do trato urin\u00e1rio nos gatos castrados, estes alimentos apresentam-se divididos por faixa et\u00e1ria, j\u00e1 que tanto o peso quanto a incid\u00eancia dos c\u00e1lculos urin\u00e1rios varia em fun\u00e7\u00e3o da idade. Esta forma de apresenta\u00e7\u00e3o garante alta precis\u00e3o nos benef\u00edcios oferecidos e permite agregar cuidados gerais inerentes a cada fase da vida. Al\u00e9m disso, a combina\u00e7\u00e3o de ingredientes especiais com o alto aproveitamento dos nutrientes reduz o odor e volume das fezes minimizando poss\u00edveis inconvenientes de uma vida dentro de casa, facilitando o conv\u00edvio entre o dono e seu gato.<\/p>\n","protected":false},"excerpt":{"rendered":"<p>PremieR\u00ae Gatos Castrados 6 meses a 6 anos \u2013 Frango \u00e9 um alimento Super Premium que faz parte da linha PremieR\u00ae Gatos Castrados, uma linha de alimentos especialmente desenvolvida para garantir o m\u00e1ximo em sa\u00fade e vitalidade aos gatos atrav\u00e9s de cuidados nutricionais espec\u00edficos p\u00f3s castra\u00e7\u00e3o. Com foco em promover a manuten\u00e7\u00e3o do peso ideal [&hellip;]<\/p>\n","protected":false},"featured_media":589,"comment_status":"open","ping_status":"closed","template":"","meta":[],"product_brand":[],"product_cat":[83,72],"product_tag":[],"class_list":{"0":"post-588","1":"product","2":"type-product","3":"status-publish","4":"has-post-thumbnail","6":"product_cat-gatos-castrado","7":"product_cat-racoes-gatos","9":"first","10":"instock","11":"shipping-taxable","12":"purchasable","13":"product-type-simple"},"_links":{"self":[{"href":"https:\/\/cersulpetshop.com.br\/produtos\/index.php?rest_route=\/wp\/v2\/product\/588","targetHints":{"allow":["GET"]}}],"collection":[{"href":"https:\/\/cersulpetshop.com.br\/produtos\/index.php?rest_route=\/wp\/v2\/product"}],"about":[{"href":"https:\/\/cersulpetshop.com.br\/produtos\/index.php?rest_route=\/wp\/v2\/types\/product"}],"replies":[{"embeddable":true,"href":"https:\/\/cersulpetshop.com.br\/produtos\/index.php?rest_route=%2Fwp%2Fv2%2Fcomments&post=588"}],"wp:featuredmedia":[{"embeddable":true,"href":"https:\/\/cersulpetshop.com.br\/produtos\/index.php?rest_route=\/wp\/v2\/media\/589"}],"wp:attachment":[{"href":"https:\/\/cersulpetshop.com.br\/produtos\/index.php?rest_route=%2Fwp%2Fv2%2Fmedia&parent=588"}],"wp:term":[{"taxonomy":"product_brand","embeddable":true,"href":"https:\/\/cersulpetshop.com.br\/produtos\/index.php?rest_route=%2Fwp%2Fv2%2Fproduct_brand&post=588"},{"taxonomy":"product_cat","embeddable":true,"href":"https:\/\/cersulpetshop.com.br\/produtos\/index.php?rest_route=%2Fwp%2Fv2%2Fproduct_cat&post=588"},{"taxonomy":"product_tag","embeddable":true,"href":"https:\/\/cersulpetshop.com.br\/produtos\/index.php?rest_route=%2Fwp%2Fv2%2Fproduct_tag&post=588"}],"curies":[{"name":"wp","href":"https:\/\/api.w.org\/{rel}","templated":true}]}}